{"id":12,"date":"2021-05-13T12:20:50","date_gmt":"2021-05-13T10:20:50","guid":{"rendered":"https:\/\/erasmusfugger.eu\/?page_id=12"},"modified":"2026-02-04T18:31:37","modified_gmt":"2026-02-04T17:31:37","slug":"kontakt","status":"publish","type":"page","link":"https:\/\/erasmusfugger.eu\/de\/kontakt\/","title":{"rendered":"Kontakt"},"content":{"rendered":"<p>F\u00fcr weitergehende Informationen kontaktieren Sie bitte die entsprechende Schule:&nbsp;<\/p>\n<h3>Jakob-Fugger-Gymnasium<\/h3>\n<p>Kriemhildenstra\u00dfe 5, 86152 Augsburg<br \/>\nTelefon: +49 821 324 18452<br \/>\nE-Mail: <a href=\"mailto:jfg.stadt@augsburg.de\">jfg.stadt@augsburg.de<\/a><br \/>\nHomepage: <a href=\"https:\/\/jakob-fugger-gymnasium.de\/\" target=\"_blank\" rel=\"noopener\">Jakob Fugger Gymnasium<\/a><\/p>\n<h3>Z\u00e1kladn\u00e1 \u0160kola, Moskovsk\u00e1 2, Bansk\u00e1 Bystrica<\/h3>\n<p>Moskovsk\u00e1 2, 97404 Bansk\u00e1 Bystrica<br \/>\nTelefon: +421 048 423 18 34<br \/>\nE-Mail: <a href=\"mailto:riaditel@zsmosbb.eu\">riaditel@zsmosbb.eu<\/a>, <a href=\"mailto:tajomnik@zsmosbb.eu\">tajomnik@zsmosbb.eu<\/a><br \/>\nHomepage: <a href=\"https:\/\/zsmoskovska.edupage.org\/\" target=\"_blank\" rel=\"noopener\">Z\u00e1kladn\u00e1 \u0161kola, Moskovsk\u00e1 2<\/a><\/p>\n<h3>Oberschulzentrum Sterzing &#8222;Michael Gaismaier&#8220;, Sterzing<\/h3>\n<p>Kanonikus-Michael-Gamper-Platz 2, 39049 Sterzing<br \/>\nwebsite: <a href=\"https:\/\/www.oberschulzentrum-sterzing.eu\/\">Oberschulzentrum Sterzing<\/a><\/p>\n<h3>Onze-Lieve-Vrouwecollege Plus, Antwerp<\/h3>\n<p>Frankrijklei 91, 2000 Antwerpen<br \/>\nTelefon: +32 3 232 88 28<br \/>\nE-Mail: <a href=\"mailto:info@olvcplus.be\">info@olvcplus.be <\/a><br \/>\nHomepage: <a href=\"https:\/\/www.olvcplus.be\/\" target=\"_blank\" rel=\"noopener\">Onze-Lieve-Vrouwecollege Plus<\/a><\/p>\n<h3>Instututo de Educaci\u00f3n Secundaria Pablo Ruiz Picasso, Almad\u00e9n<\/h3>\n<p>Avenida de Espa\u00f1a, 68, 13400 Almad\u00e9n (Ciudad Real)<br \/>\nTelefon: +34 926710256<br \/>\nE-Mail: <a href=\"mailto:13000372.ies@edu.jccm.es\">13000372.ies@edu.jccm.es<\/a><br \/>\nHomepage: <a href=\"http:\/\/ies-prpicasso.centros.castillalamancha.es\/\" target=\"_blank\" rel=\"noopener\">IES Pablo Ruiz Picasso<\/a><\/p>\n","protected":false},"excerpt":{"rendered":"<p>F\u00fcr weitergehende Informationen kontaktieren Sie bitte die entsprechende Schule:&nbsp; Jakob-Fugger-Gymnasium Kriemhildenstra\u00dfe 5, 86152 Augsburg Telefon: +49 821 324 18452 E-Mail: jfg.stadt@augsburg.de Homepage: Jakob Fugger Gymnasium Z\u00e1kladn\u00e1 \u0160kola, Moskovsk\u00e1 2, Bansk\u00e1 Bystrica Moskovsk\u00e1 2, 97404 Bansk\u00e1 Bystrica Telefon: +421 048 423 18 34 E-Mail: riaditel@zsmosbb.eu, tajomnik@zsmosbb.eu Homepage: Z\u00e1kladn\u00e1 \u0161kola, Moskovsk\u00e1 2 Oberschulzentrum Sterzing &#8222;Michael Gaismaier&#8220;, Sterzing <a class=\"more-link\" href=\"https:\/\/erasmusfugger.eu\/de\/kontakt\/\">Read More &#8230;<\/a><\/p>\n","protected":false},"author":1,"featured_media":0,"parent":0,"menu_order":0,"comment_status":"closed","ping_status":"closed","template":"","meta":{"ngg_post_thumbnail":0,"pgc_sgb_lightbox_settings":"","footnotes":""},"class_list":["post-12","page","type-page","status-publish","hentry"],"translation":{"provider":"WPGlobus","version":"3.0.2","language":"de","enabled_languages":["en","de","es","nl","sk"],"languages":{"en":{"title":true,"content":true,"excerpt":false},"de":{"title":true,"content":true,"excerpt":false},"es":{"title":false,"content":false,"excerpt":false},"nl":{"title":true,"content":true,"excerpt":false},"sk":{"title":true,"content":true,"excerpt":false}}},"_links":{"self":[{"href":"https:\/\/erasmusfugger.eu\/de\/wp-json\/wp\/v2\/pages\/12","targetHints":{"allow":["GET"]}}],"collection":[{"href":"https:\/\/erasmusfugger.eu\/de\/wp-json\/wp\/v2\/pages"}],"about":[{"href":"https:\/\/erasmusfugger.eu\/de\/wp-json\/wp\/v2\/types\/page"}],"author":[{"embeddable":true,"href":"https:\/\/erasmusfugger.eu\/de\/wp-json\/wp\/v2\/users\/1"}],"replies":[{"embeddable":true,"href":"https:\/\/erasmusfugger.eu\/de\/wp-json\/wp\/v2\/comments?post=12"}],"version-history":[{"count":10,"href":"https:\/\/erasmusfugger.eu\/de\/wp-json\/wp\/v2\/pages\/12\/revisions"}],"predecessor-version":[{"id":6808,"href":"https:\/\/erasmusfugger.eu\/de\/wp-json\/wp\/v2\/pages\/12\/revisions\/6808"}],"wp:attachment":[{"href":"https:\/\/erasmusfugger.eu\/de\/wp-json\/wp\/v2\/media?parent=12"}],"curies":[{"name":"wp","href":"https:\/\/api.w.org\/{rel}","templated":true}]}}