{"id":183,"date":"2021-05-16T17:08:20","date_gmt":"2021-05-16T15:08:20","guid":{"rendered":"https:\/\/erasmusfugger.eu\/?page_id=183"},"modified":"2025-05-09T18:20:32","modified_gmt":"2025-05-09T16:20:32","slug":"activities","status":"publish","type":"page","link":"https:\/\/erasmusfugger.eu\/de\/activities\/","title":{"rendered":"Aktivit\u00e4ten"},"content":{"rendered":"<p>Hier finden Sie einen Zeitstrahl unserer gemeinsamen Projektaktivit\u00e4ten!<\/p>\n\t\t\t<!-- Cool Timeline Free V3.3.0 -->\n\t\t\t<div class=\"ctl-wrapper\" role=\"region\" aria-label=\"Timeline\">\n\t\t\t\t\t\t\t\t<div id=\"cool_timeline_1\" class=\"cool-timeline-wrapper ctl-both-sided ctl-vertical-wrapper\" >\n\t\t\t\t\t<div class=\"ctl-start\"><\/div>\n\t\t\t\t\t<!-- Timeline Container -->\n\t\t\t\t\t<div class=\"ctl-timeline ctl-timeline-container\" data-animation=\"fade-up\">\n\t\t\t\t\t\t<!-- Center Line -->\n\t\t\t\t\t\t<div class=\"ctl-inner-line\" role=\"presentation\"><\/div>\n\t\t\t\t\t\t\t\t\t\t\t\t<!-- Story Year Section --><div data-cls=\"sc-nv-light vertical\" class=\"timeline-year scrollable-section ctl-year ctl-year-container light-year\" data-section-title=\"2023\" id=\"year-2023\"><div class=\"ctl-year-label ctl-year-text\"><span>2023<\/span><\/div><\/div><!-- Timeline Content --><div  id=\"ctl-story-4927\" class=\"ctl-story ctl-story-icon odd ctl-story-right\" data-aos=\"fade-up\"   data-story-index=\"1\" role=\"article\"><!-- Story Date --><div class=\"ctl-labels\"><div class=\"ctl-label-big story-date\">11\/06\/2023<\/div><\/div><!-- Story Icon --><div class=\"ctl-icon\"><i class=\"fa fa-clock-o\" aria-hidden=\"true\"><\/i><\/div> <!-- Story Arrow --><div class=\"ctl-arrow\"><\/div><!-- Story Content --><div class=\"ctl-content\"><!-- Story Title --><div class=\"ctl-title story-4927\" aria-label=\"2\"><a target=\"_self\" title=\"Student mobility in Bansk\u00e1 Bystrica\" href=\"https:\/\/erasmusfugger.eu\/de\/cool_timeline\/student-mobility-in-banska-bystrica\/\" class=\"story-link\">Student mobility in Bansk\u00e1 Bystrica<\/a><\/div><!-- Story Description --><div class=\"ctl-description\"><p>Vom 13. bis 20. Mai 2023 kamen Sch\u00fcler der Partnerschulen aus Spanien, Italien, Belgien und Deutschland zur letzten Projektwoche im Rahmen des Erasmus+ Projekts nach Bansk\u00e1 Bystrica. Klicken Sie <a href=\"https:\/\/erasmusfugger.eu\/de\/2023\/05\/13\/student-mobility-in-banska-bystrica-may-2023\/\">hier<\/a> f\u00fcr den <a href=\"https:\/\/erasmusfugger.eu\/de\/2023\/05\/13\/student-mobility-in-banska-bystrica-may-2023\/\">Abschlussbericht<\/a> und die Bildergalerien.<\/p>\n<\/div><\/div><\/div><!-- Timeline Content --><div  id=\"ctl-story-4157\" class=\"ctl-story ctl-story-icon even ctl-story-left\" data-aos=\"fade-up\"   data-story-index=\"2\" role=\"article\"><!-- Story Date --><div class=\"ctl-labels\"><div class=\"ctl-label-big story-date\">04\/03\/2023<\/div><\/div><!-- Story Icon --><div class=\"ctl-icon\"><i class= \"fa fas fa-user-friends\" aria-hidden =\"true\"><\/i><\/div> <!-- Story Arrow --><div class=\"ctl-arrow\"><\/div><!-- Story Content --><div class=\"ctl-content\"><!-- Story Title --><div class=\"ctl-title story-4157\" aria-label=\"2\"><a target=\"_self\" title=\"Sch\u00fclermobilit\u00e4t Antwerpen\" href=\"https:\/\/erasmusfugger.eu\/de\/cool_timeline\/4th-student-mobility-in-antwerp\/\" class=\"story-link\">Sch\u00fclermobilit\u00e4t Antwerpen<\/a><\/div><!-- Story Description --><div class=\"ctl-description\"><p>Vom 04.03. bis 11.03.2023 kamen Sch\u00fcler der Partnerschulen aus Spanien, Italien, der Slowakei und Deutschland zur vierten Projektwoche im Rahmen des Erasmus+ Projekts nach Antwerpen. Klicken Sie <a href=\"https:\/\/erasmusfugger.eu\/de\/2023\/03\/11\/student-mobility-in-antwerpen-march-2023\/\" target=\"_blank\" rel=\"noopener\">hier<\/a> f\u00fcr den <a href=\"https:\/\/erasmusfugger.eu\/de\/2023\/03\/11\/student-mobility-in-antwerpen-march-2023\/\" target=\"_blank\" rel=\"noopener\">Bericht<\/a> und viele weitere Informationen.<\/p>\n<\/div><\/div><\/div><!-- Story Year Section --><div data-cls=\"sc-nv-light vertical\" class=\"timeline-year scrollable-section ctl-year ctl-year-container light-year\" data-section-title=\"2022\" id=\"year-2022\"><div class=\"ctl-year-label ctl-year-text\"><span>2022<\/span><\/div><\/div><!-- Timeline Content --><div  id=\"ctl-story-4154\" class=\"ctl-story ctl-story-icon odd ctl-story-right\" data-aos=\"fade-up\"   data-story-index=\"3\" role=\"article\"><!-- Story Date --><div class=\"ctl-labels\"><div class=\"ctl-label-big story-date\">20\/12\/2022<\/div><\/div><!-- Story Icon --><div class=\"ctl-icon\"><i class= \"fa fas fa-tree\" aria-hidden =\"true\"><\/i><\/div> <!-- Story Arrow --><div class=\"ctl-arrow\"><\/div><!-- Story Content --><div class=\"ctl-content\"><!-- Story Title --><div class=\"ctl-title story-4154\" aria-label=\"2\"><a target=\"_self\" title=\"Weihnachten 2022\" href=\"https:\/\/erasmusfugger.eu\/de\/cool_timeline\/christmas-activities-2022\/\" class=\"story-link\">Weihnachten 2022<\/a><\/div><!-- Story Description --><div class=\"ctl-description\"><p>Online-Weihnachtstreffen von Lernenden und Lehrkr\u00e4ften am Dienstag, den 20. Dezember 2022, auf dem virtuellen Weihnachtsmarkt mit allen Partnerschulen, die an unserem Erasmus+ Projekt teilnehmen.<\/p>\n<p><a href=\"https:\/\/erasmusfugger.eu\/de\/2022\/12\/23\/christmas22\/\" target=\"_blank\" rel=\"noopener\">Bericht \u00fcber die Weihnachtsaktivit\u00e4ten 2022<\/a><\/p>\n<\/div><\/div><\/div><!-- Timeline Content --><div  id=\"ctl-story-2707\" class=\"ctl-story ctl-story-icon even ctl-story-left\" data-aos=\"fade-up\"   data-story-index=\"4\" role=\"article\"><!-- Story Date --><div class=\"ctl-labels\"><div class=\"ctl-label-big story-date\">08\/10\/2022<\/div><\/div><!-- Story Icon --><div class=\"ctl-icon\"><i class= \"fa fas fa-user-friends\" aria-hidden =\"true\"><\/i><\/div> <!-- Story Arrow --><div class=\"ctl-arrow\"><\/div><!-- Story Content --><div class=\"ctl-content\"><!-- Story Title --><div class=\"ctl-title story-2707\" aria-label=\"2\"><a target=\"_self\" title=\"Student mobility in Almad\u00e9n\" href=\"https:\/\/erasmusfugger.eu\/de\/cool_timeline\/student-mobility-in-almaden\/\" class=\"story-link\">Student mobility in Almad\u00e9n<\/a><\/div><!-- Story Description --><div class=\"ctl-description\"><p>Vom 08.10. bis 15.10.2022 kamen Sch\u00fclerinnen und Sch\u00fcler der Partnerschulen aus Belgien, Italien, der Slowakei und Deutschland zur dritten Projektwoche im Rahmen des Erasmus+ Projekts nach Almad\u00e9n. Klicken Sie hier f\u00fcr den <a href=\"https:\/\/erasmusfugger.eu\/de\/2022\/10\/15\/student-mobility-in-almaden\/\">Bericht<\/a> und viele weitere Informationen.<\/p>\n<\/div><\/div><\/div><!-- Timeline Content --><div  id=\"ctl-story-2483\" class=\"ctl-story ctl-story-icon odd ctl-story-right\" data-aos=\"fade-up\"   data-story-index=\"5\" role=\"article\"><!-- Story Date --><div class=\"ctl-labels\"><div class=\"ctl-label-big story-date\">17\/09\/2022<\/div><\/div><!-- Story Icon --><div class=\"ctl-icon\"><i class= \"fa fas fa-user-friends\" aria-hidden =\"true\"><\/i><\/div> <!-- Story Arrow --><div class=\"ctl-arrow\"><\/div><!-- Story Content --><div class=\"ctl-content\"><!-- Story Title --><div class=\"ctl-title story-2483\" aria-label=\"2\"><a target=\"_self\" title=\"Sch\u00fclermobilit\u00e4t Sterzing\" href=\"https:\/\/erasmusfugger.eu\/de\/cool_timeline\/student-mobility-in-sterzing\/\" class=\"story-link\">Sch\u00fclermobilit\u00e4t Sterzing<\/a><\/div><!-- Story Description --><div class=\"ctl-description\"><p>Vom 17.09. bis 23.09.2022 kamen Sch\u00fclerInnen der Partnerschulen aus Belgien, Spanien, der Slowakei und Deutschland zur zweiten Projektwoche im Rahmen des Erasmus+ Projekts nach Sterzing. Hier geht&#8217;s zum <a href=\"https:\/\/erasmusfugger.eu\/de\/2022\/10\/09\/sterzing-22\/\">Bericht<\/a> und vielen weiteren Informationen.<\/p>\n<\/div><\/div><\/div><!-- Timeline Content --><div  id=\"ctl-story-1774\" class=\"ctl-story ctl-story-icon even ctl-story-left\" data-aos=\"fade-up\"   data-story-index=\"6\" role=\"article\"><!-- Story Date --><div class=\"ctl-labels\"><div class=\"ctl-label-big story-date\">28\/05\/2022<\/div><\/div><!-- Story Icon --><div class=\"ctl-icon\"><i class= \"fa fas fa-user-graduate\" aria-hidden =\"true\"><\/i><\/div> <!-- Story Arrow --><div class=\"ctl-arrow\"><\/div><!-- Story Content --><div class=\"ctl-content\"><!-- Story Title --><div class=\"ctl-title story-1774\" aria-label=\"2\"><a target=\"_self\" title=\"Lehrerfortbildung in Bansk\u00e1 Bystrica\" href=\"https:\/\/erasmusfugger.eu\/de\/cool_timeline\/teachers-training-banska-bystrica-2022\/\" class=\"story-link\">Lehrerfortbildung in Bansk\u00e1 Bystrica<\/a><\/div><!-- Story Description --><div class=\"ctl-description\"><p>Die Lehrermobilit\u00e4t in Bansk\u00e1 Bystrica bot ein reichhaltiges Programm voller Weiterbildungskurse mit Experten, die den Einsatz neuer Technologien und innovativer Lehrmethoden f\u00f6rderten, die bei den Aktivit\u00e4ten der n\u00e4chsten Sch\u00fclermobilit\u00e4ten zum Einsatz kommen werden. Durch Exkursionen und F\u00fchrungen zu den Projektstandorten wurde das Wissen \u00fcber das Partnerland und den Inhalt des Projekts vertieft.<\/p>\n<p><a href=\"https:\/\/erasmusfugger.eu\/de\/2022\/06\/28\/second-teachers-meeting-in-banska-bystrica\/\" target=\"_blank\" rel=\"noopener\">Bericht \u00fcber die Lehrerfortbildung in Bansk\u00e1 Bystrica<\/a><\/p>\n<\/div><\/div><\/div><!-- Timeline Content --><div  id=\"ctl-story-1777\" class=\"ctl-story ctl-story-icon odd ctl-story-right\" data-aos=\"fade-up\"   data-story-index=\"7\" role=\"article\"><!-- Story Date --><div class=\"ctl-labels\"><div class=\"ctl-label-big story-date\">30\/04\/2022<\/div><\/div><!-- Story Icon --><div class=\"ctl-icon\"><i class= \"fa fas fa-user-friends\" aria-hidden =\"true\"><\/i><\/div> <!-- Story Arrow --><div class=\"ctl-arrow\"><\/div><!-- Story Content --><div class=\"ctl-content\"><!-- Story Title --><div class=\"ctl-title story-1777\" aria-label=\"2\"><a target=\"_self\" title=\"Sch\u00fclermobilit\u00e4t Augsburg\" href=\"https:\/\/erasmusfugger.eu\/de\/cool_timeline\/student-mobility-augsburg-2022\/\" class=\"story-link\">Sch\u00fclermobilit\u00e4t Augsburg<\/a><\/div><!-- Story Description --><div class=\"ctl-description\"><p>Vom 30.4-7.5.2022 war es endlich so weit. Nach mehr als anderthalb Jahren Wartezeit wegen Corona kamen die Sch\u00fclerinnen und Sch\u00fcler der Partnerschulen aus Belgien, Spanien, der Slowakei und Italien endlich nach Augsburg zur Auftaktprojektwoche im Rahmen des Erasmus+ Projekts.<\/p>\n<p><a href=\"https:\/\/erasmusfugger.eu\/de\/2022\/05\/15\/student-mobility-in-augsburg-2022\/\" target=\"_blank\" rel=\"noopener\">Bericht \u00fcber die Projektwoche in Augsburg<\/a><\/p>\n<\/div><\/div><\/div><!-- Story Year Section --><div data-cls=\"sc-nv-light vertical\" class=\"timeline-year scrollable-section ctl-year ctl-year-container light-year\" data-section-title=\"2021\" id=\"year-2021\"><div class=\"ctl-year-label ctl-year-text\"><span>2021<\/span><\/div><\/div><!-- Timeline Content --><div  id=\"ctl-story-1600\" class=\"ctl-story ctl-story-icon even ctl-story-left\" data-aos=\"fade-up\"   data-story-index=\"8\" role=\"article\"><!-- Story Date --><div class=\"ctl-labels\"><div class=\"ctl-label-big story-date\">17\/12\/2021<\/div><\/div><!-- Story Icon --><div class=\"ctl-icon\"><i class= \"fa fas fa-tree\" aria-hidden =\"true\"><\/i><\/div> <!-- Story Arrow --><div class=\"ctl-arrow\"><\/div><!-- Story Content --><div class=\"ctl-content\"><!-- Story Title --><div class=\"ctl-title story-1600\" aria-label=\"2\"><a target=\"_self\" title=\"Weihnachtsvideokonferenz\" href=\"https:\/\/erasmusfugger.eu\/de\/cool_timeline\/christmas-video-conference\/\" class=\"story-link\">Weihnachtsvideokonferenz<\/a><\/div><!-- Story Description --><div class=\"ctl-description\"><p>Online-Weihnachtstreffen von Sch\u00fclern und Lehrern am Freitag, den 17. Dezember 2021 in allen Partnerschulen, die an unserem Erasmus+ Projekt teilnehmen.<\/p>\n<p><a href=\"https:\/\/erasmusfugger.eu\/de\/2022\/01\/02\/christmas-video-conference\/\" target=\"_blank\" rel=\"noopener\">Bericht \u00fcber die Videokonferenz<\/a>&nbsp;<\/p>\n<\/div><\/div><\/div><!-- Timeline Content --><div  id=\"ctl-story-1515\" class=\"ctl-story ctl-story-icon odd ctl-story-right\" data-aos=\"fade-up\"   data-story-index=\"9\" role=\"article\"><!-- Story Date --><div class=\"ctl-labels\"><div class=\"ctl-label-big story-date\">06\/10\/2021<\/div><\/div><!-- Story Icon --><div class=\"ctl-icon\"><i class= \"fa fas fa-user-graduate\" aria-hidden =\"true\"><\/i><\/div> <!-- Story Arrow --><div class=\"ctl-arrow\"><\/div><!-- Story Content --><div class=\"ctl-content\"><!-- Story Title --><div class=\"ctl-title story-1515\" aria-label=\"2\"><a target=\"_self\" title=\"Teachers training Almad\u00e9n\" href=\"https:\/\/erasmusfugger.eu\/de\/cool_timeline\/teachers-training-almaden-2021\/\" class=\"story-link\">Teachers training Almad\u00e9n<\/a><\/div><!-- Story Description --><div class=\"ctl-description\"><p>Das Projektteam traf sich vom 6. bis 10. Oktober 2021 in der spanischen Stadt Almad\u00e9n zur ersten Lehrerfortbildung. Lehrkr\u00e4fte aus Belgien, Deutschland, Italien und der Slowakei wurden von ihrer spanischen Partnerschule, der I.E.S. Pablo Ruiz Picasso, empfangen.&nbsp;&nbsp;<\/p>\n<p><a href=\"https:\/\/erasmusfugger.eu\/de\/2021\/10\/25\/1st-staff-mobility-in-almaden-2021\/\" target=\"_blank\" rel=\"noopener\">Bericht \u00fcber TT Almad\u00e9n<\/a><\/p>\n<\/div><\/div><\/div><!-- Timeline Content --><div  id=\"ctl-story-207\" class=\"ctl-story ctl-story-icon even ctl-story-left\" data-aos=\"fade-up\"   data-story-index=\"10\" role=\"article\"><!-- Story Date --><div class=\"ctl-labels\"><div class=\"ctl-label-big story-date\">05\/05\/2021<\/div><\/div><!-- Story Icon --><div class=\"ctl-icon\"><i class= \"fa fas fa-map-signs\" aria-hidden =\"true\"><\/i><\/div> <!-- Story Arrow --><div class=\"ctl-arrow\"><\/div><!-- Story Content --><div class=\"ctl-content\"><!-- Story Title --><div class=\"ctl-title story-207\" aria-label=\"2\"><a target=\"_self\" title=\"Europa Tag 2021\" href=\"https:\/\/erasmusfugger.eu\/de\/cool_timeline\/european-day\/\" class=\"story-link\">Europa Tag 2021<\/a><\/div><!-- Story Description --><div class=\"ctl-description\"><p>Im Rahmen des Europatages 2021 organisierten die Partnerschulen individuelle Aktivit\u00e4ten, von der n\u00e4heren Besch\u00e4ftigung mit der Person Jakob Fuggers, \u00fcber einen&nbsp; Fotowettbewerb bis hin zu einer ganzen Projektwoche.<\/p>\n<p>Hier finden Sie die Berichte aus Almad\u00e9n, <a href=\"https:\/\/erasmusfugger.eu\/2021\/05\/06\/europe-day-in-antwerp\/\">Antwerpen<\/a>, <a href=\"https:\/\/erasmusfugger.eu\/de\/2021\/05\/08\/european-day-in-augsburg\/\">Augsburg<\/a>, <a href=\"https:\/\/erasmusfugger.eu\/2021\/05\/13\/project-week-in-banska-bystrica\/\">Bansk\u00e1 Bystrica<\/a> und <a href=\"https:\/\/erasmusfugger.eu\/de\/2021\/05\/05\/europe-day-in-italy\/\">Sterzing<\/a>.<\/p>\n<\/div><\/div><\/div><!-- Timeline Content --><div  id=\"ctl-story-230\" class=\"ctl-story ctl-story-icon odd ctl-story-right\" data-aos=\"fade-up\"   data-story-index=\"11\" role=\"article\"><!-- Story Date --><div class=\"ctl-labels\"><div class=\"ctl-label-big story-date\">03\/05\/2021<\/div><\/div><!-- Story Icon --><div class=\"ctl-icon\"><i class= \"fa fas fa-question\" aria-hidden =\"true\"><\/i><\/div> <!-- Story Arrow --><div class=\"ctl-arrow\"><\/div><!-- Story Content --><div class=\"ctl-content\"><!-- Story Title --><div class=\"ctl-title story-230\" aria-label=\"2\"><a target=\"_self\" title=\"Fragebogen\" href=\"https:\/\/erasmusfugger.eu\/de\/cool_timeline\/questionnaire\/\" class=\"story-link\">Fragebogen<\/a><\/div><!-- Story Description --><div class=\"ctl-description\"><p>Die mehrsprachige Online-Umfrage zu &#8222;Jakob Fugger&#8220; in den verschiedenen St\u00e4dten \u00fcber Namensbekanntheit, historische Person, seine Verdienste f\u00fcr die Stadt wurde gestartet.<\/p>\n<p><a href=\"https:\/\/erasmusfugger.eu\/de\/2021\/05\/03\/questionnaire-about-jakob-fugger\/\">Fragebogen zu Jakob Fugger<\/a><\/p>\n<\/div><\/div><\/div><!-- Timeline Content --><div  id=\"ctl-story-188\" class=\"ctl-story ctl-story-icon even ctl-story-left\" data-aos=\"fade-up\"   data-story-index=\"12\" role=\"article\"><!-- Story Date --><div class=\"ctl-labels\"><div class=\"ctl-label-big story-date\">09\/02\/2021<\/div><\/div><!-- Story Icon --><div class=\"ctl-icon\"><i class= \"fa fas fa-network-wired\" aria-hidden =\"true\"><\/i><\/div> <!-- Story Arrow --><div class=\"ctl-arrow\"><\/div><!-- Story Content --><div class=\"ctl-content\"><!-- Story Title --><div class=\"ctl-title story-188\" aria-label=\"2\"><a target=\"_self\" title=\"Safer Internet Day\" href=\"https:\/\/erasmusfugger.eu\/de\/cool_timeline\/safer-internet-day\/\" class=\"story-link\">Safer Internet Day<\/a><\/div><!-- Story Description --><div class=\"ctl-description\"><p>Am Safer Internet Day 2021 wurden multinationale Workshops zu den folgenden Themen organisiert:<\/p>\n<ul>\n<li>Wie verhalte ich mich richtig in sozialen Medien (#netiquette)?<\/li>\n<li>Wie entdecke ich #fakenews?<\/li>\n<li>Hat sich meine Social-Media-Nutzung durch die Corona-Pandemie ver\u00e4ndert?<\/li>\n<li>Welche Rolle spielen Influencer?<\/li>\n<\/ul>\n<p>Die Sch\u00fcler nahmen per Videokonferenz an den Workshops der Partnerschulen teil, so dass jeder Teilnehmer zumindest eine erste virtuelle Reise nach Europa unternehmen konnte.<\/p>\n<p>Hier finden Sie die Berichte aus Almad\u00e9n, <a href=\"https:\/\/erasmusfugger.eu\/2021\/02\/09\/safer-internet-day-2021-belgian-workshop\/\">Antwerpen<\/a>, <a href=\"https:\/\/erasmusfugger.eu\/de\/2021\/05\/17\/safer-internet-day-2021-german-workshop\/\">Augsburg<\/a>, <a href=\"https:\/\/erasmusfugger.eu\/2021\/02\/09\/safer-internet-day-2021-slovakian-workshop\/\">Bansk\u00e1 Bystrica<\/a> und <a href=\"https:\/\/erasmusfugger.eu\/de\/2021\/02\/09\/safer-internet-day-italian-workshop\/\">Sterzing<\/a>.<\/p>\n<\/div><\/div><\/div><!-- Timeline Content --><div  id=\"ctl-story-316\" class=\"ctl-story ctl-story-icon odd ctl-story-right\" data-aos=\"fade-up\"   data-story-index=\"13\" role=\"article\"><!-- Story Date --><div class=\"ctl-labels\"><div class=\"ctl-label-big story-date\">15\/01\/2021<\/div><\/div><!-- Story Icon --><div class=\"ctl-icon\"><i class= \"fa fas fa-info-circle\" aria-hidden =\"true\"><\/i><\/div> <!-- Story Arrow --><div class=\"ctl-arrow\"><\/div><!-- Story Content --><div class=\"ctl-content\"><!-- Story Title --><div class=\"ctl-title story-316\" aria-label=\"2\"><a target=\"_self\" title=\"Logo-Wettbewerb\" href=\"https:\/\/erasmusfugger.eu\/de\/cool_timeline\/logo-competition\/\" class=\"story-link\">Logo-Wettbewerb<\/a><\/div><!-- Story Description --><div class=\"ctl-description\"><p>Die teilnehmenden Sch\u00fcler der f\u00fcnf Schulen wurden w\u00e4hrend des Kickoff-Meetings in die wichtigsten Projektziele eingef\u00fchrt. Die erste Aktivit\u00e4t war der Entwurf des gemeinsamen Projektlogos, um den Teamgeist und die Identifikation zu f\u00f6rdern. Wettbewerbsbeitr\u00e4ge konnten bis zum 15. Januar 2021 eingereicht werden.<\/p>\n<p><a href=\"https:\/\/erasmusfugger.eu\/de\/2021\/01\/17\/results-of-the-logo-competition\/\">Erste Ergebnisse des Logo-Wettbewerbs<\/a><\/p>\n<\/div><\/div><\/div><!-- Story Year Section --><div data-cls=\"sc-nv-light vertical\" class=\"timeline-year scrollable-section ctl-year ctl-year-container light-year\" data-section-title=\"2020\" id=\"year-2020\"><div class=\"ctl-year-label ctl-year-text\"><span>2020<\/span><\/div><\/div><!-- Timeline Content --><div  id=\"ctl-story-620\" class=\"ctl-story ctl-story-icon even ctl-story-left\" data-aos=\"fade-up\"   data-story-index=\"14\" role=\"article\"><!-- Story Date --><div class=\"ctl-labels\"><div class=\"ctl-label-big story-date\">24\/12\/2020<\/div><\/div><!-- Story Icon --><div class=\"ctl-icon\"><i class= \"fa fas fa-tree\" aria-hidden =\"true\"><\/i><\/div> <!-- Story Arrow --><div class=\"ctl-arrow\"><\/div><!-- Story Content --><div class=\"ctl-content\"><!-- Story Title --><div class=\"ctl-title story-620\" aria-label=\"2\"><a target=\"_self\" title=\"Weihnachtskarten 2020\" href=\"https:\/\/erasmusfugger.eu\/de\/cool_timeline\/christmas-cards-2021\/\" class=\"story-link\">Weihnachtskarten 2020<\/a><\/div><!-- Story Description --><div class=\"ctl-description\"><p>Versand von Weihnachtskarten aus &#8222;echtem Papier&#8220; nach einer v\u00f6llig zuf\u00e4lligen Zuordnung von Sch\u00fcler*innen und Lehrkr\u00e4ften der verschiedenen Schulen.<\/p>\n<\/div><\/div><\/div><!-- Timeline Content --><div  id=\"ctl-story-182\" class=\"ctl-story ctl-story-icon odd ctl-story-right\" data-aos=\"fade-up\"   data-story-index=\"15\" role=\"article\"><!-- Story Date --><div class=\"ctl-labels\"><div class=\"ctl-label-big story-date\">15\/12\/2020<\/div><\/div><!-- Story Icon --><div class=\"ctl-icon\"><i class= \"fa fas fa-school\" aria-hidden =\"true\"><\/i><\/div> <!-- Story Arrow --><div class=\"ctl-arrow\"><\/div><!-- Story Content --><div class=\"ctl-content\"><!-- Story Title --><div class=\"ctl-title story-182\" aria-label=\"2\"><a target=\"_self\" title=\"Kick-Off-Meeting\" href=\"https:\/\/erasmusfugger.eu\/de\/cool_timeline\/kick-off-meeting\/\" class=\"story-link\">Kick-Off-Meeting<\/a><\/div><!-- Story Description --><div class=\"ctl-description\"><p>Virtuelles Kick-Off-Meeting mit Pr\u00e4sentationen der Partnerschulen aus Sterzing, Bansk\u00e1 Bystrica, Antwerpen, Augsburg und Almad\u00e9n. Dar\u00fcber hinaus gab es Gru\u00dfworte von:<\/p>\n<ul>\n<li>S.E. Alexander Erbgraf Fugger-Babenhausen<\/li>\n<li>Stanislav Manca (Filmregisseur &#8222;Die Reisen des Kupfers&#8220;)<\/li>\n<li>Wiebke Schreier (Fugger-Welser-Museum, Augsburg)<\/li>\n<li>Cristina Copado (Gr\u00fcnderin und Partnerin des Tourismusunternehmens ArteMina)<\/li>\n<\/ul>\n<p><a href=\"https:\/\/erasmusfugger.eu\/de\/2020\/12\/15\/kick-off-meeting\/\">Kick-off-Veranstaltung<\/a><\/p>\n<\/div><\/div><\/div><!-- Timeline Content --><div  id=\"ctl-story-235\" class=\"ctl-story ctl-story-icon even ctl-story-left\" data-aos=\"fade-up\"   data-story-index=\"16\" role=\"article\"><!-- Story Date --><div class=\"ctl-labels\"><div class=\"ctl-label-big story-date\">14\/08\/2020<\/div><\/div><!-- Story Icon --><div class=\"ctl-icon\"><i class= \"fa fas fa-file-contract\" aria-hidden =\"true\"><\/i><\/div> <!-- Story Arrow --><div class=\"ctl-arrow\"><\/div><!-- Story Content --><div class=\"ctl-content\"><!-- Story Title --><div class=\"ctl-title story-235\" aria-label=\"2\"><a target=\"_self\" title=\"Projektgenehmigung\" href=\"https:\/\/erasmusfugger.eu\/de\/cool_timeline\/project-accepted\/\" class=\"story-link\">Projektgenehmigung<\/a><\/div><!-- Story Description --><div class=\"ctl-description\"><p>Mehr als ein Jahr nach den ersten Entw\u00fcrfen, die beim Kick-Off-Meeting des Projekts &#8222;Europ\u00e4ische Fuggerstra\u00dfe&#8220; im Mai 2020 in Augsburg geplant wurden, wurde das Erasmus+ Projekt \u00fcber Jakob Fugger genehmigt.<\/p>\n<p><a href=\"https:\/\/erasmusfugger.eu\/de\/2020\/08\/14\/project_accepted\/\">Erasmus+ Projekt genehmigt<\/a><\/p>\n<\/div><\/div><\/div>\t\t\t\t\t<\/div>\n\t\t\t\t\t<div class=\"ctl-end\"><\/div>\n\t\t\t\t\t\t\t\t\t<\/div>\n\t\t\t<\/div>\n\t\t\t\n","protected":false},"excerpt":{"rendered":"<p>Hier finden Sie einen Zeitstrahl unserer gemeinsamen Projektaktivit\u00e4ten!<\/p>\n","protected":false},"author":1,"featured_media":0,"parent":0,"menu_order":0,"comment_status":"closed","ping_status":"closed","template":"","meta":{"ngg_post_thumbnail":0,"pgc_sgb_lightbox_settings":"","footnotes":""},"class_list":["post-183","page","type-page","status-publish","hentry"],"translation":{"provider":"WPGlobus","version":"3.0.2","language":"de","enabled_languages":["en","de","es","nl","sk"],"languages":{"en":{"title":true,"content":true,"excerpt":false},"de":{"title":true,"content":true,"excerpt":false},"es":{"title":true,"content":true,"excerpt":false},"nl":{"title":true,"content":true,"excerpt":false},"sk":{"title":true,"content":true,"excerpt":false}}},"_links":{"self":[{"href":"https:\/\/erasmusfugger.eu\/de\/wp-json\/wp\/v2\/pages\/183","targetHints":{"allow":["GET"]}}],"collection":[{"href":"https:\/\/erasmusfugger.eu\/de\/wp-json\/wp\/v2\/pages"}],"about":[{"href":"https:\/\/erasmusfugger.eu\/de\/wp-json\/wp\/v2\/types\/page"}],"author":[{"embeddable":true,"href":"https:\/\/erasmusfugger.eu\/de\/wp-json\/wp\/v2\/users\/1"}],"replies":[{"embeddable":true,"href":"https:\/\/erasmusfugger.eu\/de\/wp-json\/wp\/v2\/comments?post=183"}],"version-history":[{"count":10,"href":"https:\/\/erasmusfugger.eu\/de\/wp-json\/wp\/v2\/pages\/183\/revisions"}],"predecessor-version":[{"id":6274,"href":"https:\/\/erasmusfugger.eu\/de\/wp-json\/wp\/v2\/pages\/183\/revisions\/6274"}],"wp:attachment":[{"href":"https:\/\/erasmusfugger.eu\/de\/wp-json\/wp\/v2\/media?parent=183"}],"curies":[{"name":"wp","href":"https:\/\/api.w.org\/{rel}","templated":true}]}}