{"id":1860,"date":"2022-08-07T20:45:18","date_gmt":"2022-08-07T18:45:18","guid":{"rendered":"https:\/\/erasmusfugger.eu\/?page_id=1860"},"modified":"2025-05-09T20:40:46","modified_gmt":"2025-05-09T18:40:46","slug":"project-summary","status":"publish","type":"page","link":"https:\/\/erasmusfugger.eu\/de\/project-summary\/","title":{"rendered":"Projektzusammenfassung"},"content":{"rendered":"<p><!-- \/wp:post-content --><\/p>\r\n<p><!-- wp:heading {\"level\":4} --><\/p>\r\n<h4>Kontext und Hintergrund<\/h4>\r\n<p><!-- \/wp:heading --><\/p>\r\n<p><!-- wp:paragraph --><\/p>\r\n<p>In den vergangenen Jahrzehnten ist der weltweite Handel zu einem der wichtigsten Themen in allen europ\u00e4ischen L\u00e4ndern geworden. Der uneingeschr\u00e4nkte gesamteurop\u00e4ische Handel ohne Besteuerung und W\u00e4hrungsrisiken ist eines der Erfolgsmodelle der Europ\u00e4ischen Union. Der Grundstein daf\u00fcr wurde jedoch bereits in den fr\u00fchen Jahrhunderten mit der ersten europ\u00e4ischen Handelsstra\u00dfe, der Fuggerstra\u00dfe, gelegt. Das Projekt <a href=\"https:\/\/fuggerstrasse.eu\/de\/\" target=\"_blank\" rel=\"noopener\">Europ\u00e4ische Fuggerstra\u00dfe<\/a>, initiiert von den Tourismusorganisationen verschiedener europ\u00e4ischer St\u00e4dte (z.B. Augsburg, Bansk\u00e1 Bistrica und Sterzing), hat die St\u00e4dte, in denen <a href=\"https:\/\/www.fugger.de\/de\/singleview\/article\/kaufmann-stifter-visionaer\/1.html\" target=\"_blank\" rel=\"noopener\">Jakob Fugger<\/a> seinen Reichtum anh\u00e4ufte, kartiert. Ziel ist es, das Bewusstsein f\u00fcr den gesamteurop\u00e4ischen Handel von 1490 bis heute zu sch\u00e4rfen, insbesondere f\u00fcr seine v\u00f6lkerverbindende Rolle. Wir werden diese Route vertiefen und um zwei bisher nicht erfasste St\u00e4dte erweitern: Die Rohstoffe aus seinen Minen wurden \u00fcber den Hafen von Antwerpen in die ganze Welt verschifft und die Quecksilberminen um Almad\u00e9n kamen in Fuggers Besitz und sorgten f\u00fcr das Wachstum seiner Eink\u00fcnfte.<\/p>\r\n<p><!-- \/wp:paragraph --><\/p>\r\n<p><!-- wp:heading {\"level\":4} --><\/p>\r\n<h4>Teilnehmer und Ziele<\/h4>\r\n<p><!-- \/wp:heading --><\/p>\r\n<p><!-- wp:paragraph --><\/p>\r\n<p>An dem Projekt sind f\u00fcnf Schulen aus Deutschland (Augsburg), Italien (Sterzing), der Slowakei (Bansk\u00e1 Bystrica), Spanien (Almad\u00e9n) und Belgien (Antwerpen) beteiligt. Die St\u00e4dte sind alle mit der Person von Jakob Fugger verbunden. Das Hauptziel des Projekts ist es, die Gemeinsamkeiten und Unterschiede zu erforschen und herauszufinden, welche unterschiedlichen Auswirkungen seine Gesch\u00e4ftspraktiken auf die St\u00e4dte auf wirtschaftlicher, sozialer und \u00f6kologischer Ebene bis in die Gegenwart hatten. Unser Projekt wird eine wissenschaftliche Herangehensweise an die Themen Handel und Bergbau unter Einbeziehung von 14-16-j\u00e4hrigen Sch\u00fclern f\u00f6rdern und dabei verschiedene F\u00e4cher aus den Lehrpl\u00e4nen der Schulen abdecken. Wir werden unsere Sch\u00fcler dazu anleiten, sich kritisch-ethisch mit den soziologischen Problemen des Handels und des Bergbaus damals und heute auseinanderzusetzen (\u00d6konomie), die Folgen des Bergbaus f\u00fcr ihre jeweilige Region zu kartieren (Chemie, Biologie, Geographie), zu versuchen, Antworten auf die Fragen zu finden, wie Jakob Fugger zum reichsten Mann der Welt wurde und welchen Einfluss seine Gesch\u00e4ftspraktiken auf die lokale Bev\u00f6lkerung hatten, indem wir einzelne Geschichten, Erfahrungen, Umgebungen, Geb\u00e4ude und Stiftungen betrachten (Geschichte). Wir werden fragen, welche Lehren und Alternativen sich f\u00fcr die zuk\u00fcnftigen Generationen in Bezug auf das kulturelle Erbe und die nachhaltige Entwicklung der beteiligten L\u00e4nder anbieten. Die Sch\u00fcler werden f\u00fcr die Wurzeln der Globalisierung und die Art und Weise, wie Netzwerke entstehen, sensibilisiert. Das Projekt wird aufzeigen, wie Netzwerke Lebenssituationen beeinflussen und was mit Regionen passiert, wenn sich regionale und \u00fcberregionale Bedingungen \u00e4ndern (z.B. Niedergang der Bergbauindustrie, wirtschaftlicher Wettbewerb oder Kosten-Nutzen-Prinzip).<\/p>\r\n<p><!-- \/wp:paragraph --><\/p>\r\n<p><!-- wp:heading {\"level\":4} --><\/p>\r\n<h4>Resultate<\/h4>\r\n<p><!-- \/wp:heading --><\/p>\r\n<p><!-- wp:paragraph --><\/p>\r\n<p>Die vier Hauptergebnisse des Projekts werden sein:<\/p>\r\n<ol>\r\n<li>eine Sammlung von f\u00e4cher\u00fcbergreifenden Unterrichtsmaterialien zum Thema Jakob Fugger, Handel und Bergbau f\u00fcr den Einsatz in unseren Schulen und auch f\u00fcr die Weitergabe an andere Schulen<\/li>\r\n<li>ein Projekt-Blog, in dem alle Projektaktivit\u00e4ten (Filme, Texte, Fotos) auch nach Abschluss des Projekts zug\u00e4nglich sein werden<\/li>\r\n<li>\u00f6ffentlich zug\u00e4ngliche Ausstellungen in allen teilnehmenden Schulen, in denen die Arbeiten der Sch\u00fcler aus allen Projekttreffen gezeigt werden<\/li>\r\n<li>Erhalt des Europasses f\u00fcr alle teilnehmenden Sch\u00fcler<\/li>\r\n<\/ol>\r\n<p><!-- \/wp:paragraph --><\/p>\r\n<p><!-- wp:list {\"ordered\":true,\"type\":\"1\"} --><\/p>\r\n<p><!-- \/wp:list --><\/p>\r\n<p><!-- wp:heading {\"level\":4} --><\/p>\r\n<h4>Auswirkungen und langfristiger Nutzen<\/h4>\r\n<p><!-- \/wp:heading --><\/p>\r\n<p><!-- wp:paragraph --><\/p>\r\n<p>Das Projekt f\u00f6rdert die pers\u00f6nliche Entwicklung der Sch\u00fclerInnen und ihre interkulturellen, kooperativen, wissenschaftlichen, digitalen und unternehmerischen Kompetenzen sowie ihre Englischkenntnisse. Es erweitert ihr Wissen \u00fcber andere L\u00e4nder und St\u00e4dte, \u00fcber Geschichte, die Bergbauindustrie und den Einsatz von Technologie im Bergbau. Die Schulen tauschen auch neue und innovative Unterrichtspraktiken aus, die die interdisziplin\u00e4re und transnationale Zusammenarbeit zwischen den Lehrern verbessern. Die Nutzung von eTwinning und all seiner Ressourcen wird den internationalen Austausch der besten Lehr- und Lernmethoden erm\u00f6glichen. Dies wird letztendlich zu einem positiven Einfluss auf unsere Schulen und unsere Bildungssysteme f\u00fchren. Durch den Austausch all dieser unterschiedlichen Erfahrungen werden die TeilnehmerInnen die Vorteile eines vereinten Europas besser kennen lernen.<\/p>","protected":false},"excerpt":{"rendered":"<p>Kontext und Hintergrund In den vergangenen Jahrzehnten ist der weltweite Handel zu einem der wichtigsten Themen in allen europ\u00e4ischen L\u00e4ndern geworden. Der uneingeschr\u00e4nkte gesamteurop\u00e4ische Handel ohne Besteuerung und W\u00e4hrungsrisiken ist eines der Erfolgsmodelle der Europ\u00e4ischen Union. Der Grundstein daf\u00fcr wurde jedoch bereits in den fr\u00fchen Jahrhunderten mit der ersten europ\u00e4ischen Handelsstra\u00dfe, der Fuggerstra\u00dfe, gelegt. Das <a class=\"more-link\" href=\"https:\/\/erasmusfugger.eu\/de\/project-summary\/\">Read More &#8230;<\/a><\/p>\n","protected":false},"author":1,"featured_media":1895,"parent":0,"menu_order":0,"comment_status":"closed","ping_status":"closed","template":"","meta":{"ngg_post_thumbnail":0,"pgc_sgb_lightbox_settings":"","footnotes":""},"class_list":["post-1860","page","type-page","status-publish","has-post-thumbnail","hentry"],"translation":{"provider":"WPGlobus","version":"3.0.2","language":"de","enabled_languages":["en","de","es","nl","sk"],"languages":{"en":{"title":true,"content":true,"excerpt":false},"de":{"title":true,"content":true,"excerpt":false},"es":{"title":true,"content":true,"excerpt":false},"nl":{"title":true,"content":true,"excerpt":false},"sk":{"title":true,"content":true,"excerpt":false}}},"_links":{"self":[{"href":"https:\/\/erasmusfugger.eu\/de\/wp-json\/wp\/v2\/pages\/1860","targetHints":{"allow":["GET"]}}],"collection":[{"href":"https:\/\/erasmusfugger.eu\/de\/wp-json\/wp\/v2\/pages"}],"about":[{"href":"https:\/\/erasmusfugger.eu\/de\/wp-json\/wp\/v2\/types\/page"}],"author":[{"embeddable":true,"href":"https:\/\/erasmusfugger.eu\/de\/wp-json\/wp\/v2\/users\/1"}],"replies":[{"embeddable":true,"href":"https:\/\/erasmusfugger.eu\/de\/wp-json\/wp\/v2\/comments?post=1860"}],"version-history":[{"count":9,"href":"https:\/\/erasmusfugger.eu\/de\/wp-json\/wp\/v2\/pages\/1860\/revisions"}],"predecessor-version":[{"id":6320,"href":"https:\/\/erasmusfugger.eu\/de\/wp-json\/wp\/v2\/pages\/1860\/revisions\/6320"}],"wp:featuredmedia":[{"embeddable":true,"href":"https:\/\/erasmusfugger.eu\/de\/wp-json\/wp\/v2\/media\/1895"}],"wp:attachment":[{"href":"https:\/\/erasmusfugger.eu\/de\/wp-json\/wp\/v2\/media?parent=1860"}],"curies":[{"name":"wp","href":"https:\/\/api.w.org\/{rel}","templated":true}]}}