{"id":2475,"date":"2022-10-03T14:19:47","date_gmt":"2022-10-03T12:19:47","guid":{"rendered":"https:\/\/erasmusfugger.eu\/?page_id=2475"},"modified":"2023-04-16T12:33:06","modified_gmt":"2023-04-16T10:33:06","slug":"results","status":"publish","type":"page","link":"https:\/\/erasmusfugger.eu\/de\/results\/","title":{"rendered":"Ergebnisse"},"content":{"rendered":"<p>W\u00e4hrend des Projekts produzieren alle Mitglieder der Projektfamilie eine Menge interessanter Materialien. Wir versuchen, diese Menge an Informationen in den folgenden Kategorien zu ordnen, basierend auf den Produkten, die wir auch in der Bewerbung erw\u00e4hnt haben:&nbsp;<\/p>\n<ul>\n<li><a href=\"https:\/\/erasmusfugger.eu\/podcasts-audios\/\">Podcasts und alle Arten von Audiodateien<\/a><\/li>\n<li><a href=\"https:\/\/erasmusfugger.eu\/videos\/\">Videos<\/a><\/li>\n<li><a href=\"https:\/\/erasmusfugger.eu\/de\/erasmus-corners\/\">Erasmus Ecke<\/a><\/li>\n<li><a href=\"https:\/\/erasmusfugger.eu\/results\/ebooks\/\" target=\"_blank\" rel=\"noopener\">ebooks<\/a><\/li>\n<li><a href=\"https:\/\/erasmusfugger.eu\/de\/questionnaires-quizzes-city-tours\/\">Frageb\u00f6gen, Quizze und Stadtrundg\u00e4nge<\/a><\/li>\n<li><a href=\"https:\/\/erasmusfugger.eu\/clil-material\/\" target=\"_blank\" rel=\"noopener\">CLIL-Materialien<\/a><\/li>\n<\/ul>\n","protected":false},"excerpt":{"rendered":"<p>W\u00e4hrend des Projekts produzieren alle Mitglieder der Projektfamilie eine Menge interessanter Materialien. Wir versuchen, diese Menge an Informationen in den folgenden Kategorien zu ordnen, basierend auf den Produkten, die wir auch in der Bewerbung erw\u00e4hnt haben:&nbsp; Podcasts und alle Arten von Audiodateien Videos Erasmus Ecke ebooks Frageb\u00f6gen, Quizze und Stadtrundg\u00e4nge CLIL-Materialien<\/p>\n","protected":false},"author":1,"featured_media":2479,"parent":0,"menu_order":0,"comment_status":"closed","ping_status":"closed","template":"","meta":{"ngg_post_thumbnail":0,"pgc_sgb_lightbox_settings":"","footnotes":""},"class_list":["post-2475","page","type-page","status-publish","has-post-thumbnail","hentry"],"translation":{"provider":"WPGlobus","version":"3.0.2","language":"de","enabled_languages":["en","de","es","nl","sk"],"languages":{"en":{"title":true,"content":true,"excerpt":false},"de":{"title":true,"content":true,"excerpt":false},"es":{"title":false,"content":false,"excerpt":false},"nl":{"title":false,"content":false,"excerpt":false},"sk":{"title":true,"content":true,"excerpt":false}}},"_links":{"self":[{"href":"https:\/\/erasmusfugger.eu\/de\/wp-json\/wp\/v2\/pages\/2475","targetHints":{"allow":["GET"]}}],"collection":[{"href":"https:\/\/erasmusfugger.eu\/de\/wp-json\/wp\/v2\/pages"}],"about":[{"href":"https:\/\/erasmusfugger.eu\/de\/wp-json\/wp\/v2\/types\/page"}],"author":[{"embeddable":true,"href":"https:\/\/erasmusfugger.eu\/de\/wp-json\/wp\/v2\/users\/1"}],"replies":[{"embeddable":true,"href":"https:\/\/erasmusfugger.eu\/de\/wp-json\/wp\/v2\/comments?post=2475"}],"version-history":[{"count":10,"href":"https:\/\/erasmusfugger.eu\/de\/wp-json\/wp\/v2\/pages\/2475\/revisions"}],"predecessor-version":[{"id":5541,"href":"https:\/\/erasmusfugger.eu\/de\/wp-json\/wp\/v2\/pages\/2475\/revisions\/5541"}],"wp:featuredmedia":[{"embeddable":true,"href":"https:\/\/erasmusfugger.eu\/de\/wp-json\/wp\/v2\/media\/2479"}],"wp:attachment":[{"href":"https:\/\/erasmusfugger.eu\/de\/wp-json\/wp\/v2\/media?parent=2475"}],"curies":[{"name":"wp","href":"https:\/\/api.w.org\/{rel}","templated":true}]}}