{"id":4031,"date":"2023-03-26T12:37:34","date_gmt":"2023-03-26T10:37:34","guid":{"rendered":"https:\/\/erasmusfugger.eu\/?page_id=4031"},"modified":"2023-03-26T20:43:52","modified_gmt":"2023-03-26T18:43:52","slug":"erasmus-corners","status":"publish","type":"page","link":"https:\/\/erasmusfugger.eu\/de\/erasmus-corners\/","title":{"rendered":"Erasmus-Ecken"},"content":{"rendered":"<p>An jeder Schule wurden sogenannte &#8222;Erasmus-Ecken&#8220; eingerichtet, in denen Sch\u00fcler und Lehrer \u00fcber die aktuellen Projektaktivit\u00e4ten informieren. Diese &#8222;Erasmus-Ecken&#8220; sind wichtige und wertvolle Bestandteile der Verbreitung des Projekts in der Schulfamilie und sind stets mit entsprechenden Links und QR-Codes zur Website versehen. So ist sichergestellt, dass weitere Informationen wie Bilder und Videos jederzeit verf\u00fcgbar sind.<\/p>\nngg_shortcode_0_placeholder\n","protected":false},"excerpt":{"rendered":"<p>An jeder Schule wurden sogenannte &#8222;Erasmus-Ecken&#8220; eingerichtet, in denen Sch\u00fcler und Lehrer \u00fcber die aktuellen Projektaktivit\u00e4ten informieren. Diese &#8222;Erasmus-Ecken&#8220; sind wichtige und wertvolle Bestandteile der Verbreitung des Projekts in der Schulfamilie und sind stets mit entsprechenden Links und QR-Codes zur Website versehen. So ist sichergestellt, dass weitere Informationen wie Bilder und Videos jederzeit verf\u00fcgbar sind.<\/p>\n","protected":false},"author":1,"featured_media":0,"parent":0,"menu_order":0,"comment_status":"closed","ping_status":"closed","template":"","meta":{"ngg_post_thumbnail":0,"pgc_sgb_lightbox_settings":"","footnotes":""},"class_list":["post-4031","page","type-page","status-publish","hentry"],"translation":{"provider":"WPGlobus","version":"3.0.2","language":"de","enabled_languages":["en","de","es","nl","sk"],"languages":{"en":{"title":true,"content":true,"excerpt":false},"de":{"title":true,"content":true,"excerpt":false},"es":{"title":false,"content":false,"excerpt":false},"nl":{"title":false,"content":false,"excerpt":false},"sk":{"title":true,"content":true,"excerpt":false}}},"_links":{"self":[{"href":"https:\/\/erasmusfugger.eu\/de\/wp-json\/wp\/v2\/pages\/4031","targetHints":{"allow":["GET"]}}],"collection":[{"href":"https:\/\/erasmusfugger.eu\/de\/wp-json\/wp\/v2\/pages"}],"about":[{"href":"https:\/\/erasmusfugger.eu\/de\/wp-json\/wp\/v2\/types\/page"}],"author":[{"embeddable":true,"href":"https:\/\/erasmusfugger.eu\/de\/wp-json\/wp\/v2\/users\/1"}],"replies":[{"embeddable":true,"href":"https:\/\/erasmusfugger.eu\/de\/wp-json\/wp\/v2\/comments?post=4031"}],"version-history":[{"count":7,"href":"https:\/\/erasmusfugger.eu\/de\/wp-json\/wp\/v2\/pages\/4031\/revisions"}],"predecessor-version":[{"id":4415,"href":"https:\/\/erasmusfugger.eu\/de\/wp-json\/wp\/v2\/pages\/4031\/revisions\/4415"}],"wp:attachment":[{"href":"https:\/\/erasmusfugger.eu\/de\/wp-json\/wp\/v2\/media?parent=4031"}],"curies":[{"name":"wp","href":"https:\/\/api.w.org\/{rel}","templated":true}]}}