{"id":6086,"date":"2024-04-28T20:22:00","date_gmt":"2024-04-28T18:22:00","guid":{"rendered":"https:\/\/erasmusfugger.eu\/?page_id=6086"},"modified":"2025-05-16T18:27:21","modified_gmt":"2025-05-16T16:27:21","slug":"landingpage","status":"publish","type":"page","link":"https:\/\/erasmusfugger.eu\/de\/","title":{"rendered":"Startseite"},"content":{"rendered":"<p>1495, 1951, 1993. Kommen Ihnen diese Zahlen auch bekannt vor, aber Sie k\u00f6nnen sie im Moment nicht einem bestimmten Ereignis zuordnen? Egal. Auch f\u00fcr uns waren es zun\u00e4chst Zahlen, die scheinbar nichts miteinander zu tun hatten. Aber gemeinsam begannen wir zu fragen. Begeben Sie sich mit uns auf eine Zeitreise durch die L\u00e4nder der Europ\u00e4ischen Union und erkunden Sie mit uns!&nbsp;<\/p>\n<p>Der historischen Zeitrechnung zufolge wurde die erste Organisation, die Europ\u00e4ische Gemeinschaft f\u00fcr Kohle und Stahl, der Vorl\u00e4ufer der heutigen EU, durch den Pariser Vertrag von 1951 gegr\u00fcndet. Die EU selbst wurde 1993 durch den Vertrag \u00fcber die Europ\u00e4ische Union, auch bekannt als Maastricht-Vertrag von 1992, gegr\u00fcndet.&nbsp;<\/p>\n<p>Doch vor langer Zeit, vor Online-Shopping und schnellen Lieferungen, gab es Jakob Fugger \u2013 einen deutschen H\u00e4ndler, der den Weg f\u00fcr den europ\u00e4ischen Handel ebnete. Heutzutage ist der uneingeschr\u00e4nkte paneurop\u00e4ische Handel ohne Steuern und W\u00e4hrungsrisiken eines der Erfolgsmodelle der Europ\u00e4ischen Union. Der Grundstein daf\u00fcr wurde jedoch bereits in den fr\u00fchen Jahrhunderten mit der ersten europ\u00e4ischen Handelsstra\u00dfe, der Fuggerstra\u00dfe, gelegt. In drei Jahren (2020-2023) verfolgten wir seine Geschichte und <a href=\"https:\/\/erasmusfugger.eu\/partner#DE\" target=\"_blank\" rel=\"noopener\"><em>die Europ\u00e4ische Fuggerstra\u00dfe<\/em><\/a>&nbsp;mit unseren&nbsp;<a href=\"https:\/\/erasmusfugger.eu\/schools-and-regions\/\" target=\"_blank\" rel=\"noopener\">Erasmus+-Projektpartnerschulen<\/a>.<\/p>\n<p><strong>Wer hat sich dem Abenteuer angeschlossen?<\/strong><br \/>F\u00fcnf <a href=\"https:\/\/erasmusfugger.eu\/kontakt\/\" target=\"_blank\" rel=\"noopener\">Schulen<\/a> aus Augsburg (Deutschland), Sterzing (Italien), Bansk\u00e1 Bystrica (Slowakei), Almad\u00e9n (Spanien) und Antwerpen (Belgien). Gemeinsam haben wir die Geheimnisse von Fuggers Erfolg gel\u00fcftet und wie er unsere St\u00e4dte wirtschaftlich, sozial, politisch und \u00f6kologisch gepr\u00e4gt hat.<\/p>\n<p><strong>Unsere Aufgabe?<\/strong><br \/>Neugierige 14- bis 16-j\u00e4hrige K\u00f6pfe in Detektive f\u00fcr Geschichte, Wirtschaft und Ethik verwandeln. Wir haben uns mit Handel und Bergbau besch\u00e4ftigt und untersucht, wie sie unsere Vergangenheit und Gegenwart beeinflusst haben. Von der Aufdeckung von Fuggers Reicht\u00fcmern bis hin zu \u00dcberlegungen zur Zukunft der nachhaltigen Entwicklung \u2013 an \u00dcberraschungen mangelt es nicht!&nbsp;<\/p>\n<p><strong>Und das Beste daran?<\/strong><br \/>Wir haben nicht nur gelernt \u2013 wir haben geschaffen. Es erwarten Sie&nbsp;<a href=\"https:\/\/erasmusfugger.eu\/results\/\" target=\"_blank\" rel=\"noopener\">f\u00e4cher\u00fcbergreifende Lehrmaterialien<\/a>&nbsp;, ein&nbsp;<a href=\"https:\/\/erasmusfugger-eu\/blog\" target=\"_blank\" rel=\"noopener\">Blog voller Projektabenteuer<\/a>&nbsp;, eine&nbsp;<a href=\"https:\/\/erasmusfugger.eu\/videos\" target=\"_blank\" rel=\"noopener\">\u00f6ffentliche Video- und Podcast-Galerie<\/a>,&nbsp;<a href=\"https:\/\/erasmusfugger.eu\/erasmus-corners\" target=\"_blank\" rel=\"noopener\">Ausstellungen, in denen die Meisterwerke unserer Sch\u00fcler gezeigt werden<\/a>&nbsp;, und sogar Europasse f\u00fcr alle Beteiligten.&nbsp;<\/p>\n<p><strong>Was ist also das Wichtigste?<\/strong><br \/>Bei diesem Projekt ging es nicht nur darum, die F\u00e4higkeiten und Kenntnisse unserer Sch\u00fcler zu verbessern, sondern auch darum, Br\u00fccken zu bauen \u2013 zwischen L\u00e4ndern, Kulturen und Klassenzimmern. Durch Zusammenarbeit und Innovation weben wir einen Teppich aus gemeinsamen Erfahrungen, der die Sch\u00f6nheit eines vereinten Europas mit Freundschaften f\u00fcrs Leben feiert.&nbsp;<\/p>\n<p><strong>Aber unsere Geschichte geht weiter:<\/strong> <br \/>Dank dieses Projekts hat sich die Stadt Almad\u00e9n erneut auf die europ\u00e4ische Landkarte gesetzt, indem sie Teil des europ\u00e4ischen Fuggerstra\u00dfenprojekts wurde, und plant, im Oktober 2025 die Ankunft der Fuggerfamilie mit der <a href=\"https:\/\/erasmusfugger.eu\/ifyc\/\" target=\"_blank\" rel=\"noopener\">IFYC25 &#8211; International Fugger Youth Conference<\/a> als Gro\u00dfveranstaltung zu feiern. &nbsp;<\/p>\n<p>Vielen Dank, dass Sie sich uns auf dieser epischen Suche angeschlossen haben, und lassen Sie uns gemeinsam Geschichte schreiben!<\/p>\n","protected":false},"excerpt":{"rendered":"<p>1495, 1951, 1993. Kommen Ihnen diese Zahlen auch bekannt vor, aber Sie k\u00f6nnen sie im Moment nicht einem bestimmten Ereignis zuordnen? Egal. Auch f\u00fcr uns waren es zun\u00e4chst Zahlen, die scheinbar nichts miteinander zu tun hatten. Aber gemeinsam begannen wir zu fragen. Begeben Sie sich mit uns auf eine Zeitreise durch die L\u00e4nder der Europ\u00e4ischen <a class=\"more-link\" href=\"https:\/\/erasmusfugger.eu\/de\/\">Read More &#8230;<\/a><\/p>\n","protected":false},"author":1,"featured_media":0,"parent":0,"menu_order":0,"comment_status":"closed","ping_status":"closed","template":"","meta":{"ngg_post_thumbnail":0,"pgc_sgb_lightbox_settings":"","footnotes":""},"class_list":["post-6086","page","type-page","status-publish","hentry"],"translation":{"provider":"WPGlobus","version":"3.0.2","language":"de","enabled_languages":["en","de","es","nl","sk"],"languages":{"en":{"title":true,"content":true,"excerpt":false},"de":{"title":true,"content":true,"excerpt":false},"es":{"title":true,"content":true,"excerpt":false},"nl":{"title":true,"content":true,"excerpt":false},"sk":{"title":true,"content":true,"excerpt":false}}},"_links":{"self":[{"href":"https:\/\/erasmusfugger.eu\/de\/wp-json\/wp\/v2\/pages\/6086","targetHints":{"allow":["GET"]}}],"collection":[{"href":"https:\/\/erasmusfugger.eu\/de\/wp-json\/wp\/v2\/pages"}],"about":[{"href":"https:\/\/erasmusfugger.eu\/de\/wp-json\/wp\/v2\/types\/page"}],"author":[{"embeddable":true,"href":"https:\/\/erasmusfugger.eu\/de\/wp-json\/wp\/v2\/users\/1"}],"replies":[{"embeddable":true,"href":"https:\/\/erasmusfugger.eu\/de\/wp-json\/wp\/v2\/comments?post=6086"}],"version-history":[{"count":10,"href":"https:\/\/erasmusfugger.eu\/de\/wp-json\/wp\/v2\/pages\/6086\/revisions"}],"predecessor-version":[{"id":6352,"href":"https:\/\/erasmusfugger.eu\/de\/wp-json\/wp\/v2\/pages\/6086\/revisions\/6352"}],"wp:attachment":[{"href":"https:\/\/erasmusfugger.eu\/de\/wp-json\/wp\/v2\/media?parent=6086"}],"curies":[{"name":"wp","href":"https:\/\/api.w.org\/{rel}","templated":true}]}}