{"id":6249,"date":"2025-05-06T14:14:00","date_gmt":"2025-05-06T12:14:00","guid":{"rendered":"https:\/\/erasmusfugger.eu\/?page_id=6249"},"modified":"2026-04-23T21:34:03","modified_gmt":"2026-04-23T19:34:03","slug":"ifyc","status":"publish","type":"page","link":"https:\/\/erasmusfugger.eu\/de\/ifyc\/","title":{"rendered":"IFYC25 &#8211; International Fugger Youth Conference"},"content":{"rendered":"<p>500 Jahre nach der Ankunft der Fugger in Almad\u00e9n &#8211;<br \/>\nWas k\u00f6nnen wir f\u00fcr die Zukunft lernen?<\/p>\n<p>Sch\u00fclerinnen und Sch\u00fcler und Lehrkr\u00e4fte aus den historischen St\u00e4dten, die mit der Familie Fugger verbunden sind &#8211; Allmad\u00e9n und Almagro (Spanien), Augsburg (Deutschland), Bansk\u00e1 Bystrica (Slowakei) und Sterzing (Italien) &#8211; kamen bei der Internationalen Jugendkonferenz IFYC 25 in Allmad\u00e9n zusammen, um den 500. Jahrestag der Ankunft der Fugger zu gedenken.<\/p>\n<p>Diese besondere Woche begann bei den Gastfamilien der spanischen Freunde. Gemeinsam erlebten sie einen so genannten Familientag, an dem sie die Stadt und ihre Umgebung entdeckten und erste gemeinsame Erinnerungen sammelten.<\/p>\n<p>Der offizielle Beginn der Konferenz wurde von einer herzlichen Begr\u00fc\u00dfung und lustigen Aktivit\u00e4ten begleitet, um das Eis zu brechen. Danach folgte ein Besuch der ber\u00fchmten Almad\u00e9n-Mine, die zum UNESCO-Weltkulturerbe geh\u00f6rt, wo die Teilnehmer mehr \u00fcber ihre au\u00dfergew\u00f6hnliche Geschichte und die Rolle der Fugger erfuhren.<\/p>\n<p>Im Quecksilberzentrum fanden Expertendiskussionen statt, die sich auf Umwelt- und Gesundheitsfragen im Zusammenhang mit Quecksilber konzentrieren &#8211; von den Methoden der Renaissance bis zu den heutigen Herausforderungen. Die Sch\u00fcler hatten die M\u00f6glichkeit ihre Forschungsergebnisse zu pr\u00e4sentieren und Almaden gemeinsam zu besichtigen.<\/p>\n<p>Am n\u00e4chsten Tag fanden Workshops unter der Leitung von Universit\u00e4tsexperten statt, die sich mit den gesundheitlichen Auswirkungen von Quecksilber und den M\u00f6glichkeiten zu dessen Nachweis befassten. Am Nachmittag bereiteten die Teilnehmer die Konferenzergebnisse vor und unternahmen eine interessante Exkursion.<\/p>\n<p>Der letzte Tag stand ganz im Zeichen des Austauschs und des Feierns. Die Teilnehmer besuchten eine Schule in Almagro, pr\u00e4sentierten ihre Ergebnisse der Konferenz im historischen Fuggerhaus. Nach einem Rundgang durch die sch\u00f6ne Stadt verabschiedeten sie sich von ihren neuen Freunden bei einem gemeinsamen Fest voller Musik, Freude und Erinnerungen an eine unvergessliche Woche.<\/p>\n<p>Weitere detaillierte Berichte im Blog unter: <a href=\"https:\/\/erasmusfugger.eu\/tag\/ifyc25\/\" target=\"_blank\" rel=\"noopener\">IFYC25<\/a><\/p>\n<p><center><a href=\"https:\/\/erasmusfugger.eu\/wp-content\/uploads\/2025\/05\/IFYC25-Erasmus.pdf\" class=\"pdfemb-viewer\" style=\"width:600px;\" data-width=\"600\" data-height=\"max\" data-toolbar=\"bottom\" data-toolbar-fixed=\"on\">IFYC25-Erasmus<\/a><\/center><\/p>\n","protected":false},"excerpt":{"rendered":"<p>500 Jahre nach der Ankunft der Fugger in Almad\u00e9n &#8211; Was k\u00f6nnen wir f\u00fcr die Zukunft lernen? Sch\u00fclerinnen und Sch\u00fcler und Lehrkr\u00e4fte aus den historischen St\u00e4dten, die mit der Familie Fugger verbunden sind &#8211; Allmad\u00e9n und Almagro (Spanien), Augsburg (Deutschland), Bansk\u00e1 Bystrica (Slowakei) und Sterzing (Italien) &#8211; kamen bei der Internationalen Jugendkonferenz IFYC 25 in <a class=\"more-link\" href=\"https:\/\/erasmusfugger.eu\/de\/ifyc\/\">Read More &#8230;<\/a><\/p>\n","protected":false},"author":1,"featured_media":0,"parent":0,"menu_order":0,"comment_status":"closed","ping_status":"closed","template":"","meta":{"ngg_post_thumbnail":0,"pgc_sgb_lightbox_settings":"","footnotes":""},"class_list":["post-6249","page","type-page","status-publish","hentry"],"translation":{"provider":"WPGlobus","version":"3.0.2","language":"de","enabled_languages":["en","de","es","nl","sk"],"languages":{"en":{"title":true,"content":true,"excerpt":false},"de":{"title":false,"content":true,"excerpt":false},"es":{"title":false,"content":false,"excerpt":false},"nl":{"title":false,"content":false,"excerpt":false},"sk":{"title":true,"content":true,"excerpt":false}}},"_links":{"self":[{"href":"https:\/\/erasmusfugger.eu\/de\/wp-json\/wp\/v2\/pages\/6249","targetHints":{"allow":["GET"]}}],"collection":[{"href":"https:\/\/erasmusfugger.eu\/de\/wp-json\/wp\/v2\/pages"}],"about":[{"href":"https:\/\/erasmusfugger.eu\/de\/wp-json\/wp\/v2\/types\/page"}],"author":[{"embeddable":true,"href":"https:\/\/erasmusfugger.eu\/de\/wp-json\/wp\/v2\/users\/1"}],"replies":[{"embeddable":true,"href":"https:\/\/erasmusfugger.eu\/de\/wp-json\/wp\/v2\/comments?post=6249"}],"version-history":[{"count":9,"href":"https:\/\/erasmusfugger.eu\/de\/wp-json\/wp\/v2\/pages\/6249\/revisions"}],"predecessor-version":[{"id":6813,"href":"https:\/\/erasmusfugger.eu\/de\/wp-json\/wp\/v2\/pages\/6249\/revisions\/6813"}],"wp:attachment":[{"href":"https:\/\/erasmusfugger.eu\/de\/wp-json\/wp\/v2\/media?parent=6249"}],"curies":[{"name":"wp","href":"https:\/\/api.w.org\/{rel}","templated":true}]}}