{"id":71,"date":"2021-05-15T19:39:01","date_gmt":"2021-05-15T17:39:01","guid":{"rendered":"https:\/\/erasmusfugger.eu\/?page_id=71"},"modified":"2025-05-09T20:39:14","modified_gmt":"2025-05-09T18:39:14","slug":"project-description","status":"publish","type":"page","link":"https:\/\/erasmusfugger.eu\/de\/project-description\/","title":{"rendered":"Fakten"},"content":{"rendered":"<p><!-- \/wp:post-content --><\/p>\r\n<p><!-- wp:paragraph --><\/p>\r\n<p><strong>Jakob Fugger &#8211; A historical European influencer \u2013<\/strong> <strong>#economic#political#social#medial#ecological#footprints<\/strong><\/p>\r\n<p><!-- \/wp:paragraph --><\/p>\r\n<p><!-- wp:paragraph --><\/p>\r\n<p>Start: 01.11.2020 &#8211; Ende: 31.01.2023<br>Projekt Referenznummer: 2020-1-DE03-KA229-077399<br>Programm: <strong>Erasmus+<\/strong><br>Schl\u00fcsselaktion: <strong>Cooperation for innovation and the exchange of good practices<\/strong><br>Aktionstyp: <strong>School Exchange Partnerships<\/strong><br>Regionale Dimension und Kooperation, Naturwissenschaften, Transport und Mobilit\u00e4t<\/p>\r\n<p><!-- \/wp:paragraph --><\/p>\r\n<p><!-- wp:heading --><\/p>\r\n<p><!-- \/wp:heading --><\/p>\r\n<p><!-- wp:heading {\"level\":4} --><\/p>\r\n<h4><strong>Koordinator<\/strong><\/h4>\r\n<p><!-- \/wp:heading --><\/p>\r\n<p><!-- wp:paragraph --><\/p>\r\n<p>Jakob-Fugger-Gymnasium, Augsburg<\/p>\r\n<p><!-- \/wp:paragraph --><\/p>\r\n<p><!-- wp:heading {\"level\":4} --><\/p>\r\n<h4><strong>Partner<\/strong><\/h4>\r\n<p><!-- \/wp:heading --><\/p>\r\n<p><!-- wp:list --><\/p>\r\n<ul>\r\n<li>Zakladna skola, Moskovska 2, Bansk\u00e1 Bystrica<\/li>\r\n<li>Oberschulzentrum Sterzing, Sterzing<\/li>\r\n<li>Onze-Lieve-Vrouwecollege, Antwerp<\/li>\r\n<li>Instututo de Educaci\u00f3n Secundaria Pablo Ruiz Picasso, Almad\u00e9n<\/li>\r\n<\/ul>\r\n<p><!-- \/wp:list --><\/p>\r\n<p>&nbsp;<\/p>\r\n<p>&nbsp;<\/p>\r\n<p>&nbsp;<\/p>","protected":false},"excerpt":{"rendered":"<p>Jakob Fugger &#8211; A historical European influencer \u2013 #economic#political#social#medial#ecological#footprints Start: 01.11.2020 &#8211; Ende: 31.01.2023Projekt Referenznummer: 2020-1-DE03-KA229-077399Programm: Erasmus+Schl\u00fcsselaktion: Cooperation for innovation and the exchange of good practicesAktionstyp: School Exchange PartnershipsRegionale Dimension und Kooperation, Naturwissenschaften, Transport und Mobilit\u00e4t Koordinator Jakob-Fugger-Gymnasium, Augsburg Partner Zakladna skola, Moskovska 2, Bansk\u00e1 Bystrica Oberschulzentrum Sterzing, Sterzing Onze-Lieve-Vrouwecollege, Antwerp Instututo de Educaci\u00f3n Secundaria <a class=\"more-link\" href=\"https:\/\/erasmusfugger.eu\/de\/project-description\/\">Read More &#8230;<\/a><\/p>\n","protected":false},"author":1,"featured_media":1897,"parent":0,"menu_order":0,"comment_status":"closed","ping_status":"closed","template":"","meta":{"ngg_post_thumbnail":0,"pgc_sgb_lightbox_settings":"","footnotes":""},"class_list":["post-71","page","type-page","status-publish","has-post-thumbnail","hentry"],"translation":{"provider":"WPGlobus","version":"3.0.2","language":"de","enabled_languages":["en","de","es","nl","sk"],"languages":{"en":{"title":true,"content":true,"excerpt":false},"de":{"title":true,"content":true,"excerpt":false},"es":{"title":true,"content":true,"excerpt":false},"nl":{"title":true,"content":true,"excerpt":false},"sk":{"title":true,"content":true,"excerpt":false}}},"_links":{"self":[{"href":"https:\/\/erasmusfugger.eu\/de\/wp-json\/wp\/v2\/pages\/71","targetHints":{"allow":["GET"]}}],"collection":[{"href":"https:\/\/erasmusfugger.eu\/de\/wp-json\/wp\/v2\/pages"}],"about":[{"href":"https:\/\/erasmusfugger.eu\/de\/wp-json\/wp\/v2\/types\/page"}],"author":[{"embeddable":true,"href":"https:\/\/erasmusfugger.eu\/de\/wp-json\/wp\/v2\/users\/1"}],"replies":[{"embeddable":true,"href":"https:\/\/erasmusfugger.eu\/de\/wp-json\/wp\/v2\/comments?post=71"}],"version-history":[{"count":10,"href":"https:\/\/erasmusfugger.eu\/de\/wp-json\/wp\/v2\/pages\/71\/revisions"}],"predecessor-version":[{"id":6318,"href":"https:\/\/erasmusfugger.eu\/de\/wp-json\/wp\/v2\/pages\/71\/revisions\/6318"}],"wp:featuredmedia":[{"embeddable":true,"href":"https:\/\/erasmusfugger.eu\/de\/wp-json\/wp\/v2\/media\/1897"}],"wp:attachment":[{"href":"https:\/\/erasmusfugger.eu\/de\/wp-json\/wp\/v2\/media?parent=71"}],"curies":[{"name":"wp","href":"https:\/\/api.w.org\/{rel}","templated":true}]}}