{"id":94,"date":"2021-05-15T20:44:05","date_gmt":"2021-05-15T18:44:05","guid":{"rendered":"https:\/\/erasmusfugger.eu\/?page_id=94"},"modified":"2023-02-13T11:26:24","modified_gmt":"2023-02-13T10:26:24","slug":"schools-and-regions","status":"publish","type":"page","link":"https:\/\/erasmusfugger.eu\/de\/schools-and-regions\/","title":{"rendered":"Schulen und Regionen"},"content":{"rendered":"<h3 id=\"DE\">Jakob-Fugger-Gymnasium, Augsburg (Deutschland)<\/h3>\n<p><a href=\"https:\/\/erasmusfugger.eu\/wp-content\/uploads\/2021\/05\/Jakob-Fugger-Gymnasium_Augsburg_kl.jpg\"><img loading=\"lazy\" decoding=\"async\" class=\"alignright size-medium wp-image-302\" src=\"https:\/\/erasmusfugger.eu\/wp-content\/uploads\/2021\/05\/Jakob-Fugger-Gymnasium_Augsburg_kl-300x192.jpg\" alt=\"\" width=\"300\" height=\"192\" srcset=\"https:\/\/erasmusfugger.eu\/wp-content\/uploads\/2021\/05\/Jakob-Fugger-Gymnasium_Augsburg_kl-300x192.jpg 300w, https:\/\/erasmusfugger.eu\/wp-content\/uploads\/2021\/05\/Jakob-Fugger-Gymnasium_Augsburg_kl-768x492.jpg 768w, https:\/\/erasmusfugger.eu\/wp-content\/uploads\/2021\/05\/Jakob-Fugger-Gymnasium_Augsburg_kl.jpg 800w\" sizes=\"auto, (max-width: 300px) 100vw, 300px\" \/><\/a>Das Jakob-Fugger-Gymnasium ist eine moderne Schule mit langer Tradition, die sich im Stadtzentrum von <a href=\"https:\/\/de.wikipedia.org\/wiki\/Augsburg\" target=\"_blank\" rel=\"noopener\">Augsburg<\/a> befindet. Die Geschichte der Schule begann im Jahr 1879 mit der Gr\u00fcndung der &#8222;H\u00f6heren Handelsschule&#8220;. Aus ihr wurde 1965 das heutige &#8222;Jakob-Fugger-Gymnasium&#8220;, um die alten Familien der Stadt Augsburg zu ehren und den Schwerpunkt auf die wirtschaftliche Bildung zu legen. Sp\u00e4ter wurde auch ein naturwissenschaftlich-technischer Zweig eingerichtet. Zurzeit werden ca. 740 Sch\u00fcler von ca. 65 Kollegen unterrichtet. Mit qualifizierten Unterrichtsmethoden, vielf\u00e4ltigen Angeboten zur individuellen F\u00f6rderung und einem breiten Angebot an Wahlf\u00e4chern bietet die Schule eine solide Ausbildung, die individuellen Lernvoraussetzungen und unterschiedlichen Neigungen und Interessen gerecht wird. Das Wirken von Jakob Fugger ist in Augsburg noch vielfach pr\u00e4sent. Im Rahmen des Projekts haben unsere Sch\u00fcler die M\u00f6glichkeit, weitere Erkenntnisse \u00fcber den Namensgeber ihrer Schule zu gewinnen. Durch die Teilnahme an diesem Projekt werden wir auch versuchen, die Unterrichtspraxis zu dynamisieren, die interdisziplin\u00e4re Zusammenarbeit zwischen den Lehrern zu verbessern und ein europ\u00e4isches Netzwerk zum Austausch von P\u00e4dagogik auf der eTwinning-Plattform oder bei Lehrertreffen zu schaffen. Das Projekt wird versuchen, inklusiv zu sein, um Sch\u00fclerInnen mit Lernschwierigkeiten und jene, die aufgrund sozialer Benachteiligungen noch nie im Ausland waren, einzubeziehen. Dar\u00fcber hinaus ist es das Ziel des Projekts, die Sch\u00fclerInnen darin zu schulen, der Vielfalt und anderen Kulturen in Europa gegen\u00fcber aufgeschlossen zu sein.<\/p>\n<p>Adresse: Kriemhildenstra\u00dfe 5, D-86152 Augsburg<br \/>\nTelefon: +49 821 324 18452<br \/>\nE-Mail: <a href=\"mailto:jfg.stadt@augsburg.de\">jfg.stadt@augsburg.de<\/a><br \/>\nLink zur Schulwebseite: <a href=\"https:\/\/jakob-fugger-gymnasium.de\/\" target=\"_blank\" rel=\"noopener\">Jakob Fugger Gymnasium<\/a><\/p>\n<h3>Z\u00e1kladn\u00e1 \u0161kola, Moskovsk\u00e1 2, Bansk\u00e1 Bystrica (Slowakei)<\/h3>\n<p>Die Grund- und Mittelschule Moskovsk\u00e1 2 in Bansk\u00e1 Bystrica bietet den Sch\u00fclern eine allgemeine Grund- und Hauptschulbildung. Es gibt 576 Sch\u00fcler und 71 Mitarbeiter. Die Schule hat vor kurzem damit begonnen, Innovationen und Ver\u00e4nderungen zu implementieren, die die Aufmerksamkeit auf die Schl\u00fcsselkompetenzen f\u00fcr das zuk\u00fcnftige Studium, die Arbeit und das Leben lenken (\u00c4nderung des Lehrplans von der Konzentration auf Inhalte hin zu den F\u00e4higkeiten der Sch\u00fcler, \u00dcbergang vom Auswendiglernen zur Entwicklung von Pr\u00e4sentationsf\u00e4higkeiten, Unterst\u00fctzung von f\u00e4cher\u00fcbergreifenden Beziehungen durch Verbindungsbereiche). Im Hinblick auf die F\u00f6rderung der F\u00e4higkeiten zur Kooperation, zur Kommunikation in Fremdsprachen, zum kritischen Denken und zur Probleml\u00f6sung suchen die LehrerInnen nach M\u00f6glichkeiten, die Sch\u00fclerInnen in Projekte auf internationaler Ebene einzubinden. F\u00fcr die LehrerInnen er\u00f6ffnen sich durch die Einf\u00fchrung neuer Ans\u00e4tze zur Teamarbeit, zur interdisziplin\u00e4ren Zusammenarbeit, durch die M\u00f6glichkeit des Austauschs von guten Praktiken durch die \u00d6ffnung der Schule f\u00fcr die Zusammenarbeit mit europ\u00e4ischen Schulen neue M\u00f6glichkeiten f\u00fcr ihr berufliches Wachstum.<\/p>\n<p>Adresse: Moskovsk\u00e1 2, SK-974 04 Bansk\u00e1 Bystrica<br \/>\nmail: coming soon<br \/>\nlink to the schools website: <a href=\"https:\/\/zsmoskovska.edupage.org\/\" target=\"_blank\" rel=\"noopener\">Z\u00e1kladn\u00e1 \u0161kola, Moskovsk\u00e1 2<\/a><\/p>\n<h3>&nbsp;<\/h3>\n<h3 id=\"IT\">Oberschulzentrum Sterzing, Sterzing (ITALIEN)<\/h3>\n<p><img loading=\"lazy\" decoding=\"async\" class=\"size-medium wp-image-1074 alignright\" src=\"https:\/\/erasmusfugger.eu\/wp-content\/uploads\/2021\/06\/OSZ_Sterzing-300x113.jpg\" alt=\"\" width=\"300\" height=\"113\" srcset=\"https:\/\/erasmusfugger.eu\/wp-content\/uploads\/2021\/06\/OSZ_Sterzing-300x113.jpg 300w, https:\/\/erasmusfugger.eu\/wp-content\/uploads\/2021\/06\/OSZ_Sterzing-768x288.jpg 768w, https:\/\/erasmusfugger.eu\/wp-content\/uploads\/2021\/06\/OSZ_Sterzing.jpg 800w\" sizes=\"auto, (max-width: 300px) 100vw, 300px\" \/>Das Oberschulzentrum Sterzing ist eine Oberschule mit fast 400 Sch\u00fcler*innen im Alter zwischen 14-18 Jahren, und ungef\u00e4hr 60 Lehrer*innen. Die Schule befindet sich in Sterzing, einer Stadt im Norden Italiens nahe der Brennergrenze zu \u00d6sterreich, mit circa 6.400 Einwohnern. Unsere Sch\u00fcler*innen kommen aus Sterzing und den umliegenden T\u00e4lern, die Sch\u00fcler*innen des Sportgymnasiums kommen aus ganz S\u00fcdtirol.<\/p>\n<p>Unser Oberschulzentrum bietet vier Fachrichtungen an: ein Sprachengymnasium, ein Sportgymnasium, ein wissenschaftliches Gymnasium und eine Wirtschaftsfachoberschule. Alle Fachrichtungen dauern 5 Jahre, der Abschluss erfolgt mit der staatlichen Abschlusspr\u00fcfung (esame die maturit\u00e0 oder Matura) im Alter von 18 Jahren. Die Unterrichtssprache ist Deutsch, Italienisch ist Zweitsprache. Die Tatsache dass wir eine relative kleine Schule sind, garantiert den Sch\u00fcler*innen pers\u00f6nliche und individuelle Unterst\u00fctzung.<\/p>\n<p>Adresse: Kanonikus-Michael-Gamper-Platz 2, I-39049 STERZING<br \/>\nE-Mail: <a href=\"mailto:os-osz.sterzing@schule.suedtirol.it\">os-osz.sterzing@schule.suedtirol.it<\/a><br \/>\nLink zur Schulwebseite: <a href=\"https:\/\/www.oberschulzentrum-sterzing.eu\/\">Oberschulzentrum Sterzing<\/a><\/p>\n<h3 id=\"BE\">Onze-Lieve-Vrouwecollege Plus, Antwerp (Belgien)<\/h3>\n<h3><img loading=\"lazy\" decoding=\"async\" class=\"wp-image-1281 alignright\" style=\"color: #020203; font-family: 'Fira Sans', Arial, Tahoma, sans-serif; font-size: 15px; font-weight: 400;\" src=\"https:\/\/erasmusfugger.eu\/wp-content\/uploads\/2021\/07\/OLVC-300x210.jpg\" alt=\"\" width=\"339\" height=\"237\" srcset=\"https:\/\/erasmusfugger.eu\/wp-content\/uploads\/2021\/07\/OLVC-300x210.jpg 300w, https:\/\/erasmusfugger.eu\/wp-content\/uploads\/2021\/07\/OLVC.jpg 555w\" sizes=\"auto, (max-width: 339px) 100vw, 339px\" \/><\/h3>\n<p>Das Onze-Lieve-Vrouwecollege Plus (Kolleg Unserer Lieben Frau) ist seit \u00fcber 150 Jahren eine der renommiertesten Einrichtungen in der Antwerpener Schullandschaft. Mehr als 750 Sch\u00fcler aus 35 Nationen besuchen unser Gymnasium.<\/p>\n<p>Trotz des n\u00fcchternen Erscheinungsbildes der Geb\u00e4ude betritt man durch die Schultore eine Welt voller Aktivit\u00e4t, in der Studium, Sport und au\u00dferschulische Aktivit\u00e4ten den Sch\u00fclern in perfekter Harmonie angeboten werden. In der Tradition der Jesuiten hat sich das Kolleg den Ruf einer hochwertigen und vielseitigen Ausbildung erarbeitet, in der jeder Sch\u00fcler seine Talente voll entfalten kann. Obwohl wir eine katholische Schule sind, sind alle jungen Menschen &#8211; unabh\u00e4ngig von ihrer Religion &#8211; herzlich willkommen. Wir sind der festen \u00dcberzeugung, dass diese Vielfalt eine Chance f\u00fcr das sp\u00e4tere Leben bietet. Unsere Schule hat auch die Tradition, an mehreren &#8222;Olympiaden&#8220; f\u00fcr verschiedene F\u00e4cher wie Mathematik, Physik, Biologie und Latein teilzunehmen. Das sind Wettbewerbe, die in ganz Flandern organisiert werden, mit dem Ziel, die besten Sch\u00fcler zu ermitteln. Wir sind stolz darauf, dass wir regelm\u00e4\u00dfig Sch\u00fcler in die Endrunde schicken konnten.<\/p>\n<p>Adresse: Frankrijklei 91, BE-2000 Antwerpen<br \/>\nMail: <a href=\"mailto:info@olvcplus.be\">info@olvcplus.be<\/a><br \/>\nLink zur Schulwebseite: <a href=\"https:\/\/www.olvcplus.be\/\" target=\"_blank\" rel=\"noopener\">Onze-Lieve-Vrouwecollege Plus<\/a><\/p>\n<h3 id=\"ES\">InstItuto de Educaci\u00f3n Secundaria Pablo Ruiz Picasso, Almad\u00e9n (SpaNien)<\/h3>\n<p>Das IES &#8222;Pablo Ruiz Picasso&#8220; ist ein Institut der Sekundarstufe mit modernen Einrichtungen. Das Bildungsangebot der Schule umfasst zwei Stufen, die Obligatorische Sekundarschule (f\u00fcr 12-16-J\u00e4hrige) und das Bachillerato (f\u00fcr 16-18-J\u00e4hrige). Die Zahl der Sch\u00fcler ist derzeit r\u00fcckl\u00e4ufig, es gibt nur noch 290 Sch\u00fcler, da die Gegend durch die Schlie\u00dfung der Quecksilbermine von Almad\u00e9n im Jahr 2003 einen Bev\u00f6lkerungsverlust erlebt hat. Seitdem k\u00e4mpft die Stadt damit, die wirtschaftlichen Schwierigkeiten zu \u00fcberwinden. Wir glauben, dass unsere Sch\u00fcler von der Teilnahme an einem europ\u00e4ischen Programm profitieren k\u00f6nnen, da sie wenig Gelegenheit haben, ins Ausland zu reisen und eine aufgeschlossene Haltung gegen\u00fcber anderen Menschen und Kulturen zu entwickeln. Ein weiterer Vorteil ist, dass sie Verantwortung gegen\u00fcber ihrem eigenen Erbe und dessen Erhaltung und F\u00f6rderung lernen k\u00f6nnen und so aktive Akteure im zuk\u00fcnftigen wirtschaftlichen und politischen Leben der Stadt werden. Seit 2012 sind wir ein UNESCO-Welterbe.<\/p>\n<p>Link zur Schulwebseite: <a href=\"http:\/\/ies-prpicasso.centros.castillalamancha.es\/\" target=\"_blank\" rel=\"noopener\">IES Pablo Ruiz Picasso<\/a><\/p>\n","protected":false},"excerpt":{"rendered":"<p>Jakob-Fugger-Gymnasium, Augsburg (Deutschland) Das Jakob-Fugger-Gymnasium ist eine moderne Schule mit langer Tradition, die sich im Stadtzentrum von Augsburg befindet. Die Geschichte der Schule begann im Jahr 1879 mit der Gr\u00fcndung der &#8222;H\u00f6heren Handelsschule&#8220;. Aus ihr wurde 1965 das heutige &#8222;Jakob-Fugger-Gymnasium&#8220;, um die alten Familien der Stadt Augsburg zu ehren und den Schwerpunkt auf die wirtschaftliche <a class=\"more-link\" href=\"https:\/\/erasmusfugger.eu\/de\/schools-and-regions\/\">Read More &#8230;<\/a><\/p>\n","protected":false},"author":1,"featured_media":301,"parent":0,"menu_order":0,"comment_status":"closed","ping_status":"closed","template":"","meta":{"ngg_post_thumbnail":0,"pgc_sgb_lightbox_settings":"","footnotes":""},"class_list":["post-94","page","type-page","status-publish","has-post-thumbnail","hentry"],"translation":{"provider":"WPGlobus","version":"3.0.2","language":"de","enabled_languages":["en","de","es","nl","sk"],"languages":{"en":{"title":true,"content":true,"excerpt":false},"de":{"title":true,"content":true,"excerpt":false},"es":{"title":false,"content":false,"excerpt":false},"nl":{"title":true,"content":true,"excerpt":false},"sk":{"title":true,"content":true,"excerpt":false}}},"_links":{"self":[{"href":"https:\/\/erasmusfugger.eu\/de\/wp-json\/wp\/v2\/pages\/94","targetHints":{"allow":["GET"]}}],"collection":[{"href":"https:\/\/erasmusfugger.eu\/de\/wp-json\/wp\/v2\/pages"}],"about":[{"href":"https:\/\/erasmusfugger.eu\/de\/wp-json\/wp\/v2\/types\/page"}],"author":[{"embeddable":true,"href":"https:\/\/erasmusfugger.eu\/de\/wp-json\/wp\/v2\/users\/1"}],"replies":[{"embeddable":true,"href":"https:\/\/erasmusfugger.eu\/de\/wp-json\/wp\/v2\/comments?post=94"}],"version-history":[{"count":14,"href":"https:\/\/erasmusfugger.eu\/de\/wp-json\/wp\/v2\/pages\/94\/revisions"}],"predecessor-version":[{"id":1263,"href":"https:\/\/erasmusfugger.eu\/de\/wp-json\/wp\/v2\/pages\/94\/revisions\/1263"}],"wp:featuredmedia":[{"embeddable":true,"href":"https:\/\/erasmusfugger.eu\/de\/wp-json\/wp\/v2\/media\/301"}],"wp:attachment":[{"href":"https:\/\/erasmusfugger.eu\/de\/wp-json\/wp\/v2\/media?parent=94"}],"curies":[{"name":"wp","href":"https:\/\/api.w.org\/{rel}","templated":true}]}}