{"id":183,"date":"2021-05-16T17:08:20","date_gmt":"2021-05-16T15:08:20","guid":{"rendered":"https:\/\/erasmusfugger.eu\/?page_id=183"},"modified":"2025-05-09T18:20:32","modified_gmt":"2025-05-09T16:20:32","slug":"activities","status":"publish","type":"page","link":"https:\/\/erasmusfugger.eu\/es\/activities\/","title":{"rendered":"Actividades"},"content":{"rendered":"<p>\u00a1Aqu\u00ed est\u00e1 el cronograma de las actividades de nuestros proyectos comunes!<\/p>\n\t\t\t<!-- Cool Timeline Free V3.3.0 -->\n\t\t\t<div class=\"ctl-wrapper\" role=\"region\" aria-label=\"Timeline\">\n\t\t\t\t\t\t\t\t<div id=\"cool_timeline_1\" class=\"cool-timeline-wrapper ctl-both-sided ctl-vertical-wrapper\" >\n\t\t\t\t\t<div class=\"ctl-start\"><\/div>\n\t\t\t\t\t<!-- Timeline Container -->\n\t\t\t\t\t<div class=\"ctl-timeline ctl-timeline-container\" data-animation=\"fade-up\">\n\t\t\t\t\t\t<!-- Center Line -->\n\t\t\t\t\t\t<div class=\"ctl-inner-line\" role=\"presentation\"><\/div>\n\t\t\t\t\t\t\t\t\t\t\t\t<!-- Story Year Section --><div data-cls=\"sc-nv-light vertical\" class=\"timeline-year scrollable-section ctl-year ctl-year-container light-year\" data-section-title=\"2023\" id=\"year-2023\"><div class=\"ctl-year-label ctl-year-text\"><span>2023<\/span><\/div><\/div><!-- Timeline Content --><div  id=\"ctl-story-4927\" class=\"ctl-story ctl-story-icon odd ctl-story-right\" data-aos=\"fade-up\"   data-story-index=\"1\" role=\"article\"><!-- Story Date --><div class=\"ctl-labels\"><div class=\"ctl-label-big story-date\">11\/06\/2023<\/div><\/div><!-- Story Icon --><div class=\"ctl-icon\"><i class=\"fa fa-clock-o\" aria-hidden=\"true\"><\/i><\/div> <!-- Story Arrow --><div class=\"ctl-arrow\"><\/div><!-- Story Content --><div class=\"ctl-content\"><!-- Story Title --><div class=\"ctl-title story-4927\" aria-label=\"2\"><a target=\"_self\" title=\"Student mobility in Bansk\u00e1 Bystrica\" href=\"https:\/\/erasmusfugger.eu\/es\/cool_timeline\/student-mobility-in-banska-bystrica\/\" class=\"story-link\">Student mobility in Bansk\u00e1 Bystrica<\/a><\/div><!-- Story Description --><div class=\"ctl-description\"><p>From 13th &#8211; 20th May 2023 students from the partner schools from Spain, Italy, Belgium and Germany arrived in Bansk\u00e1 Bystrica for the last project week as part of the Erasmus+ project. Click here for the final&nbsp; <a href=\"https:\/\/erasmusfugger.eu\/2023\/06\/11\/student-mobility-in-banska-bystrica-may-2023\/\">report<\/a> and picture galleries.<\/p>\n<\/div><\/div><\/div><!-- Timeline Content --><div  id=\"ctl-story-4157\" class=\"ctl-story ctl-story-icon even ctl-story-left\" data-aos=\"fade-up\"   data-story-index=\"2\" role=\"article\"><!-- Story Date --><div class=\"ctl-labels\"><div class=\"ctl-label-big story-date\">04\/03\/2023<\/div><\/div><!-- Story Icon --><div class=\"ctl-icon\"><i class= \"fa fas fa-user-friends\" aria-hidden =\"true\"><\/i><\/div> <!-- Story Arrow --><div class=\"ctl-arrow\"><\/div><!-- Story Content --><div class=\"ctl-content\"><!-- Story Title --><div class=\"ctl-title story-4157\" aria-label=\"2\"><a target=\"_self\" title=\"Student mobility in Antwerp\" href=\"https:\/\/erasmusfugger.eu\/es\/cool_timeline\/4th-student-mobility-in-antwerp\/\" class=\"story-link\">Student mobility in Antwerp<\/a><\/div><!-- Story Description --><div class=\"ctl-description\"><p>From 04.03.-11.03.2023 students from the partner schools from Spain, Italy, Slovakia and Germany arrived in Antwerp for the fourth project week as part of the Erasmus+ project. Click here for the <a href=\"https:\/\/erasmusfugger.eu\/2023\/03\/11\/student-mobility-in-antwerpen-march-2023\/\" target=\"_blank\" rel=\"noopener\">report<\/a> and much more information.<\/p>\n<\/div><\/div><\/div><!-- Story Year Section --><div data-cls=\"sc-nv-light vertical\" class=\"timeline-year scrollable-section ctl-year ctl-year-container light-year\" data-section-title=\"2022\" id=\"year-2022\"><div class=\"ctl-year-label ctl-year-text\"><span>2022<\/span><\/div><\/div><!-- Timeline Content --><div  id=\"ctl-story-4154\" class=\"ctl-story ctl-story-icon odd ctl-story-right\" data-aos=\"fade-up\"   data-story-index=\"3\" role=\"article\"><!-- Story Date --><div class=\"ctl-labels\"><div class=\"ctl-label-big story-date\">20\/12\/2022<\/div><\/div><!-- Story Icon --><div class=\"ctl-icon\"><i class= \"fa fas fa-tree\" aria-hidden =\"true\"><\/i><\/div> <!-- Story Arrow --><div class=\"ctl-arrow\"><\/div><!-- Story Content --><div class=\"ctl-content\"><!-- Story Title --><div class=\"ctl-title story-4154\" aria-label=\"2\"><a target=\"_self\" title=\"Christmas activities 2022\" href=\"https:\/\/erasmusfugger.eu\/es\/cool_timeline\/christmas-activities-2022\/\" class=\"story-link\">Christmas activities 2022<\/a><\/div><!-- Story Description --><div class=\"ctl-description\"><p>Online Christmas meeting of pupils and teachers on Tuesday 20 December 2022 at the virtual Christmas market with all partner schools involved in our Erasmus+ project.<\/p>\n<p><a href=\"https:\/\/erasmusfugger.eu\/sk\/2022\/12\/23\/christmas22\/\" target=\"_blank\" rel=\"noopener\">Report about the Christmas activties 2022<\/a><\/p>\n<\/div><\/div><\/div><!-- Timeline Content --><div  id=\"ctl-story-2707\" class=\"ctl-story ctl-story-icon even ctl-story-left\" data-aos=\"fade-up\"   data-story-index=\"4\" role=\"article\"><!-- Story Date --><div class=\"ctl-labels\"><div class=\"ctl-label-big story-date\">08\/10\/2022<\/div><\/div><!-- Story Icon --><div class=\"ctl-icon\"><i class= \"fa fas fa-user-friends\" aria-hidden =\"true\"><\/i><\/div> <!-- Story Arrow --><div class=\"ctl-arrow\"><\/div><!-- Story Content --><div class=\"ctl-content\"><!-- Story Title --><div class=\"ctl-title story-2707\" aria-label=\"2\"><a target=\"_self\" title=\"Student mobility in Almad\u00e9n\" href=\"https:\/\/erasmusfugger.eu\/es\/cool_timeline\/student-mobility-in-almaden\/\" class=\"story-link\">Student mobility in Almad\u00e9n<\/a><\/div><!-- Story Description --><div class=\"ctl-description\"><p>From 08.10.-15.10.2022 students from the partner schools from Belgium, Italy, Slovakia and Germany arrived in Almad\u00e9n for the third project week as part of the Erasmus+ project. Click here for the <a href=\"https:\/\/erasmusfugger.eu\/2022\/10\/15\/student-mobility-in-almaden\/\">report<\/a> and much more information.<\/p>\n<\/div><\/div><\/div><!-- Timeline Content --><div  id=\"ctl-story-2483\" class=\"ctl-story ctl-story-icon odd ctl-story-right\" data-aos=\"fade-up\"   data-story-index=\"5\" role=\"article\"><!-- Story Date --><div class=\"ctl-labels\"><div class=\"ctl-label-big story-date\">17\/09\/2022<\/div><\/div><!-- Story Icon --><div class=\"ctl-icon\"><i class= \"fa fas fa-user-friends\" aria-hidden =\"true\"><\/i><\/div> <!-- Story Arrow --><div class=\"ctl-arrow\"><\/div><!-- Story Content --><div class=\"ctl-content\"><!-- Story Title --><div class=\"ctl-title story-2483\" aria-label=\"2\"><a target=\"_self\" title=\"Student mobility in Sterzing\" href=\"https:\/\/erasmusfugger.eu\/es\/cool_timeline\/student-mobility-in-sterzing\/\" class=\"story-link\">Student mobility in Sterzing<\/a><\/div><!-- Story Description --><div class=\"ctl-description\"><p>From 17.09.-23.09.2022 students from the partner schools from Belgium, Spain, Slovakia and Germany arrived in Sterzing for the second project week as part of the Erasmus+ project. Click <a href=\"https:\/\/erasmusfugger.eu\/2022\/10\/09\/sterzing-22\/\">here<\/a> for the <a href=\"https:\/\/erasmusfugger.eu\/2022\/10\/09\/sterzing-22\/\">report<\/a> and much more information.<\/p>\n<\/div><\/div><\/div><!-- Timeline Content --><div  id=\"ctl-story-1774\" class=\"ctl-story ctl-story-icon even ctl-story-left\" data-aos=\"fade-up\"   data-story-index=\"6\" role=\"article\"><!-- Story Date --><div class=\"ctl-labels\"><div class=\"ctl-label-big story-date\">28\/05\/2022<\/div><\/div><!-- Story Icon --><div class=\"ctl-icon\"><i class= \"fa fas fa-user-graduate\" aria-hidden =\"true\"><\/i><\/div> <!-- Story Arrow --><div class=\"ctl-arrow\"><\/div><!-- Story Content --><div class=\"ctl-content\"><!-- Story Title --><div class=\"ctl-title story-1774\" aria-label=\"2\"><a target=\"_self\" title=\"Teachers Training Bansk\u00e1 Bystrica\" href=\"https:\/\/erasmusfugger.eu\/es\/cool_timeline\/teachers-training-banska-bystrica-2022\/\" class=\"story-link\">Teachers Training Bansk\u00e1 Bystrica<\/a><\/div><!-- Story Description --><div class=\"ctl-description\"><p>The teachers mobility in Bansk\u00e1 Bystrica offered a rich programme full of professional development courses with experts, promoting the use of new technologies and innovative teaching methods, which will be applied during the activities of the next pupil mobilities. Through excursions and guided tours to project sites we focused on increasing the knowledge about the partner country and the content of the project.<\/p>\n<p><a href=\"https:\/\/erasmusfugger.eu\/2022\/06\/28\/second-teachers-meeting-in-banska-bystrica\/\" target=\"_blank\" rel=\"noopener\">Report about the teachers training in Bansk\u00e1 Bystrica<\/a><\/p>\n<\/div><\/div><\/div><!-- Timeline Content --><div  id=\"ctl-story-1777\" class=\"ctl-story ctl-story-icon odd ctl-story-right\" data-aos=\"fade-up\"   data-story-index=\"7\" role=\"article\"><!-- Story Date --><div class=\"ctl-labels\"><div class=\"ctl-label-big story-date\">30\/04\/2022<\/div><\/div><!-- Story Icon --><div class=\"ctl-icon\"><i class= \"fa fas fa-user-friends\" aria-hidden =\"true\"><\/i><\/div> <!-- Story Arrow --><div class=\"ctl-arrow\"><\/div><!-- Story Content --><div class=\"ctl-content\"><!-- Story Title --><div class=\"ctl-title story-1777\" aria-label=\"2\"><a target=\"_self\" title=\"Movilidad de los estudiantes de Augsburgo\" href=\"https:\/\/erasmusfugger.eu\/es\/cool_timeline\/student-mobility-augsburg-2022\/\" class=\"story-link\">Movilidad de los estudiantes de Augsburgo<\/a><\/div><!-- Story Description --><div class=\"ctl-description\"><p>Del 30.4 al 7.5.2022 por fin lleg\u00f3 el momento. Despu\u00e9s de m\u00e1s de un a\u00f1o y medio de espera por culpa de Corona, los estudiantes de las escuelas asociadas de B\u00e9lgica, Espa\u00f1a, Eslovaquia e Italia llegaron por fin a Augsburgo para la semana de inicio del proyecto en el marco del proyecto Erasmus+.<\/p>\n<p>Informe sobre la semana del proyecto en Augsburgo<\/p>\n<\/div><\/div><\/div><!-- Story Year Section --><div data-cls=\"sc-nv-light vertical\" class=\"timeline-year scrollable-section ctl-year ctl-year-container light-year\" data-section-title=\"2021\" id=\"year-2021\"><div class=\"ctl-year-label ctl-year-text\"><span>2021<\/span><\/div><\/div><!-- Timeline Content --><div  id=\"ctl-story-1600\" class=\"ctl-story ctl-story-icon even ctl-story-left\" data-aos=\"fade-up\"   data-story-index=\"8\" role=\"article\"><!-- Story Date --><div class=\"ctl-labels\"><div class=\"ctl-label-big story-date\">17\/12\/2021<\/div><\/div><!-- Story Icon --><div class=\"ctl-icon\"><i class= \"fa fas fa-tree\" aria-hidden =\"true\"><\/i><\/div> <!-- Story Arrow --><div class=\"ctl-arrow\"><\/div><!-- Story Content --><div class=\"ctl-content\"><!-- Story Title --><div class=\"ctl-title story-1600\" aria-label=\"2\"><a target=\"_self\" title=\"Christmas video conference\" href=\"https:\/\/erasmusfugger.eu\/es\/cool_timeline\/christmas-video-conference\/\" class=\"story-link\">Christmas video conference<\/a><\/div><!-- Story Description --><div class=\"ctl-description\"><p>Online Christmas meeting of pupils and teachers.on Friday 17 December 2021 in all partner schools involved in our Erasmus+ project.<\/p>\n<p><a href=\"https:\/\/erasmusfugger.eu\/2022\/01\/02\/christmas-video-conference\/\" target=\"_blank\" rel=\"noopener\">Report about the video conference<\/a>&nbsp;<\/p>\n<\/div><\/div><\/div><!-- Timeline Content --><div  id=\"ctl-story-1515\" class=\"ctl-story ctl-story-icon odd ctl-story-right\" data-aos=\"fade-up\"   data-story-index=\"9\" role=\"article\"><!-- Story Date --><div class=\"ctl-labels\"><div class=\"ctl-label-big story-date\">06\/10\/2021<\/div><\/div><!-- Story Icon --><div class=\"ctl-icon\"><i class= \"fa fas fa-user-graduate\" aria-hidden =\"true\"><\/i><\/div> <!-- Story Arrow --><div class=\"ctl-arrow\"><\/div><!-- Story Content --><div class=\"ctl-content\"><!-- Story Title --><div class=\"ctl-title story-1515\" aria-label=\"2\"><a target=\"_self\" title=\"Teachers training Almad\u00e9n\" href=\"https:\/\/erasmusfugger.eu\/es\/cool_timeline\/teachers-training-almaden-2021\/\" class=\"story-link\">Teachers training Almad\u00e9n<\/a><\/div><!-- Story Description --><div class=\"ctl-description\"><p><span data-contrast=\"none\">The project team met from 6<\/span><span data-contrast=\"none\">th<\/span><span data-contrast=\"none\">&nbsp;to 10<\/span><span data-contrast=\"none\">th<\/span><span data-contrast=\"none\"> October 2021 in the Spanish town of <\/span><span data-contrast=\"none\">Almad\u00e9n for the first teachers training. Teachers from Belgium, Germany, Italy and Slovakia were received by their Spanish partner school,<\/span> <i><span data-contrast=\"none\">I.E.S. Pablo Ruiz Picasso<\/span><\/i><span data-contrast=\"none\">.&nbsp;<\/span><span data-ccp-props=\"{\">&nbsp;<\/span><\/p>\n<p><a href=\"https:\/\/erasmusfugger.eu\/2021\/10\/25\/1st-staff-mobility-in-almaden-2021\/\" target=\"_blank\" rel=\"noopener\">Report about TT Almad\u00e9n<\/a><\/p>\n<\/div><\/div><\/div><!-- Timeline Content --><div  id=\"ctl-story-207\" class=\"ctl-story ctl-story-icon even ctl-story-left\" data-aos=\"fade-up\"   data-story-index=\"10\" role=\"article\"><!-- Story Date --><div class=\"ctl-labels\"><div class=\"ctl-label-big story-date\">05\/05\/2021<\/div><\/div><!-- Story Icon --><div class=\"ctl-icon\"><i class= \"fa fas fa-map-signs\" aria-hidden =\"true\"><\/i><\/div> <!-- Story Arrow --><div class=\"ctl-arrow\"><\/div><!-- Story Content --><div class=\"ctl-content\"><!-- Story Title --><div class=\"ctl-title story-207\" aria-label=\"2\"><a target=\"_self\" title=\"D\u00eda de Europa\" href=\"https:\/\/erasmusfugger.eu\/es\/cool_timeline\/european-day\/\" class=\"story-link\">D\u00eda de Europa<\/a><\/div><!-- Story Description --><div class=\"ctl-description\"><p>Como parte de la celebraci\u00f3n del d\u00eda de Europa 2021, los socios realizaron actividades en sus centros, que van desde una mirada m\u00e1s cercana a la persona de Jakob Fugger hasta un concurso de fotograf\u00eda y toda una semana de proyectos.<\/p>\n<p>Aqu\u00ed puedes ver lo que se realiz\u00f3 en las ciudades de &nbsp;<a href=\"https:\/\/erasmusfugger.eu\/2021\/05\/05\/europe-day-week-in-almaden\/\">Almad\u00e9n<\/a>, <a href=\"https:\/\/erasmusfugger.eu\/2021\/05\/06\/europe-day-in-antwerp\/\">Antwerp<\/a>, <a href=\"https:\/\/erasmusfugger.eu\/2021\/05\/08\/european-day-in-augsburg\/\">Augsburg<\/a>, <a href=\"https:\/\/erasmusfugger.eu\/2021\/05\/13\/project-week-in-banska-bystrica\/\">Bansk\u00e1 Bystrica<\/a> and <a href=\"https:\/\/erasmusfugger.eu\/?p=1093&amp;preview=true\">Sterzing<\/a>.<\/p>\n<\/div><\/div><\/div><!-- Timeline Content --><div  id=\"ctl-story-230\" class=\"ctl-story ctl-story-icon odd ctl-story-right\" data-aos=\"fade-up\"   data-story-index=\"11\" role=\"article\"><!-- Story Date --><div class=\"ctl-labels\"><div class=\"ctl-label-big story-date\">03\/05\/2021<\/div><\/div><!-- Story Icon --><div class=\"ctl-icon\"><i class= \"fa fas fa-question\" aria-hidden =\"true\"><\/i><\/div> <!-- Story Arrow --><div class=\"ctl-arrow\"><\/div><!-- Story Content --><div class=\"ctl-content\"><!-- Story Title --><div class=\"ctl-title story-230\" aria-label=\"2\"><a target=\"_self\" title=\"Cuestionario\" href=\"https:\/\/erasmusfugger.eu\/es\/cool_timeline\/questionnaire\/\" class=\"story-link\">Cuestionario<\/a><\/div><!-- Story Description --><div class=\"ctl-description\"><p>Se inici\u00f3 la encuesta multiling\u00fce en l\u00ednea sobre \u00abJakob Fugger\u00bb en las diferentes ciudades sobre el reconocimiento del nombre, el personaje hist\u00f3rico y sus m\u00e9ritos para la ciudad.<\/p>\n<p><a href=\"https:\/\/erasmusfugger.eu\/es\/2021\/05\/03\/questionnaire-about-jakob-fugger\/\">Cuestionario sobre Jakob Fugger<\/a><\/p>\n<\/div><\/div><\/div><!-- Timeline Content --><div  id=\"ctl-story-188\" class=\"ctl-story ctl-story-icon even ctl-story-left\" data-aos=\"fade-up\"   data-story-index=\"12\" role=\"article\"><!-- Story Date --><div class=\"ctl-labels\"><div class=\"ctl-label-big story-date\">09\/02\/2021<\/div><\/div><!-- Story Icon --><div class=\"ctl-icon\"><i class= \"fa fas fa-network-wired\" aria-hidden =\"true\"><\/i><\/div> <!-- Story Arrow --><div class=\"ctl-arrow\"><\/div><!-- Story Content --><div class=\"ctl-content\"><!-- Story Title --><div class=\"ctl-title story-188\" aria-label=\"2\"><a target=\"_self\" title=\"D\u00eda de internet m\u00e1s seguro 2021\" href=\"https:\/\/erasmusfugger.eu\/es\/cool_timeline\/safer-internet-day\/\" class=\"story-link\">D\u00eda de internet m\u00e1s seguro 2021<\/a><\/div><!-- Story Description --><div class=\"ctl-description\"><p>En el D\u00eda de Internet m\u00e1s seguro 2021, se organizaron talleres multinacionales sobre los siguientes temas:<\/p>\n<p>\u00bfC\u00f3mo me comporto correctamente en las redes sociales (#netiquette)?<br \/>\n\u00bfC\u00f3mo descubro las #fakenews (noticias falsas)?<br \/>\n\u00bfHa cambiado mi uso de las redes sociales durante la pandemia del coronavirus?<br \/>\n\u00bfQu\u00e9 papel juegan los influencers?<br \/>\nLos estudiantes participaron en los talleres de las escuelas asociadas a trav\u00e9s de videoconferencia, de modo que cada participante pudo realizar al menos un primer viaje virtual a Europa.<\/p>\n<p>Aqu\u00ed puede encontrar los informes de Almad\u00e9n, <a href=\"https:\/\/erasmusfugger.eu\/2021\/02\/09\/safer-internet-day-2021-belgian-workshop\/\">Amberes<\/a>, <a href=\"https:\/\/erasmusfugger.eu\/2021\/05\/17\/safer-internet-day-2021-german-workshop\/\">Augsburg<\/a>, <a href=\"https:\/\/erasmusfugger.eu\/2021\/02\/09\/safer-internet-day-2021-slovakian-workshop\/\">Bansk\u00e1 Bystrica<\/a> y <a href=\"https:\/\/erasmusfugger.eu\/2021\/02\/09\/safer-internet-day-italian-workshop\/\">Sterzing<\/a><\/p>\n<\/div><\/div><\/div><!-- Timeline Content --><div  id=\"ctl-story-316\" class=\"ctl-story ctl-story-icon odd ctl-story-right\" data-aos=\"fade-up\"   data-story-index=\"13\" role=\"article\"><!-- Story Date --><div class=\"ctl-labels\"><div class=\"ctl-label-big story-date\">15\/01\/2021<\/div><\/div><!-- Story Icon --><div class=\"ctl-icon\"><i class= \"fa fas fa-info-circle\" aria-hidden =\"true\"><\/i><\/div> <!-- Story Arrow --><div class=\"ctl-arrow\"><\/div><!-- Story Content --><div class=\"ctl-content\"><!-- Story Title --><div class=\"ctl-title story-316\" aria-label=\"2\"><a target=\"_self\" title=\"Competici\u00f3n por la elecci\u00f3n del logo del proyecto\" href=\"https:\/\/erasmusfugger.eu\/es\/cool_timeline\/logo-competition\/\" class=\"story-link\">Competici\u00f3n por la elecci\u00f3n del logo del proyecto<\/a><\/div><!-- Story Description --><div class=\"ctl-description\"><p>Durante la reuni\u00f3n inicial se mostr\u00f3 a los estudiantes participantes de las cinco escuelas los principales objetivos del proyecto. La primera actividad fue el dise\u00f1o del logotipo com\u00fan del proyecto para fomentar el esp\u00edritu de equipo y la identificaci\u00f3n. El concurso estuvo abierto hasta el 15 de enero de 2021.<\/p>\n<p><a href=\"https:\/\/erasmusfugger.eu\/2021\/01\/17\/results-of-the-logo-competition\/\">Primeros resultados de la competici\u00f3n por la elecci\u00f3n del loto del proyecto<\/a><\/p>\n<\/div><\/div><\/div><!-- Story Year Section --><div data-cls=\"sc-nv-light vertical\" class=\"timeline-year scrollable-section ctl-year ctl-year-container light-year\" data-section-title=\"2020\" id=\"year-2020\"><div class=\"ctl-year-label ctl-year-text\"><span>2020<\/span><\/div><\/div><!-- Timeline Content --><div  id=\"ctl-story-620\" class=\"ctl-story ctl-story-icon even ctl-story-left\" data-aos=\"fade-up\"   data-story-index=\"14\" role=\"article\"><!-- Story Date --><div class=\"ctl-labels\"><div class=\"ctl-label-big story-date\">24\/12\/2020<\/div><\/div><!-- Story Icon --><div class=\"ctl-icon\"><i class= \"fa fas fa-tree\" aria-hidden =\"true\"><\/i><\/div> <!-- Story Arrow --><div class=\"ctl-arrow\"><\/div><!-- Story Content --><div class=\"ctl-content\"><!-- Story Title --><div class=\"ctl-title story-620\" aria-label=\"2\"><a target=\"_self\" title=\"Tarjetas navide\u00f1as 2020\" href=\"https:\/\/erasmusfugger.eu\/es\/cool_timeline\/christmas-cards-2021\/\" class=\"story-link\">Tarjetas navide\u00f1as 2020<\/a><\/div><!-- Story Description --><div class=\"ctl-description\"><p>Env\u00edo de tarjetas navide\u00f1as de \u00aben papel\u00bb despu\u00e9s de una mezcla completamente aleatoria de estudiantes y profesores de las diferentes escuelas y pa\u00edses.<\/p>\n<\/div><\/div><\/div><!-- Timeline Content --><div  id=\"ctl-story-182\" class=\"ctl-story ctl-story-icon odd ctl-story-right\" data-aos=\"fade-up\"   data-story-index=\"15\" role=\"article\"><!-- Story Date --><div class=\"ctl-labels\"><div class=\"ctl-label-big story-date\">15\/12\/2020<\/div><\/div><!-- Story Icon --><div class=\"ctl-icon\"><i class= \"fa fas fa-school\" aria-hidden =\"true\"><\/i><\/div> <!-- Story Arrow --><div class=\"ctl-arrow\"><\/div><!-- Story Content --><div class=\"ctl-content\"><!-- Story Title --><div class=\"ctl-title story-182\" aria-label=\"2\"><a target=\"_self\" title=\"Reuni\u00f3n Inicial\" href=\"https:\/\/erasmusfugger.eu\/es\/cool_timeline\/kick-off-meeting\/\" class=\"story-link\">Reuni\u00f3n Inicial<\/a><\/div><!-- Story Description --><div class=\"ctl-description\"><p>Gran reuni\u00f3n inicial de manera virtual en la que se presentaron las escuelas asociadas de Sterzing, Bansk\u00e1 Bystrica, Amberes, Augsburgo y Almad\u00e9n. Adem\u00e1s de eso, hubo saludos de:<\/p>\n<ul>\n<li>S.E. Alexander Erbgraf Fugger-Babenhausena<\/li>\n<li>Stanislav Manca (director de cine \u00abLos viajes del cobre\u00bb)<\/li>\n<li>Wiebke Schreier (Museo Fugger-Welser, Augsburgo)<\/li>\n<li>Cristina Copado (fundadora y socia de la empresa tur\u00edstica ArteMina)<\/li>\n<\/ul>\n<p><a href=\"https:\/\/erasmusfugger.eu\/2020\/12\/15\/kick-off-meeting\/\">Reuni\u00f3n Inicial<\/a><\/p>\n<\/div><\/div><\/div><!-- Timeline Content --><div  id=\"ctl-story-235\" class=\"ctl-story ctl-story-icon even ctl-story-left\" data-aos=\"fade-up\"   data-story-index=\"16\" role=\"article\"><!-- Story Date --><div class=\"ctl-labels\"><div class=\"ctl-label-big story-date\">14\/08\/2020<\/div><\/div><!-- Story Icon --><div class=\"ctl-icon\"><i class= \"fa fas fa-file-contract\" aria-hidden =\"true\"><\/i><\/div> <!-- Story Arrow --><div class=\"ctl-arrow\"><\/div><!-- Story Content --><div class=\"ctl-content\"><!-- Story Title --><div class=\"ctl-title story-235\" aria-label=\"2\"><a target=\"_self\" title=\"Proyecto aceptado\" href=\"https:\/\/erasmusfugger.eu\/es\/cool_timeline\/project-accepted\/\" class=\"story-link\">Proyecto aceptado<\/a><\/div><!-- Story Description --><div class=\"ctl-description\"><p>M\u00e1s de un a\u00f1o despu\u00e9s de los primeros borradores previstos durante la reuni\u00f3n inicial del proyecto \u00abEurop\u00e4ische Fuggerstra\u00dfe\u00bb en Augsburgo en mayo de 2020, se aprob\u00f3 el proyecto Erasmus + sobre Jakob Fugger.<\/p>\n<p><a href=\"https:\/\/erasmusfugger.eu\/2020\/08\/14\/hello-world\/\">Proyecto Erasmus+ aceptado<\/a><\/p>\n<\/div><\/div><\/div>\t\t\t\t\t<\/div>\n\t\t\t\t\t<div class=\"ctl-end\"><\/div>\n\t\t\t\t\t\t\t\t\t<\/div>\n\t\t\t<\/div>\n\t\t\t\n","protected":false},"excerpt":{"rendered":"<p>\u00a1Aqu\u00ed est\u00e1 el cronograma de las actividades de nuestros proyectos comunes!<\/p>\n","protected":false},"author":1,"featured_media":0,"parent":0,"menu_order":0,"comment_status":"closed","ping_status":"closed","template":"","meta":{"ngg_post_thumbnail":0,"pgc_sgb_lightbox_settings":"","footnotes":""},"class_list":["post-183","page","type-page","status-publish","hentry"],"translation":{"provider":"WPGlobus","version":"3.0.2","language":"es","enabled_languages":["en","de","es","nl","sk"],"languages":{"en":{"title":true,"content":true,"excerpt":false},"de":{"title":true,"content":true,"excerpt":false},"es":{"title":true,"content":true,"excerpt":false},"nl":{"title":true,"content":true,"excerpt":false},"sk":{"title":true,"content":true,"excerpt":false}}},"_links":{"self":[{"href":"https:\/\/erasmusfugger.eu\/es\/wp-json\/wp\/v2\/pages\/183","targetHints":{"allow":["GET"]}}],"collection":[{"href":"https:\/\/erasmusfugger.eu\/es\/wp-json\/wp\/v2\/pages"}],"about":[{"href":"https:\/\/erasmusfugger.eu\/es\/wp-json\/wp\/v2\/types\/page"}],"author":[{"embeddable":true,"href":"https:\/\/erasmusfugger.eu\/es\/wp-json\/wp\/v2\/users\/1"}],"replies":[{"embeddable":true,"href":"https:\/\/erasmusfugger.eu\/es\/wp-json\/wp\/v2\/comments?post=183"}],"version-history":[{"count":10,"href":"https:\/\/erasmusfugger.eu\/es\/wp-json\/wp\/v2\/pages\/183\/revisions"}],"predecessor-version":[{"id":6274,"href":"https:\/\/erasmusfugger.eu\/es\/wp-json\/wp\/v2\/pages\/183\/revisions\/6274"}],"wp:attachment":[{"href":"https:\/\/erasmusfugger.eu\/es\/wp-json\/wp\/v2\/media?parent=183"}],"curies":[{"name":"wp","href":"https:\/\/api.w.org\/{rel}","templated":true}]}}