{"id":4409,"date":"2022-05-16T12:19:02","date_gmt":"2022-05-16T10:19:02","guid":{"rendered":"https:\/\/erasmusfugger.eu\/?page_id=4409"},"modified":"2023-10-03T13:14:46","modified_gmt":"2023-10-03T11:14:46","slug":"questionnaires-quizzes-city-tours","status":"publish","type":"page","link":"https:\/\/erasmusfugger.eu\/es\/questionnaires-quizzes-city-tours\/","title":{"rendered":"Questionnaires, quizzes, city tours&#8230;"},"content":{"rendered":"<p><a href=\"https:\/\/erasmusfugger.eu\/wp-content\/uploads\/2023\/09\/Screenshot_Actionbound-scaled.jpg\"><img loading=\"lazy\" decoding=\"async\" class=\"alignright wp-image-5556 \" src=\"https:\/\/erasmusfugger.eu\/wp-content\/uploads\/2023\/09\/Screenshot_Actionbound-338x1024.jpg\" alt=\"\" width=\"251\" height=\"760\" srcset=\"https:\/\/erasmusfugger.eu\/wp-content\/uploads\/2023\/09\/Screenshot_Actionbound-338x1024.jpg 338w, https:\/\/erasmusfugger.eu\/wp-content\/uploads\/2023\/09\/Screenshot_Actionbound-99x300.jpg 99w, https:\/\/erasmusfugger.eu\/wp-content\/uploads\/2023\/09\/Screenshot_Actionbound-768x2325.jpg 768w, https:\/\/erasmusfugger.eu\/wp-content\/uploads\/2023\/09\/Screenshot_Actionbound-507x1536.jpg 507w, https:\/\/erasmusfugger.eu\/wp-content\/uploads\/2023\/09\/Screenshot_Actionbound-677x2048.jpg 677w, https:\/\/erasmusfugger.eu\/wp-content\/uploads\/2023\/09\/Screenshot_Actionbound-scaled.jpg 846w\" sizes=\"auto, (max-width: 251px) 100vw, 251px\" \/><\/a>In this section you can find&nbsp;<\/p>\n<ul>\n<li style=\"list-style-type: none;\">\n<ul>\n<li><a href=\"https:\/\/erasmusfugger.eu\/2021\/05\/03\/questionnaire-about-jakob-fugger\/\">questionnaire about the live and work of Jakob Fugger<\/a><\/li>\n<li>quizzes created within the framework of the Fugger Forum:\n<ul>\n<li>&nbsp;<\/li>\n<\/ul>\n<\/li>\n<li>paper chases and city tours:\n<ul>\n<li><a href=\"https:\/\/erasmusfugger.eu\/wp-content\/uploads\/2023\/04\/Actionbound_Augsburg.png\" target=\"_blank\" rel=\"noopener\">city tours in Augsburg with Action Bound<\/a><\/li>\n<li><a href=\"https:\/\/erasmusfugger.eu\/wp-content\/uploads\/2023\/10\/Rallye_Augsburg.pdf\" target=\"_blank\" rel=\"noopener\">paper chase through Augsburg &#8211; Augsburg Rally<\/a><\/li>\n<li>treasure hunt &#8211; <a href=\"https:\/\/en.actionbound.com\/bound\/banskabystrica\">Discover Bansk\u00e1 Bystrica<\/a><\/li>\n<li>kahoot quiz &#8211; <a href=\"https:\/\/play.kahoot.it\/v2\/?quizId=067c6226-00fd-4d36-a625-785fddf59e82\" target=\"_blank\" rel=\"noopener\">Bansk\u00e1 \u0160tiavnica &#8211; a story of a town<\/a><\/li>\n<li>Actionbound on <a href=\"https:\/\/actionbound.com\/bound\/erasmus-at-eilandje-in-antwerp\" target=\"_blank\" rel=\"noopener\">\u00ab&#8216;t Eilandje\u00bb in Antwerp<\/a><\/li>\n<\/ul>\n<\/li>\n<li>&nbsp;<\/li>\n<\/ul>\n<\/li>\n<\/ul>\n","protected":false},"excerpt":{"rendered":"<p>In this section you can find&nbsp; questionnaire about the live and work of Jakob Fugger quizzes created within the framework of the Fugger Forum: &nbsp; paper chases and city tours: city tours in Augsburg with Action Bound paper chase through Augsburg &#8211; Augsburg Rally treasure hunt &#8211; Discover Bansk\u00e1 Bystrica kahoot quiz &#8211; Bansk\u00e1 \u0160tiavnica <a class=\"more-link\" href=\"https:\/\/erasmusfugger.eu\/es\/questionnaires-quizzes-city-tours\/\">Read More &#8230;<\/a><\/p>\n","protected":false},"author":1,"featured_media":0,"parent":0,"menu_order":0,"comment_status":"closed","ping_status":"closed","template":"","meta":{"ngg_post_thumbnail":0,"pgc_sgb_lightbox_settings":"","footnotes":""},"class_list":["post-4409","page","type-page","status-publish","hentry"],"translation":{"provider":"WPGlobus","version":"3.0.2","language":"es","enabled_languages":["en","de","es","nl","sk"],"languages":{"en":{"title":true,"content":true,"excerpt":false},"de":{"title":true,"content":true,"excerpt":false},"es":{"title":false,"content":false,"excerpt":false},"nl":{"title":false,"content":false,"excerpt":false},"sk":{"title":false,"content":false,"excerpt":false}}},"_links":{"self":[{"href":"https:\/\/erasmusfugger.eu\/es\/wp-json\/wp\/v2\/pages\/4409","targetHints":{"allow":["GET"]}}],"collection":[{"href":"https:\/\/erasmusfugger.eu\/es\/wp-json\/wp\/v2\/pages"}],"about":[{"href":"https:\/\/erasmusfugger.eu\/es\/wp-json\/wp\/v2\/types\/page"}],"author":[{"embeddable":true,"href":"https:\/\/erasmusfugger.eu\/es\/wp-json\/wp\/v2\/users\/1"}],"replies":[{"embeddable":true,"href":"https:\/\/erasmusfugger.eu\/es\/wp-json\/wp\/v2\/comments?post=4409"}],"version-history":[{"count":10,"href":"https:\/\/erasmusfugger.eu\/es\/wp-json\/wp\/v2\/pages\/4409\/revisions"}],"predecessor-version":[{"id":5959,"href":"https:\/\/erasmusfugger.eu\/es\/wp-json\/wp\/v2\/pages\/4409\/revisions\/5959"}],"wp:attachment":[{"href":"https:\/\/erasmusfugger.eu\/es\/wp-json\/wp\/v2\/media?parent=4409"}],"curies":[{"name":"wp","href":"https:\/\/api.w.org\/{rel}","templated":true}]}}