{"id":71,"date":"2021-05-15T19:39:01","date_gmt":"2021-05-15T17:39:01","guid":{"rendered":"https:\/\/erasmusfugger.eu\/?page_id=71"},"modified":"2025-05-09T20:39:14","modified_gmt":"2025-05-09T18:39:14","slug":"project-description","status":"publish","type":"page","link":"https:\/\/erasmusfugger.eu\/es\/project-description\/","title":{"rendered":"Hechos b\u00e1sicos"},"content":{"rendered":"<p><strong>Jakob Fugger \u2013 Un influyente europeo hist\u00f3rico \u2013 #econ\u00f3mico#pol\u00edtico#social#medial#ecol\u00f3gico#huellas<\/strong><\/p>\n<p>Inicio: 01-11-2020 \u2013 Fin: 31-08-2023<br \/>Referencia del proyecto: 2020-1-DE03-KA229-077399 <br \/>Programa: <strong>Erasmus+<\/strong> <br \/>Acci\u00f3n clave: <strong>Cooperaci\u00f3n para la innovaci\u00f3n y el intercambio de buenas pr\u00e1cticas<\/strong> <br \/>Tipo de acci\u00f3n: <strong>Asociaciones de intercambio escolar<\/strong> <br \/>Dimensi\u00f3n regional y cooperaci\u00f3n, Ciencias naturales, Transporte y movilidad<\/p>\n<h4>Coordinador<\/h4>\n<p>Jakob-Fugger-Gymnasium, Augsburgo<\/p>\n<h4>Socios<\/h4>\n<ul>\n<li>Zakladna skola, Moskovska 2, Bansk\u00e1 Bystrica<\/li>\n<li>Oberschulzentrum Sterzing<\/li>\n<li>Onze-Lieve-Vrouwecollege, Amberes<\/li>\n<li>Instituto de Educaci\u00f3n Secundaria Pablo Ruiz Picasso, Almad\u00e9n<\/li>\n<\/ul>\n","protected":false},"excerpt":{"rendered":"<p>Jakob Fugger \u2013 Un influyente europeo hist\u00f3rico \u2013 #econ\u00f3mico#pol\u00edtico#social#medial#ecol\u00f3gico#huellas Inicio: 01-11-2020 \u2013 Fin: 31-08-2023Referencia del proyecto: 2020-1-DE03-KA229-077399 Programa: Erasmus+ Acci\u00f3n clave: Cooperaci\u00f3n para la innovaci\u00f3n y el intercambio de buenas pr\u00e1cticas Tipo de acci\u00f3n: Asociaciones de intercambio escolar Dimensi\u00f3n regional y cooperaci\u00f3n, Ciencias naturales, Transporte y movilidad Coordinador Jakob-Fugger-Gymnasium, Augsburgo Socios Zakladna skola, Moskovska 2, <a class=\"more-link\" href=\"https:\/\/erasmusfugger.eu\/es\/project-description\/\">Read More &#8230;<\/a><\/p>\n","protected":false},"author":1,"featured_media":1897,"parent":0,"menu_order":0,"comment_status":"closed","ping_status":"closed","template":"","meta":{"ngg_post_thumbnail":0,"pgc_sgb_lightbox_settings":"","footnotes":""},"class_list":["post-71","page","type-page","status-publish","has-post-thumbnail","hentry"],"translation":{"provider":"WPGlobus","version":"3.0.2","language":"es","enabled_languages":["en","de","es","nl","sk"],"languages":{"en":{"title":true,"content":true,"excerpt":false},"de":{"title":true,"content":true,"excerpt":false},"es":{"title":true,"content":true,"excerpt":false},"nl":{"title":true,"content":true,"excerpt":false},"sk":{"title":true,"content":true,"excerpt":false}}},"_links":{"self":[{"href":"https:\/\/erasmusfugger.eu\/es\/wp-json\/wp\/v2\/pages\/71","targetHints":{"allow":["GET"]}}],"collection":[{"href":"https:\/\/erasmusfugger.eu\/es\/wp-json\/wp\/v2\/pages"}],"about":[{"href":"https:\/\/erasmusfugger.eu\/es\/wp-json\/wp\/v2\/types\/page"}],"author":[{"embeddable":true,"href":"https:\/\/erasmusfugger.eu\/es\/wp-json\/wp\/v2\/users\/1"}],"replies":[{"embeddable":true,"href":"https:\/\/erasmusfugger.eu\/es\/wp-json\/wp\/v2\/comments?post=71"}],"version-history":[{"count":10,"href":"https:\/\/erasmusfugger.eu\/es\/wp-json\/wp\/v2\/pages\/71\/revisions"}],"predecessor-version":[{"id":6318,"href":"https:\/\/erasmusfugger.eu\/es\/wp-json\/wp\/v2\/pages\/71\/revisions\/6318"}],"wp:featuredmedia":[{"embeddable":true,"href":"https:\/\/erasmusfugger.eu\/es\/wp-json\/wp\/v2\/media\/1897"}],"wp:attachment":[{"href":"https:\/\/erasmusfugger.eu\/es\/wp-json\/wp\/v2\/media?parent=71"}],"curies":[{"name":"wp","href":"https:\/\/api.w.org\/{rel}","templated":true}]}}