{"id":94,"date":"2021-05-15T20:44:05","date_gmt":"2021-05-15T18:44:05","guid":{"rendered":"https:\/\/erasmusfugger.eu\/?page_id=94"},"modified":"2023-02-13T11:26:24","modified_gmt":"2023-02-13T10:26:24","slug":"schools-and-regions","status":"publish","type":"page","link":"https:\/\/erasmusfugger.eu\/es\/schools-and-regions\/","title":{"rendered":"Schools and Regions"},"content":{"rendered":"<h3 id=\"DE\">Jakob-Fugger-Gymnasium, Augsburg (Germany)<\/h3>\n<p><a href=\"https:\/\/erasmusfugger.eu\/wp-content\/uploads\/2021\/05\/Jakob-Fugger-Gymnasium_Augsburg_kl.jpg\"><img loading=\"lazy\" decoding=\"async\" class=\"alignright size-medium wp-image-302\" src=\"https:\/\/erasmusfugger.eu\/wp-content\/uploads\/2021\/05\/Jakob-Fugger-Gymnasium_Augsburg_kl-300x192.jpg\" alt=\"\" width=\"300\" height=\"192\" srcset=\"https:\/\/erasmusfugger.eu\/wp-content\/uploads\/2021\/05\/Jakob-Fugger-Gymnasium_Augsburg_kl-300x192.jpg 300w, https:\/\/erasmusfugger.eu\/wp-content\/uploads\/2021\/05\/Jakob-Fugger-Gymnasium_Augsburg_kl-768x492.jpg 768w, https:\/\/erasmusfugger.eu\/wp-content\/uploads\/2021\/05\/Jakob-Fugger-Gymnasium_Augsburg_kl.jpg 800w\" sizes=\"auto, (max-width: 300px) 100vw, 300px\" \/><\/a>The \u00abJakob Fugger\u00bb secondary school is a modern school with a long tradition, located in the city centre of <a href=\"https:\/\/en.wikipedia.org\/wiki\/Augsburg\" target=\"_blank\" rel=\"noopener\">Augsburg<\/a>. The history of the school began in 1879 with the foundation of the \u00abH\u00f6here Handelsschule\u00bb. It became the present \u201cJakob-Fugger-Gymnasium\u201d in 1965 to honour the old families of the city of Augsburg and to point out the focus on economic education. Later, a Science and Technology branch was established. At present about 740 students are taught by about 65 colleagues. With qualified teaching methods, various offers of individual support and a wide range of electives the school provides a solid education which meets individual learning requirements and different inclinations and interests. Jakob-Fugger&#8217;s impact is still multi-present in Augsburg. Within the framework of the project our students will have the chance to gain further knowledge about the man who gave their school its name. By joining this project, we will also try to dynamize teaching practices, improve the interdisciplinary cooperation between teachers and create a European network to exchange pedagogies on the eTwinning platform or while teachers\u2019 meetings. The project will try to be inclusive in order to involve pupils with learning difficulties and those who have never been abroad before due to social disadvantages. Above that the aim of the project is to train pupils to become open-minded when being confronted to the diversity and to other cultures in Europe.<\/p>\n<h3>Z\u00e1kladn\u00e1 \u0161kola, Moskovsk\u00e1 2, Bansk\u00e1 Bystrica (Slovakia)<\/h3>\n<p><img loading=\"lazy\" decoding=\"async\" class=\"alignright size-medium wp-image-1458\" src=\"https:\/\/erasmusfugger.eu\/wp-content\/uploads\/2021\/07\/skola-300x117.jpg\" alt=\"\" width=\"300\" height=\"117\" srcset=\"https:\/\/erasmusfugger.eu\/wp-content\/uploads\/2021\/07\/skola-300x117.jpg 300w, https:\/\/erasmusfugger.eu\/wp-content\/uploads\/2021\/07\/skola.jpg 360w\" sizes=\"auto, (max-width: 300px) 100vw, 300px\" \/>Primary and middle school Moskovsk\u00e1 2 in Bansk\u00e1 Bystrica provides pupils with general primary and lower secondary education. There are 576 pupils and 71 staff members. The school has recently started to implement innovations and changes focusing the attention on the key competences for future studies, work and life (changing school curriculum from content focus to pupils\u2019 skills, moving from memorising to developing presentation skills, supporting intersubject relations through connecting areas). Regarding the effort to facilitate skills to cooperate, communicate in foreign languages, think critically and to solve problems the teachers are searching for opportunities to involve pupils in projects on an international level. As for the teachers, introducing new approaches to teamwork, interdisciplinary cooperation, the possibility of the exchange of good practices through opening the school for cooperation with European schools, new opportunities for their professional growth will open.<\/p>\n<p>adress:&nbsp;Moskovsk\u00e1 2, SK-974 04 Bansk\u00e1 Bystrica<br \/>\nmail: coming soon<br \/>\nlink to the schools website: <a href=\"https:\/\/zsmoskovska.edupage.org\/\" target=\"_blank\" rel=\"noopener\">Z\u00e1kladn\u00e1 \u0161kola, Moskovsk\u00e1 2<\/a><\/p>\n<h3 id=\"IT\">Oberschulzentrum Sterzing, Sterzing (Italy)<\/h3>\n<p><img loading=\"lazy\" decoding=\"async\" class=\"size-medium wp-image-1074 alignright\" src=\"https:\/\/erasmusfugger.eu\/wp-content\/uploads\/2021\/06\/OSZ_Sterzing-300x113.jpg\" alt=\"\" width=\"300\" height=\"113\" srcset=\"https:\/\/erasmusfugger.eu\/wp-content\/uploads\/2021\/06\/OSZ_Sterzing-300x113.jpg 300w, https:\/\/erasmusfugger.eu\/wp-content\/uploads\/2021\/06\/OSZ_Sterzing-768x288.jpg 768w, https:\/\/erasmusfugger.eu\/wp-content\/uploads\/2021\/06\/OSZ_Sterzing.jpg 800w\" sizes=\"auto, (max-width: 300px) 100vw, 300px\" \/>The Oberschulzentrum Sterzing is an upper-secondary school with almost 400 students aged 14-18 and about 60 teachers. The school is located in the town of Sterzing, which has around 6,400 inhabitants and is situated in the very North of Italy, about 15 km south of the Brenner border. Our students come from Sterzing and its surrounding valleys. Our school offers four branches of education: a language branch, a sports branch, a science branch and an economic branch. After attending our school for five years, students graduate by taking the national A-level exam at the age of 18. The language of instruction is German, and Italian is taught as a second language. The fact that we are a relatively small school guarantees personal and individual support for the students.<\/p>\n<p>address: Kanonikus-Michael-Gamper-Platz 2, I-39049 STERZING<br \/>\nmail: <a href=\"mailto:os-osz.sterzing@schule.suedtirol.it\">os-osz.sterzing@schule.suedtirol.it<\/a><br \/>\nlink to the school website: <a href=\"https:\/\/www.oberschulzentrum-sterzing.eu\/\">Oberschulzentrum Sterzing<\/a><\/p>\n<h3 id=\"BE\">Onze-Lieve-Vrouwecollege Plus,&nbsp;Antwerp (Belgium)<\/h3>\n<h3><img loading=\"lazy\" decoding=\"async\" class=\"wp-image-1281 alignright\" style=\"color: #020203; font-family: 'Fira Sans', Arial, Tahoma, sans-serif; font-size: 15px; font-weight: 400;\" src=\"https:\/\/erasmusfugger.eu\/wp-content\/uploads\/2021\/07\/OLVC-300x210.jpg\" alt=\"\" width=\"339\" height=\"237\" srcset=\"https:\/\/erasmusfugger.eu\/wp-content\/uploads\/2021\/07\/OLVC-300x210.jpg 300w, https:\/\/erasmusfugger.eu\/wp-content\/uploads\/2021\/07\/OLVC.jpg 555w\" sizes=\"auto, (max-width: 339px) 100vw, 339px\" \/><\/h3>\n<p>The Onze-Lieve-Vrouwecollege Plus (College of Our Dear Lady) has been one of the most prestigious institutions in the Antwerp school landscape for over 150 years. More than 750 pupils from 35 nations attend our grammar school.<\/p>\n<p>Despite the austere appearance of the buildings, one enters through the school gates into a world full of activity, where studies, sports and after-school activities are offered to the pupils in perfect harmony. In the tradition of the Jesuits, the college has built up a reputation of high-quality and multifaceted education in which every pupil can fully develop their talents. Although we are a catholic school, all young people &#8211; no matter their religion &#8211; are most welcome. We are firmly convinced that this diversity offers a chance for later life. Our school also has a tradition of taking part in several \u201cOlympiads\u201d for different subjects such as mathematics, physics, biology and Latin. These are competitions, organised all over Flanders with the aim of selecting the best pupils. We are proud that we have regularly been able to send pupils to the finals.<\/p>\n<p>adress: Frankrijklei 91, 2000 Antwerp<br \/>\nmail: <a href=\"mailto:info@olvcplus.be\">info@olvcplus.be<\/a><br \/>\nlink to the schools website: <a href=\"https:\/\/www.olvcplus.be\/\" target=\"_blank\" rel=\"noopener\">Onze-Lieve-Vrouwecollege Plus<\/a><\/p>\n<h3 id=\"ES\">Instituto de Educaci\u00f3n Secundaria Pablo Ruiz Picasso, Almad\u00e9n (Spain)<\/h3>\n<p>The IES \u201cPablo Ruiz Picasso\u201d is an institute of secondary education with modern facilities. The school\u2019s educational offer includes two levels, the Compulsory Secondary Education (for ages 12-16) and the Bachillerato (for ages 16-18). The number of students is currently on the decrease, now there are only 290 students, as the area has experienced a population loss due to the closure of the mercury mine of Almad\u00e9n in 2003. Since then, the town has been struggling to overcome the economic difficulties. We believe that our students can benefit from the participation in a European programme as they have little opportunity to travel abroad and develop an open-minded attitude towards other people and cultures. Another advantage is that they can learn responsibility towards their own heritage and its conservation and promotion, thus becoming active actors in the future economic and political life of the town. Since 2012 we have been a UNESCO World Heritage site.<\/p>\n<p>adress: Avenida de Espa\u00f1a n\u00ba 68, ES-13400 Almad\u00e9n<br \/>\nmail: coming soon<br \/>\nlink to the schools website: <a href=\"http:\/\/ies-prpicasso.centros.castillalamancha.es\/\" target=\"_blank\" rel=\"noopener\">IES Pablo Ruiz Picasso<\/a><\/p>\n","protected":false},"excerpt":{"rendered":"<p>Jakob-Fugger-Gymnasium, Augsburg (Germany) The \u00abJakob Fugger\u00bb secondary school is a modern school with a long tradition, located in the city centre of Augsburg. The history of the school began in 1879 with the foundation of the \u00abH\u00f6here Handelsschule\u00bb. It became the present \u201cJakob-Fugger-Gymnasium\u201d in 1965 to honour the old families of the city of Augsburg <a class=\"more-link\" href=\"https:\/\/erasmusfugger.eu\/es\/schools-and-regions\/\">Read More &#8230;<\/a><\/p>\n","protected":false},"author":1,"featured_media":301,"parent":0,"menu_order":0,"comment_status":"closed","ping_status":"closed","template":"","meta":{"ngg_post_thumbnail":0,"pgc_sgb_lightbox_settings":"","footnotes":""},"class_list":["post-94","page","type-page","status-publish","has-post-thumbnail","hentry"],"translation":{"provider":"WPGlobus","version":"3.0.2","language":"es","enabled_languages":["en","de","es","nl","sk"],"languages":{"en":{"title":true,"content":true,"excerpt":false},"de":{"title":true,"content":true,"excerpt":false},"es":{"title":false,"content":false,"excerpt":false},"nl":{"title":true,"content":true,"excerpt":false},"sk":{"title":true,"content":true,"excerpt":false}}},"_links":{"self":[{"href":"https:\/\/erasmusfugger.eu\/es\/wp-json\/wp\/v2\/pages\/94","targetHints":{"allow":["GET"]}}],"collection":[{"href":"https:\/\/erasmusfugger.eu\/es\/wp-json\/wp\/v2\/pages"}],"about":[{"href":"https:\/\/erasmusfugger.eu\/es\/wp-json\/wp\/v2\/types\/page"}],"author":[{"embeddable":true,"href":"https:\/\/erasmusfugger.eu\/es\/wp-json\/wp\/v2\/users\/1"}],"replies":[{"embeddable":true,"href":"https:\/\/erasmusfugger.eu\/es\/wp-json\/wp\/v2\/comments?post=94"}],"version-history":[{"count":14,"href":"https:\/\/erasmusfugger.eu\/es\/wp-json\/wp\/v2\/pages\/94\/revisions"}],"predecessor-version":[{"id":1263,"href":"https:\/\/erasmusfugger.eu\/es\/wp-json\/wp\/v2\/pages\/94\/revisions\/1263"}],"wp:featuredmedia":[{"embeddable":true,"href":"https:\/\/erasmusfugger.eu\/es\/wp-json\/wp\/v2\/media\/301"}],"wp:attachment":[{"href":"https:\/\/erasmusfugger.eu\/es\/wp-json\/wp\/v2\/media?parent=94"}],"curies":[{"name":"wp","href":"https:\/\/api.w.org\/{rel}","templated":true}]}}