{"id":2662,"date":"2022-11-05T15:54:25","date_gmt":"2022-11-05T14:54:25","guid":{"rendered":"https:\/\/erasmusfugger.eu\/?page_id=2662"},"modified":"2022-11-05T19:23:43","modified_gmt":"2022-11-05T18:23:43","slug":"podcasts-audios","status":"publish","type":"page","link":"https:\/\/erasmusfugger.eu\/nl\/podcasts-audios\/","title":{"rendered":"Podcasts &#038; Audios"},"content":{"rendered":"\r\n<div id=\"aiovg-69da207f808981\" class=\"aiovg aiovg-videos aiovg-videos-template-classic\">\r\n            <div class=\"aiovg-count\">\r\n            5 videos found        <\/div>\r\n        \r\n    <!-- Videos -->\r\n    <div class=\"aiovg-section-videos aiovg-grid aiovg-row\">   \r\n                    \r\n            <div class=\"aiovg-item-video aiovg-item-video-2692 aiovg-col aiovg-col-3 aiovg-col-xs-2\" data-id=\"2692\">\r\n                \n<div class=\"aiovg-thumbnail aiovg-thumbnail-style-image-top\">\n    <a href=\"https:\/\/erasmusfugger.eu\/nl\/video\/interview-with-radio-cadena-ser-almaden\/\" class=\"aiovg-responsive-container\" style=\"padding-bottom: 56%;\"><img decoding=\"async\" src=\"https:\/\/erasmusfugger.eu\/wp-content\/uploads\/2022\/12\/interview_radiostation_2021-1024x576-1-300x169.jpg\" alt=\"{:en}Interview with radio Cadena Ser Almad\u00e9n{:}{:sk}Interview s r\u00e1diom Cadena Ser Almad\u00e9n{:}\" class=\"aiovg-responsive-element\"\/><div class=\"aiovg-duration\">11:48<\/div><svg xmlns=\"http:\/\/www.w3.org\/2000\/svg\" fill=\"white\" width=\"40\" height=\"40\" viewBox=\"0 0 24 24\" class=\"aiovg-svg-icon-play aiovg-flex-shrink-0\">\n            <path fill-rule=\"evenodd\" d=\"M2.25 12c0-5.385 4.365-9.75 9.75-9.75s9.75 4.365 9.75 9.75-4.365 9.75-9.75 9.75S2.25 17.385 2.25 12Zm14.024-.983a1.125 1.125 0 0 1 0 1.966l-5.603 3.113A1.125 1.125 0 0 1 9 15.113V8.887c0-.857.921-1.4 1.671-.983l5.603 3.113Z\" clip-rule=\"evenodd\" \/>\n        <\/svg><\/a> \n    <div class=\"aiovg-caption\">\n                    <div class=\"aiovg-title\">\n                <a href=\"https:\/\/erasmusfugger.eu\/nl\/video\/interview-with-radio-cadena-ser-almaden\/\" class=\"aiovg-link-title\">Interview with radio Cadena Ser Almad\u00e9n<\/a>            <\/div>\n        \n        \n        <div class=\"aiovg-meta aiovg-flex aiovg-flex-wrap aiovg-gap-1 aiovg-items-center aiovg-text-small\"><div class=\"aiovg-date aiovg-flex aiovg-gap-1 aiovg-items-center\"><svg xmlns=\"http:\/\/www.w3.org\/2000\/svg\" fill=\"none\" width=\"16\" height=\"16\" viewBox=\"0 0 24 24\" stroke-width=\"1.5\" stroke=\"currentColor\" class=\"aiovg-flex-shrink-0\">\n                <path stroke-linecap=\"round\" stroke-linejoin=\"round\" d=\"M6.75 3v2.25M17.25 3v2.25M3 18.75V7.5a2.25 2.25 0 0 1 2.25-2.25h13.5A2.25 2.25 0 0 1 21 7.5v11.25m-18 0A2.25 2.25 0 0 0 5.25 21h13.5A2.25 2.25 0 0 0 21 18.75m-18 0v-7.5A2.25 2.25 0 0 1 5.25 9h13.5A2.25 2.25 0 0 1 21 11.25v7.5m-9-6h.008v.008H12v-.008ZM12 15h.008v.008H12V15Zm0 2.25h.008v.008H12v-.008ZM9.75 15h.008v.008H9.75V15Zm0 2.25h.008v.008H9.75v-.008ZM7.5 15h.008v.008H7.5V15Zm0 2.25h.008v.008H7.5v-.008Zm6.75-4.5h.008v.008h-.008v-.008Zm0 2.25h.008v.008h-.008V15Zm0 2.25h.008v.008h-.008v-.008Zm2.25-4.5h.008v.008H16.5v-.008Zm0 2.25h.008v.008H16.5V15Z\" \/>\n            <\/svg><time>4 years ago<\/time><\/div><\/div>       \n        \n        \n        <div class=\"aiovg-tag aiovg-flex aiovg-flex-wrap aiovg-gap-1 aiovg-items-center aiovg-text-small\"><svg xmlns=\"http:\/\/www.w3.org\/2000\/svg\" fill=\"none\" width=\"16\" height=\"16\" viewBox=\"0 0 24 24\" stroke-width=\"1.5\" stroke=\"currentColor\" class=\"aiovg-flex-shrink-0\">\n                    <path stroke-linecap=\"round\" stroke-linejoin=\"round\" d=\"M9.568 3H5.25A2.25 2.25 0 0 0 3 5.25v4.318c0 .597.237 1.17.659 1.591l9.581 9.581c.699.699 1.78.872 2.607.33a18.095 18.095 0 0 0 5.223-5.223c.542-.827.369-1.908-.33-2.607L11.16 3.66A2.25 2.25 0 0 0 9.568 3Z\" \/>\n                    <path stroke-linecap=\"round\" stroke-linejoin=\"round\" d=\"M6 6h.008v.008H6V6Z\" \/>\n                <\/svg><div class=\"aiovg-item-tag\"><a href=\"https:\/\/erasmusfugger.eu\/nl\/video-tag\/mobility\/\" class=\"aiovg-link-tag\">mobility<\/a><span class=\"aiovg-separator\">,<\/span><\/div><div class=\"aiovg-item-tag\"><a href=\"https:\/\/erasmusfugger.eu\/nl\/video-tag\/teachers-training\/\" class=\"aiovg-link-tag\">teachers training<\/a><span class=\"aiovg-separator\">,<\/span><\/div><div class=\"aiovg-item-tag\"><a href=\"https:\/\/erasmusfugger.eu\/nl\/video-tag\/jakob-fugger\/\" class=\"aiovg-link-tag\">Jakob Fugger<\/a><span class=\"aiovg-separator\">,<\/span><\/div><div class=\"aiovg-item-tag\"><a href=\"https:\/\/erasmusfugger.eu\/nl\/video-tag\/erasmus\/\" class=\"aiovg-link-tag\">Erasmus<\/a><span class=\"aiovg-separator\">,<\/span><\/div><div class=\"aiovg-item-tag\"><a href=\"https:\/\/erasmusfugger.eu\/nl\/video-tag\/almaden\/\" class=\"aiovg-link-tag\">Almad\u00e9n<\/a><span class=\"aiovg-separator\">,<\/span><\/div><div class=\"aiovg-item-tag\"><a href=\"https:\/\/erasmusfugger.eu\/nl\/video-tag\/social\/\" class=\"aiovg-link-tag\">#social<\/a><span class=\"aiovg-separator\">,<\/span><\/div><div class=\"aiovg-item-tag\"><a href=\"https:\/\/erasmusfugger.eu\/nl\/video-tag\/medial\/\" class=\"aiovg-link-tag\">#medial<\/a><\/div><\/div>       \n\n         \n        \n            <\/div>    \n<\/div>            \r\n            <\/div>                \r\n                        \r\n            <div class=\"aiovg-item-video aiovg-item-video-2628 aiovg-col aiovg-col-3 aiovg-col-xs-2\" data-id=\"2628\">\r\n                \n<div class=\"aiovg-thumbnail aiovg-thumbnail-style-image-top\">\n    <a href=\"https:\/\/erasmusfugger.eu\/nl\/video\/interview-with-maria-theresia-countess-fugger-von-glott\/\" class=\"aiovg-responsive-container\" style=\"padding-bottom: 56%;\"><img decoding=\"async\" src=\"https:\/\/erasmusfugger.eu\/wp-content\/uploads\/2022\/10\/Interview_Augsburg_week_2022-mp3-image-2-300x300.jpg\" alt=\"{:en}Interview with Maria Theresia Countess Fugger von Gl\u00f6tt{:}{:de}Interview mit Maria Theresia Gr\u00e4fin Fugger von Gl\u00f6tt{:}{:sk}Rozhovor s M\u00e1riou Ter\u00e9ziou gr\u00f3fkou Fuggerovou von Gl\u00f6tt{:}\" class=\"aiovg-responsive-element\"\/><div class=\"aiovg-duration\">07:16<\/div><svg xmlns=\"http:\/\/www.w3.org\/2000\/svg\" fill=\"white\" width=\"40\" height=\"40\" viewBox=\"0 0 24 24\" class=\"aiovg-svg-icon-play aiovg-flex-shrink-0\">\n            <path fill-rule=\"evenodd\" d=\"M2.25 12c0-5.385 4.365-9.75 9.75-9.75s9.75 4.365 9.75 9.75-4.365 9.75-9.75 9.75S2.25 17.385 2.25 12Zm14.024-.983a1.125 1.125 0 0 1 0 1.966l-5.603 3.113A1.125 1.125 0 0 1 9 15.113V8.887c0-.857.921-1.4 1.671-.983l5.603 3.113Z\" clip-rule=\"evenodd\" \/>\n        <\/svg><\/a> \n    <div class=\"aiovg-caption\">\n                    <div class=\"aiovg-title\">\n                <a href=\"https:\/\/erasmusfugger.eu\/nl\/video\/interview-with-maria-theresia-countess-fugger-von-glott\/\" class=\"aiovg-link-title\">Interview with Maria Theresia Countess Fugger von Gl\u00f6tt<\/a>            <\/div>\n        \n        \n        <div class=\"aiovg-meta aiovg-flex aiovg-flex-wrap aiovg-gap-1 aiovg-items-center aiovg-text-small\"><div class=\"aiovg-date aiovg-flex aiovg-gap-1 aiovg-items-center\"><svg xmlns=\"http:\/\/www.w3.org\/2000\/svg\" fill=\"none\" width=\"16\" height=\"16\" viewBox=\"0 0 24 24\" stroke-width=\"1.5\" stroke=\"currentColor\" class=\"aiovg-flex-shrink-0\">\n                <path stroke-linecap=\"round\" stroke-linejoin=\"round\" d=\"M6.75 3v2.25M17.25 3v2.25M3 18.75V7.5a2.25 2.25 0 0 1 2.25-2.25h13.5A2.25 2.25 0 0 1 21 7.5v11.25m-18 0A2.25 2.25 0 0 0 5.25 21h13.5A2.25 2.25 0 0 0 21 18.75m-18 0v-7.5A2.25 2.25 0 0 1 5.25 9h13.5A2.25 2.25 0 0 1 21 11.25v7.5m-9-6h.008v.008H12v-.008ZM12 15h.008v.008H12V15Zm0 2.25h.008v.008H12v-.008ZM9.75 15h.008v.008H9.75V15Zm0 2.25h.008v.008H9.75v-.008ZM7.5 15h.008v.008H7.5V15Zm0 2.25h.008v.008H7.5v-.008Zm6.75-4.5h.008v.008h-.008v-.008Zm0 2.25h.008v.008h-.008V15Zm0 2.25h.008v.008h-.008v-.008Zm2.25-4.5h.008v.008H16.5v-.008Zm0 2.25h.008v.008H16.5V15Z\" \/>\n            <\/svg><time>4 years ago<\/time><\/div><\/div>       \n        \n        \n        <div class=\"aiovg-tag aiovg-flex aiovg-flex-wrap aiovg-gap-1 aiovg-items-center aiovg-text-small\"><svg xmlns=\"http:\/\/www.w3.org\/2000\/svg\" fill=\"none\" width=\"16\" height=\"16\" viewBox=\"0 0 24 24\" stroke-width=\"1.5\" stroke=\"currentColor\" class=\"aiovg-flex-shrink-0\">\n                    <path stroke-linecap=\"round\" stroke-linejoin=\"round\" d=\"M9.568 3H5.25A2.25 2.25 0 0 0 3 5.25v4.318c0 .597.237 1.17.659 1.591l9.581 9.581c.699.699 1.78.872 2.607.33a18.095 18.095 0 0 0 5.223-5.223c.542-.827.369-1.908-.33-2.607L11.16 3.66A2.25 2.25 0 0 0 9.568 3Z\" \/>\n                    <path stroke-linecap=\"round\" stroke-linejoin=\"round\" d=\"M6 6h.008v.008H6V6Z\" \/>\n                <\/svg><div class=\"aiovg-item-tag\"><a href=\"https:\/\/erasmusfugger.eu\/nl\/video-tag\/jakob-fugger\/\" class=\"aiovg-link-tag\">Jakob Fugger<\/a><span class=\"aiovg-separator\">,<\/span><\/div><div class=\"aiovg-item-tag\"><a href=\"https:\/\/erasmusfugger.eu\/nl\/video-tag\/fuggerei\/\" class=\"aiovg-link-tag\">Fuggerei<\/a><span class=\"aiovg-separator\">,<\/span><\/div><div class=\"aiovg-item-tag\"><a href=\"https:\/\/erasmusfugger.eu\/nl\/video-tag\/erasmus\/\" class=\"aiovg-link-tag\">Erasmus<\/a><span class=\"aiovg-separator\">,<\/span><\/div><div class=\"aiovg-item-tag\"><a href=\"https:\/\/erasmusfugger.eu\/nl\/video-tag\/augsburg\/\" class=\"aiovg-link-tag\">Augsburg<\/a><span class=\"aiovg-separator\">,<\/span><\/div><div class=\"aiovg-item-tag\"><a href=\"https:\/\/erasmusfugger.eu\/nl\/video-tag\/social\/\" class=\"aiovg-link-tag\">#social<\/a><\/div><\/div>       \n\n         \n        \n            <\/div>    \n<\/div>            \r\n            <\/div>                \r\n                        \r\n            <div class=\"aiovg-item-video aiovg-item-video-3018 aiovg-col aiovg-col-3 aiovg-col-xs-2\" data-id=\"3018\">\r\n                \n<div class=\"aiovg-thumbnail aiovg-thumbnail-style-image-top\">\n    <a href=\"https:\/\/erasmusfugger.eu\/nl\/video\/transit-transport-and-traffic-a-podcast-from-sterzing\/\" class=\"aiovg-responsive-container\" style=\"padding-bottom: 56%;\"><img decoding=\"async\" src=\"https:\/\/erasmusfugger.eu\/wp-content\/uploads\/2022\/12\/logistics-1-300x169.png\" alt=\"{:en}Transit, transport and traffic: a podcast from Sterzing{:}{:sk}Tranzit, doprava a prem\u00e1vka: podcast zo Sterzingu{:}\" class=\"aiovg-responsive-element\"\/><svg xmlns=\"http:\/\/www.w3.org\/2000\/svg\" fill=\"white\" width=\"40\" height=\"40\" viewBox=\"0 0 24 24\" class=\"aiovg-svg-icon-play aiovg-flex-shrink-0\">\n            <path fill-rule=\"evenodd\" d=\"M2.25 12c0-5.385 4.365-9.75 9.75-9.75s9.75 4.365 9.75 9.75-4.365 9.75-9.75 9.75S2.25 17.385 2.25 12Zm14.024-.983a1.125 1.125 0 0 1 0 1.966l-5.603 3.113A1.125 1.125 0 0 1 9 15.113V8.887c0-.857.921-1.4 1.671-.983l5.603 3.113Z\" clip-rule=\"evenodd\" \/>\n        <\/svg><\/a> \n    <div class=\"aiovg-caption\">\n                    <div class=\"aiovg-title\">\n                <a href=\"https:\/\/erasmusfugger.eu\/nl\/video\/transit-transport-and-traffic-a-podcast-from-sterzing\/\" class=\"aiovg-link-title\">Transit, transport and traffic: a podcast from Sterzing<\/a>            <\/div>\n        \n        \n        <div class=\"aiovg-meta aiovg-flex aiovg-flex-wrap aiovg-gap-1 aiovg-items-center aiovg-text-small\"><div class=\"aiovg-date aiovg-flex aiovg-gap-1 aiovg-items-center\"><svg xmlns=\"http:\/\/www.w3.org\/2000\/svg\" fill=\"none\" width=\"16\" height=\"16\" viewBox=\"0 0 24 24\" stroke-width=\"1.5\" stroke=\"currentColor\" class=\"aiovg-flex-shrink-0\">\n                <path stroke-linecap=\"round\" stroke-linejoin=\"round\" d=\"M6.75 3v2.25M17.25 3v2.25M3 18.75V7.5a2.25 2.25 0 0 1 2.25-2.25h13.5A2.25 2.25 0 0 1 21 7.5v11.25m-18 0A2.25 2.25 0 0 0 5.25 21h13.5A2.25 2.25 0 0 0 21 18.75m-18 0v-7.5A2.25 2.25 0 0 1 5.25 9h13.5A2.25 2.25 0 0 1 21 11.25v7.5m-9-6h.008v.008H12v-.008ZM12 15h.008v.008H12V15Zm0 2.25h.008v.008H12v-.008ZM9.75 15h.008v.008H9.75V15Zm0 2.25h.008v.008H9.75v-.008ZM7.5 15h.008v.008H7.5V15Zm0 2.25h.008v.008H7.5v-.008Zm6.75-4.5h.008v.008h-.008v-.008Zm0 2.25h.008v.008h-.008V15Zm0 2.25h.008v.008h-.008v-.008Zm2.25-4.5h.008v.008H16.5v-.008Zm0 2.25h.008v.008H16.5V15Z\" \/>\n            <\/svg><time>4 years ago<\/time><\/div><\/div>       \n        \n        \n        <div class=\"aiovg-tag aiovg-flex aiovg-flex-wrap aiovg-gap-1 aiovg-items-center aiovg-text-small\"><svg xmlns=\"http:\/\/www.w3.org\/2000\/svg\" fill=\"none\" width=\"16\" height=\"16\" viewBox=\"0 0 24 24\" stroke-width=\"1.5\" stroke=\"currentColor\" class=\"aiovg-flex-shrink-0\">\n                    <path stroke-linecap=\"round\" stroke-linejoin=\"round\" d=\"M9.568 3H5.25A2.25 2.25 0 0 0 3 5.25v4.318c0 .597.237 1.17.659 1.591l9.581 9.581c.699.699 1.78.872 2.607.33a18.095 18.095 0 0 0 5.223-5.223c.542-.827.369-1.908-.33-2.607L11.16 3.66A2.25 2.25 0 0 0 9.568 3Z\" \/>\n                    <path stroke-linecap=\"round\" stroke-linejoin=\"round\" d=\"M6 6h.008v.008H6V6Z\" \/>\n                <\/svg><div class=\"aiovg-item-tag\"><a href=\"https:\/\/erasmusfugger.eu\/nl\/video-tag\/traffic\/\" class=\"aiovg-link-tag\">#traffic<\/a><span class=\"aiovg-separator\">,<\/span><\/div><div class=\"aiovg-item-tag\"><a href=\"https:\/\/erasmusfugger.eu\/nl\/video-tag\/mobility\/\" class=\"aiovg-link-tag\">mobility<\/a><span class=\"aiovg-separator\">,<\/span><\/div><div class=\"aiovg-item-tag\"><a href=\"https:\/\/erasmusfugger.eu\/nl\/video-tag\/jakob-fugger\/\" class=\"aiovg-link-tag\">Jakob Fugger<\/a><span class=\"aiovg-separator\">,<\/span><\/div><div class=\"aiovg-item-tag\"><a href=\"https:\/\/erasmusfugger.eu\/nl\/video-tag\/erasmus\/\" class=\"aiovg-link-tag\">Erasmus<\/a><span class=\"aiovg-separator\">,<\/span><\/div><div class=\"aiovg-item-tag\"><a href=\"https:\/\/erasmusfugger.eu\/nl\/video-tag\/social\/\" class=\"aiovg-link-tag\">#social<\/a><span class=\"aiovg-separator\">,<\/span><\/div><div class=\"aiovg-item-tag\"><a href=\"https:\/\/erasmusfugger.eu\/nl\/video-tag\/medial\/\" class=\"aiovg-link-tag\">#medial<\/a><span class=\"aiovg-separator\">,<\/span><\/div><div class=\"aiovg-item-tag\"><a href=\"https:\/\/erasmusfugger.eu\/nl\/video-tag\/ecological\/\" class=\"aiovg-link-tag\">#ecological<\/a><\/div><\/div>       \n\n         \n        \n            <\/div>    \n<\/div>            \r\n            <\/div>                \r\n                        \r\n            <div class=\"aiovg-item-video aiovg-item-video-2609 aiovg-col aiovg-col-3 aiovg-col-xs-2\" data-id=\"2609\">\r\n                \n<div class=\"aiovg-thumbnail aiovg-thumbnail-style-image-top\">\n    <a href=\"https:\/\/erasmusfugger.eu\/nl\/video\/interview-with-almaden-radio-station\/\" class=\"aiovg-responsive-container\" style=\"padding-bottom: 56%;\"><img decoding=\"async\" src=\"https:\/\/erasmusfugger.eu\/wp-content\/uploads\/2022\/11\/interview_radio_station_small-300x169.jpg\" alt=\"{:en}Interview with Almad\u00e9n radio station{:}{:de}Interview mit dem Lokalradio von Almad\u00e9n{:}{:sk}Interview s r\u00e1dio stanicou v Almad\u00e9ne{:}\" class=\"aiovg-responsive-element\"\/><svg xmlns=\"http:\/\/www.w3.org\/2000\/svg\" fill=\"white\" width=\"40\" height=\"40\" viewBox=\"0 0 24 24\" class=\"aiovg-svg-icon-play aiovg-flex-shrink-0\">\n            <path fill-rule=\"evenodd\" d=\"M2.25 12c0-5.385 4.365-9.75 9.75-9.75s9.75 4.365 9.75 9.75-4.365 9.75-9.75 9.75S2.25 17.385 2.25 12Zm14.024-.983a1.125 1.125 0 0 1 0 1.966l-5.603 3.113A1.125 1.125 0 0 1 9 15.113V8.887c0-.857.921-1.4 1.671-.983l5.603 3.113Z\" clip-rule=\"evenodd\" \/>\n        <\/svg><\/a> \n    <div class=\"aiovg-caption\">\n                    <div class=\"aiovg-title\">\n                <a href=\"https:\/\/erasmusfugger.eu\/nl\/video\/interview-with-almaden-radio-station\/\" class=\"aiovg-link-title\">Interview with Almad\u00e9n radio station<\/a>            <\/div>\n        \n        \n        <div class=\"aiovg-meta aiovg-flex aiovg-flex-wrap aiovg-gap-1 aiovg-items-center aiovg-text-small\"><div class=\"aiovg-date aiovg-flex aiovg-gap-1 aiovg-items-center\"><svg xmlns=\"http:\/\/www.w3.org\/2000\/svg\" fill=\"none\" width=\"16\" height=\"16\" viewBox=\"0 0 24 24\" stroke-width=\"1.5\" stroke=\"currentColor\" class=\"aiovg-flex-shrink-0\">\n                <path stroke-linecap=\"round\" stroke-linejoin=\"round\" d=\"M6.75 3v2.25M17.25 3v2.25M3 18.75V7.5a2.25 2.25 0 0 1 2.25-2.25h13.5A2.25 2.25 0 0 1 21 7.5v11.25m-18 0A2.25 2.25 0 0 0 5.25 21h13.5A2.25 2.25 0 0 0 21 18.75m-18 0v-7.5A2.25 2.25 0 0 1 5.25 9h13.5A2.25 2.25 0 0 1 21 11.25v7.5m-9-6h.008v.008H12v-.008ZM12 15h.008v.008H12V15Zm0 2.25h.008v.008H12v-.008ZM9.75 15h.008v.008H9.75V15Zm0 2.25h.008v.008H9.75v-.008ZM7.5 15h.008v.008H7.5V15Zm0 2.25h.008v.008H7.5v-.008Zm6.75-4.5h.008v.008h-.008v-.008Zm0 2.25h.008v.008h-.008V15Zm0 2.25h.008v.008h-.008v-.008Zm2.25-4.5h.008v.008H16.5v-.008Zm0 2.25h.008v.008H16.5V15Z\" \/>\n            <\/svg><time>4 years ago<\/time><\/div><\/div>       \n        \n        \n        <div class=\"aiovg-tag aiovg-flex aiovg-flex-wrap aiovg-gap-1 aiovg-items-center aiovg-text-small\"><svg xmlns=\"http:\/\/www.w3.org\/2000\/svg\" fill=\"none\" width=\"16\" height=\"16\" viewBox=\"0 0 24 24\" stroke-width=\"1.5\" stroke=\"currentColor\" class=\"aiovg-flex-shrink-0\">\n                    <path stroke-linecap=\"round\" stroke-linejoin=\"round\" d=\"M9.568 3H5.25A2.25 2.25 0 0 0 3 5.25v4.318c0 .597.237 1.17.659 1.591l9.581 9.581c.699.699 1.78.872 2.607.33a18.095 18.095 0 0 0 5.223-5.223c.542-.827.369-1.908-.33-2.607L11.16 3.66A2.25 2.25 0 0 0 9.568 3Z\" \/>\n                    <path stroke-linecap=\"round\" stroke-linejoin=\"round\" d=\"M6 6h.008v.008H6V6Z\" \/>\n                <\/svg><div class=\"aiovg-item-tag\"><a href=\"https:\/\/erasmusfugger.eu\/nl\/video-tag\/reception\/\" class=\"aiovg-link-tag\">reception<\/a><span class=\"aiovg-separator\">,<\/span><\/div><div class=\"aiovg-item-tag\"><a href=\"https:\/\/erasmusfugger.eu\/nl\/video-tag\/mining\/\" class=\"aiovg-link-tag\">mining<\/a><span class=\"aiovg-separator\">,<\/span><\/div><div class=\"aiovg-item-tag\"><a href=\"https:\/\/erasmusfugger.eu\/nl\/video-tag\/major\/\" class=\"aiovg-link-tag\">major<\/a><span class=\"aiovg-separator\">,<\/span><\/div><div class=\"aiovg-item-tag\"><a href=\"https:\/\/erasmusfugger.eu\/nl\/video-tag\/jakob-fugger\/\" class=\"aiovg-link-tag\">Jakob Fugger<\/a><span class=\"aiovg-separator\">,<\/span><\/div><div class=\"aiovg-item-tag\"><a href=\"https:\/\/erasmusfugger.eu\/nl\/video-tag\/europe\/\" class=\"aiovg-link-tag\">Europe<\/a><span class=\"aiovg-separator\">,<\/span><\/div><div class=\"aiovg-item-tag\"><a href=\"https:\/\/erasmusfugger.eu\/nl\/video-tag\/erasmus\/\" class=\"aiovg-link-tag\">Erasmus<\/a><span class=\"aiovg-separator\">,<\/span><\/div><div class=\"aiovg-item-tag\"><a href=\"https:\/\/erasmusfugger.eu\/nl\/video-tag\/almaden\/\" class=\"aiovg-link-tag\">Almad\u00e9n<\/a><span class=\"aiovg-separator\">,<\/span><\/div><div class=\"aiovg-item-tag\"><a href=\"https:\/\/erasmusfugger.eu\/nl\/video-tag\/social\/\" class=\"aiovg-link-tag\">#social<\/a><span class=\"aiovg-separator\">,<\/span><\/div><div class=\"aiovg-item-tag\"><a href=\"https:\/\/erasmusfugger.eu\/nl\/video-tag\/medial\/\" class=\"aiovg-link-tag\">#medial<\/a><\/div><\/div>       \n\n         \n        \n            <\/div>    \n<\/div>            \r\n            <\/div>                \r\n                        \r\n            <div class=\"aiovg-item-video aiovg-item-video-6008 aiovg-col aiovg-col-3 aiovg-col-xs-2\" data-id=\"6008\">\r\n                \n<div class=\"aiovg-thumbnail aiovg-thumbnail-style-image-top\">\n    <a href=\"https:\/\/erasmusfugger.eu\/nl\/video\/podcast-with-mr-kana-a-former-miner-in-hodrusa-hamre-slovakia\/\" class=\"aiovg-responsive-container\" style=\"padding-bottom: 56%;\"><img decoding=\"async\" src=\"https:\/\/erasmusfugger.eu\/wp-content\/uploads\/2023\/10\/miner_interviews_BB23-300x171.png\" alt=\"Podcast with Mr. Ka\u0148a, a former miner in Hodru\u0161a H\u00e1mre (Slovakia)\" class=\"aiovg-responsive-element\"\/><div class=\"aiovg-duration\">43:28<\/div><svg xmlns=\"http:\/\/www.w3.org\/2000\/svg\" fill=\"white\" width=\"40\" height=\"40\" viewBox=\"0 0 24 24\" class=\"aiovg-svg-icon-play aiovg-flex-shrink-0\">\n            <path fill-rule=\"evenodd\" d=\"M2.25 12c0-5.385 4.365-9.75 9.75-9.75s9.75 4.365 9.75 9.75-4.365 9.75-9.75 9.75S2.25 17.385 2.25 12Zm14.024-.983a1.125 1.125 0 0 1 0 1.966l-5.603 3.113A1.125 1.125 0 0 1 9 15.113V8.887c0-.857.921-1.4 1.671-.983l5.603 3.113Z\" clip-rule=\"evenodd\" \/>\n        <\/svg><\/a> \n    <div class=\"aiovg-caption\">\n                    <div class=\"aiovg-title\">\n                <a href=\"https:\/\/erasmusfugger.eu\/nl\/video\/podcast-with-mr-kana-a-former-miner-in-hodrusa-hamre-slovakia\/\" class=\"aiovg-link-title\">Podcast with Mr. Ka\u0148a, a former miner in Hodru\u0161a H\u00e1mre (Slovakia)<\/a>            <\/div>\n        \n        \n        <div class=\"aiovg-meta aiovg-flex aiovg-flex-wrap aiovg-gap-1 aiovg-items-center aiovg-text-small\"><div class=\"aiovg-date aiovg-flex aiovg-gap-1 aiovg-items-center\"><svg xmlns=\"http:\/\/www.w3.org\/2000\/svg\" fill=\"none\" width=\"16\" height=\"16\" viewBox=\"0 0 24 24\" stroke-width=\"1.5\" stroke=\"currentColor\" class=\"aiovg-flex-shrink-0\">\n                <path stroke-linecap=\"round\" stroke-linejoin=\"round\" d=\"M6.75 3v2.25M17.25 3v2.25M3 18.75V7.5a2.25 2.25 0 0 1 2.25-2.25h13.5A2.25 2.25 0 0 1 21 7.5v11.25m-18 0A2.25 2.25 0 0 0 5.25 21h13.5A2.25 2.25 0 0 0 21 18.75m-18 0v-7.5A2.25 2.25 0 0 1 5.25 9h13.5A2.25 2.25 0 0 1 21 11.25v7.5m-9-6h.008v.008H12v-.008ZM12 15h.008v.008H12V15Zm0 2.25h.008v.008H12v-.008ZM9.75 15h.008v.008H9.75V15Zm0 2.25h.008v.008H9.75v-.008ZM7.5 15h.008v.008H7.5V15Zm0 2.25h.008v.008H7.5v-.008Zm6.75-4.5h.008v.008h-.008v-.008Zm0 2.25h.008v.008h-.008V15Zm0 2.25h.008v.008h-.008v-.008Zm2.25-4.5h.008v.008H16.5v-.008Zm0 2.25h.008v.008H16.5V15Z\" \/>\n            <\/svg><time>3 years ago<\/time><\/div><\/div>       \n        \n        \n        <div class=\"aiovg-tag aiovg-flex aiovg-flex-wrap aiovg-gap-1 aiovg-items-center aiovg-text-small\"><svg xmlns=\"http:\/\/www.w3.org\/2000\/svg\" fill=\"none\" width=\"16\" height=\"16\" viewBox=\"0 0 24 24\" stroke-width=\"1.5\" stroke=\"currentColor\" class=\"aiovg-flex-shrink-0\">\n                    <path stroke-linecap=\"round\" stroke-linejoin=\"round\" d=\"M9.568 3H5.25A2.25 2.25 0 0 0 3 5.25v4.318c0 .597.237 1.17.659 1.591l9.581 9.581c.699.699 1.78.872 2.607.33a18.095 18.095 0 0 0 5.223-5.223c.542-.827.369-1.908-.33-2.607L11.16 3.66A2.25 2.25 0 0 0 9.568 3Z\" \/>\n                    <path stroke-linecap=\"round\" stroke-linejoin=\"round\" d=\"M6 6h.008v.008H6V6Z\" \/>\n                <\/svg><div class=\"aiovg-item-tag\"><a href=\"https:\/\/erasmusfugger.eu\/nl\/video-tag\/mining\/\" class=\"aiovg-link-tag\">mining<\/a><span class=\"aiovg-separator\">,<\/span><\/div><div class=\"aiovg-item-tag\"><a href=\"https:\/\/erasmusfugger.eu\/nl\/video-tag\/jakob-fugger\/\" class=\"aiovg-link-tag\">Jakob Fugger<\/a><span class=\"aiovg-separator\">,<\/span><\/div><div class=\"aiovg-item-tag\"><a href=\"https:\/\/erasmusfugger.eu\/nl\/video-tag\/erasmus\/\" class=\"aiovg-link-tag\">Erasmus<\/a><span class=\"aiovg-separator\">,<\/span><\/div><div class=\"aiovg-item-tag\"><a href=\"https:\/\/erasmusfugger.eu\/nl\/video-tag\/banska-bystrica\/\" class=\"aiovg-link-tag\">Bansk\u00e1 Bystrica<\/a><span class=\"aiovg-separator\">,<\/span><\/div><div class=\"aiovg-item-tag\"><a href=\"https:\/\/erasmusfugger.eu\/nl\/video-tag\/medial\/\" class=\"aiovg-link-tag\">#medial<\/a><span class=\"aiovg-separator\">,<\/span><\/div><div class=\"aiovg-item-tag\"><a href=\"https:\/\/erasmusfugger.eu\/nl\/video-tag\/historical\/\" class=\"aiovg-link-tag\">#historical<\/a><\/div><\/div>       \n\n         \n        \n            <\/div>    \n<\/div>            \r\n            <\/div>                \r\n                <\/div>\r\n    \r\n    <\/div>\n","protected":false},"excerpt":{"rendered":"","protected":false},"author":1,"featured_media":0,"parent":0,"menu_order":0,"comment_status":"closed","ping_status":"closed","template":"","meta":{"ngg_post_thumbnail":0,"pgc_sgb_lightbox_settings":"","footnotes":""},"class_list":["post-2662","page","type-page","status-publish","hentry"],"translation":{"provider":"WPGlobus","version":"3.0.2","language":"nl","enabled_languages":["en","de","es","nl","sk"],"languages":{"en":{"title":true,"content":true,"excerpt":false},"de":{"title":false,"content":false,"excerpt":false},"es":{"title":false,"content":false,"excerpt":false},"nl":{"title":false,"content":false,"excerpt":false},"sk":{"title":false,"content":false,"excerpt":false}}},"_links":{"self":[{"href":"https:\/\/erasmusfugger.eu\/nl\/wp-json\/wp\/v2\/pages\/2662","targetHints":{"allow":["GET"]}}],"collection":[{"href":"https:\/\/erasmusfugger.eu\/nl\/wp-json\/wp\/v2\/pages"}],"about":[{"href":"https:\/\/erasmusfugger.eu\/nl\/wp-json\/wp\/v2\/types\/page"}],"author":[{"embeddable":true,"href":"https:\/\/erasmusfugger.eu\/nl\/wp-json\/wp\/v2\/users\/1"}],"replies":[{"embeddable":true,"href":"https:\/\/erasmusfugger.eu\/nl\/wp-json\/wp\/v2\/comments?post=2662"}],"version-history":[{"count":3,"href":"https:\/\/erasmusfugger.eu\/nl\/wp-json\/wp\/v2\/pages\/2662\/revisions"}],"predecessor-version":[{"id":3017,"href":"https:\/\/erasmusfugger.eu\/nl\/wp-json\/wp\/v2\/pages\/2662\/revisions\/3017"}],"wp:attachment":[{"href":"https:\/\/erasmusfugger.eu\/nl\/wp-json\/wp\/v2\/media?parent=2662"}],"curies":[{"name":"wp","href":"https:\/\/api.w.org\/{rel}","templated":true}]}}