{"id":71,"date":"2021-05-15T19:39:01","date_gmt":"2021-05-15T17:39:01","guid":{"rendered":"https:\/\/erasmusfugger.eu\/?page_id=71"},"modified":"2025-05-09T20:39:14","modified_gmt":"2025-05-09T18:39:14","slug":"project-description","status":"publish","type":"page","link":"https:\/\/erasmusfugger.eu\/nl\/project-description\/","title":{"rendered":"ALGEMENE INFORMATIE"},"content":{"rendered":"<p><strong>Jakob Fugger &#8211; A historical European influencer \u2013<\/strong> <strong>#economic#political#social#medial#ecological#footprints<\/strong><\/p>\n<p>Start: 01-11-2020 &#8211; Einde: 31-08-2023<br \/>Projectreferentie: 2020-1-DE03-KA229-077399<br \/>Programma: <strong>Erasmus+<\/strong><br \/>Kernactiviteit: <strong>Samenwerking voor innovatie en uitwisseling van goede praktijken<\/strong><br \/>Soort actie: <strong>Uitwisselingspartnerschappen tussen scholen<\/strong><br \/>Regionale dimensie en samenwerking, natuurwetenschappen, vervoer en mobiliteit<\/p>\n<h4>CO\u00d6RDINATOR<\/h4>\n<p>Jakob-Fugger-Gymnasium, Augsburg<\/p>\n<h4>PARTNERS<\/h4>\n<ul>\n<li>Zakladna skola, Moskovska 2, Bansk\u00e1 Bystrica<\/li>\n<li>Oberschulzentrum Sterzing<\/li>\n<li>Onze-Lieve-Vrouwecollege, Antwerpen<\/li>\n<li>Instututo de Educaci\u00f3n Secundaria Pablo Ruiz Picasso, Almad\u00e9n<\/li>\n<\/ul>\n","protected":false},"excerpt":{"rendered":"<p>Jakob Fugger &#8211; A historical European influencer \u2013 #economic#political#social#medial#ecological#footprints Start: 01-11-2020 &#8211; Einde: 31-08-2023Projectreferentie: 2020-1-DE03-KA229-077399Programma: Erasmus+Kernactiviteit: Samenwerking voor innovatie en uitwisseling van goede praktijkenSoort actie: Uitwisselingspartnerschappen tussen scholenRegionale dimensie en samenwerking, natuurwetenschappen, vervoer en mobiliteit CO\u00d6RDINATOR Jakob-Fugger-Gymnasium, Augsburg PARTNERS Zakladna skola, Moskovska 2, Bansk\u00e1 Bystrica Oberschulzentrum Sterzing Onze-Lieve-Vrouwecollege, Antwerpen Instututo de Educaci\u00f3n Secundaria Pablo Ruiz <a class=\"more-link\" href=\"https:\/\/erasmusfugger.eu\/nl\/project-description\/\">Read More &#8230;<\/a><\/p>\n","protected":false},"author":1,"featured_media":1897,"parent":0,"menu_order":0,"comment_status":"closed","ping_status":"closed","template":"","meta":{"ngg_post_thumbnail":0,"pgc_sgb_lightbox_settings":"","footnotes":""},"class_list":["post-71","page","type-page","status-publish","has-post-thumbnail","hentry"],"translation":{"provider":"WPGlobus","version":"3.0.2","language":"nl","enabled_languages":["en","de","es","nl","sk"],"languages":{"en":{"title":true,"content":true,"excerpt":false},"de":{"title":true,"content":true,"excerpt":false},"es":{"title":true,"content":true,"excerpt":false},"nl":{"title":true,"content":true,"excerpt":false},"sk":{"title":true,"content":true,"excerpt":false}}},"_links":{"self":[{"href":"https:\/\/erasmusfugger.eu\/nl\/wp-json\/wp\/v2\/pages\/71","targetHints":{"allow":["GET"]}}],"collection":[{"href":"https:\/\/erasmusfugger.eu\/nl\/wp-json\/wp\/v2\/pages"}],"about":[{"href":"https:\/\/erasmusfugger.eu\/nl\/wp-json\/wp\/v2\/types\/page"}],"author":[{"embeddable":true,"href":"https:\/\/erasmusfugger.eu\/nl\/wp-json\/wp\/v2\/users\/1"}],"replies":[{"embeddable":true,"href":"https:\/\/erasmusfugger.eu\/nl\/wp-json\/wp\/v2\/comments?post=71"}],"version-history":[{"count":10,"href":"https:\/\/erasmusfugger.eu\/nl\/wp-json\/wp\/v2\/pages\/71\/revisions"}],"predecessor-version":[{"id":6318,"href":"https:\/\/erasmusfugger.eu\/nl\/wp-json\/wp\/v2\/pages\/71\/revisions\/6318"}],"wp:featuredmedia":[{"embeddable":true,"href":"https:\/\/erasmusfugger.eu\/nl\/wp-json\/wp\/v2\/media\/1897"}],"wp:attachment":[{"href":"https:\/\/erasmusfugger.eu\/nl\/wp-json\/wp\/v2\/media?parent=71"}],"curies":[{"name":"wp","href":"https:\/\/api.w.org\/{rel}","templated":true}]}}