{"id":1860,"date":"2022-08-07T20:45:18","date_gmt":"2022-08-07T18:45:18","guid":{"rendered":"https:\/\/erasmusfugger.eu\/?page_id=1860"},"modified":"2025-05-09T20:40:46","modified_gmt":"2025-05-09T18:40:46","slug":"project-summary","status":"publish","type":"page","link":"https:\/\/erasmusfugger.eu\/sk\/project-summary\/","title":{"rendered":"Zhrnutie projektu"},"content":{"rendered":"<h4><strong>Kontext a&nbsp;pozadie <\/strong><\/h4>\n<p>V&nbsp;posledn\u00fdch desa\u0165ro\u010diach sa celosvetov\u00fd obchod stal jednou z&nbsp;najd\u00f4le\u017eitej\u0161\u00edch z\u00e1le\u017eitost\u00ed vo v\u0161etk\u00fdch eur\u00f3pskych krajin\u00e1ch. Neobmedzen\u00fd paneur\u00f3psky obchod bez zdanenia a&nbsp;menov\u00fdch riz\u00edk je jedn\u00fdch z&nbsp;\u00faspe\u0161n\u00fdch modelov Eur\u00f3pskej \u00fanie. Jej z\u00e1klady v\u0161ak boli polo\u017een\u00e9 u\u017e v&nbsp;predch\u00e1dzaj\u00facich storo\u010diach prostredn\u00edctvom Eur\u00f3pskej obchodnej cesty, Fuggerovskej cesty. Projekt <a href=\"https:\/\/fuggerstrasse.eu\/en\/welcome.html\">Europ\u00e4ische Fuggerstra\u00dfe<\/a> (Eur\u00f3pska Fuggerovsk\u00e1 cesta), ktor\u00fd bol spusten\u00fd turistick\u00fdmi organiz\u00e1ciami r\u00f4znych eur\u00f3pskych miest, (napr. Augsburg, Bansk\u00e1 Bystrica a Sterzing) mapuje mest\u00e1, v&nbsp;ktor\u00fdch <a href=\"https:\/\/www.fugger.de\/en\/singleview\/article\/merchant-benefactor-visionary\/1.html\">Jakub Fugger<\/a> zve\u013eadil svoj majetok. Cie\u013eom projektu je zv\u00fd\u0161i\u0165 povedomie o paneur\u00f3pskom obchode od roku 1490 a\u017e po s\u00fa\u010dasnos\u0165, predov\u0161etk\u00fdm o jeho \u00falohe pri sp\u00e1jan\u00ed n\u00e1rodov. T\u00fato cestu budeme hlb\u0161ie sk\u00fama\u0165 a roz\u0161\u00edrime ju o dve zatia\u013e nezapojen\u00e9 mest\u00e1: nerastn\u00e9 suroviny z ban\u00ed boli vyv\u00e1\u017ean\u00e9 lo\u010fami do cel\u00e9ho sveta cez pr\u00edstav v Antverp\u00e1ch, ako aj ortu\u0165ov\u00e9 bane v okol\u00ed Almad\u00e9n, ktor\u00e9 sa dostali do vlastn\u00edctva Fuggerovcov a zabezpe\u010dili rast ich pr\u00edjmov. &nbsp;<\/p>\n<h4><strong>Partnersk\u00e9 \u0161koly a&nbsp;ciele <\/strong><\/h4>\n<p>Do projektu je zapojen\u00fdch 5 \u0161k\u00f4l z&nbsp;Nemecka (Augsburg), Talianska (Sterzing), Slovenska (Bansk\u00e1 Bystrica), \u0160panielska (Almad\u00e9n) a&nbsp;Belgicka (Antverpy). V\u0161etky tieto mest\u00e1 s\u00fa svojim sp\u00f4sobom spojen\u00e9 s&nbsp;menom Jakuba Fuggera. Hlavn\u00fdm cie\u013eom projektu je sk\u00fama\u0165 podobnosti a&nbsp;odli\u0161nosti a&nbsp;zisti\u0165, ak\u00fdm r\u00f4znym sp\u00f4sobom jeho podnikate\u013esk\u00e1 \u010dinnos\u0165 ovplyvnila &nbsp;tieto mest\u00e1 na ekonomickej, soci\u00e1lnej a&nbsp;environment\u00e1lnej \u00farovni a\u017e po s\u00fa\u010dasnos\u0165. \u017diaci (14-16), ktor\u00ed s\u00fa zapojen\u00ed do projektu, &nbsp;bud\u00fa vedecky pristupova\u0165 k&nbsp;t\u00e9mam obchodu a&nbsp;ban\u00edctva, pri\u010dom bud\u00fa uplat\u0148ova\u0165 poznatky z&nbsp;r\u00f4znych vyu\u010dovac\u00edch predmetov. \u017diakov budeme vies\u0165 ku kriticko-etick\u00e9mu vn\u00edmaniu sociologick\u00fdch probl\u00e9mov obchodu a&nbsp;ban\u00edctva v&nbsp;minulosti a&nbsp;s\u00fa\u010dastnosti (ekonomika), budeme mapova\u0165 d\u00f4sledky ban\u00edctva v&nbsp;pr\u00edslu\u0161n\u00fdch regi\u00f3noch (ch\u00e9mia, biol\u00f3gia, geografia), pok\u00fasime sa n\u00e1js\u0165 odpovede na ot\u00e1zky, ako sa Jakub Fugger stal najbohat\u0161\u00edm mu\u017eom sveta a&nbsp;ako jeho podnikate\u013esk\u00e9 aktivity ovplyvnili miestne obyvate\u013etvo so zrete\u013eom na pr\u00edbehy jednotlivcov, sk\u00fasenosti, okolie, budovy a&nbsp;nad\u00e1cie (dejepis). Budeme sa p\u00fdta\u0165 na alternat\u00edvy a odpor\u00fa\u010dania, ktor\u00e9 m\u00f4\u017eu by\u0165 pon\u00faknut\u00e9 bud\u00facim gener\u00e1ci\u00e1m v&nbsp;zmysle kult\u00farneho dedi\u010dstva a&nbsp;udr\u017eate\u013en\u00e9ho v\u00fdvoja zainteresovan\u00fdch kraj\u00edn.<\/p>\n<p>\u017diaci sa zozn\u00e1mia so z\u00e1kladmi globaliz\u00e1cie a&nbsp;syst\u00e9mom tvorby siet\u00ed. Projekt n\u00e1m pribl\u00ed\u017ei, ak\u00fdm sp\u00f4sobom r\u00f4zne siete ovplyv\u0148uj\u00fa \u017eivotn\u00e9 situ\u00e1cie a&nbsp;\u010do sa deje s&nbsp;regi\u00f3nmi, ak d\u00f4jde k&nbsp;zmen\u00e1m v&nbsp;region\u00e1lnych a&nbsp;nadregion\u00e1lnych podmienkach (napr. pokles \u0165a\u017eby v&nbsp;ban\u00edckom priemysle, ekonomick\u00e1 s\u00fa\u0165a\u017e, princ\u00edp n\u00e1kladov a&nbsp;v\u00fdnosov).<\/p>\n<h4><strong>V\u00fdsledky <\/strong><\/h4>\n<p>4 hlavn\u00e9 oblasti:<\/p>\n<ol>\n<li>zbierka didaktick\u00fdch materi\u00e1lov na t\u00e9mu Jakub Fugger, obchodovanie a ban\u00edctvo naprie\u010d r\u00f4znym predmetom z kurikula, ktor\u00e9 bud\u00fa sl\u00fa\u017ei\u0165 zapojen\u00fdm \u0161kol\u00e1m, ako aj na disemina\u010dn\u00e9 aktivity v in\u00fdch \u0161kol\u00e1ch,<\/li>\n<li>projektov\u00fd blog, &nbsp;v ktorom bud\u00fa zahrnut\u00e9 a dostupn\u00e9 v\u0161etky projektov\u00e9 aktivity (filmy, texty, fotky) po ukon\u010den\u00ed projektu.<\/li>\n<li>v\u0161etky partnersk\u00e9 \u0161koly prezentuj\u00fa v\u00fdsledky projektovej \u010dinnosti a&nbsp;pr\u00e1ce \u017eiakov po\u010das projektov\u00fdch stretnut\u00ed pred verejnos\u0165ou, &nbsp;<\/li>\n<li>v\u0161etci \u017eiaci z\u00edskaj\u00fa europass.<\/li>\n<\/ol>\n<h4><strong>Dopad a&nbsp;dlhodob\u00fd prospech &nbsp;<\/strong><\/h4>\n<p>Jedn\u00fdm z&nbsp;cie\u013eov projektu je aj podpora osobnostn\u00e9ho v\u00fdvoja z\u00fa\u010dastnen\u00fdch \u017eiakov a&nbsp;ich interkult\u00farnych, kolaborat\u00edvnych, vedeck\u00fdch, digit\u00e1lnych a&nbsp;podnikate\u013esk\u00fdch kompetenci\u00ed, ako aj ich cudzojazy\u010dn\u00fdch zru\u010dnost\u00ed, konkr\u00e9tne v&nbsp;anglickom jazyku. Ich vedomosti sa roz\u0161\u00edria o&nbsp;poznatky o&nbsp;in\u00fdch krajin\u00e1ch a&nbsp;mest\u00e1ch, o&nbsp;hist\u00f3rii, o&nbsp;ban\u00edckom priemysle a&nbsp;vyu\u017e\u00edvan\u00ed technol\u00f3gi\u00ed v&nbsp;ban\u00edctve. \u0160koly sa bud\u00fa deli\u0165 o&nbsp;nov\u00e9 a&nbsp;inovat\u00edvne v\u00fdukov\u00e9 postupy, ktor\u00e9 poved\u00fa k&nbsp;zlep\u0161eniu interdisciplin\u00e1rnej a&nbsp;medzin\u00e1rodnej spolupr\u00e1ce medzi u\u010dite\u013emi. Vyu\u017e\u00edvan\u00edm eTwinningu a&nbsp;v\u0161etk\u00fdch jeho zdrojov bude umo\u017enen\u00e1 medzin\u00e1rodn\u00e1 v\u00fdmena sk\u00fasenost\u00ed v&nbsp;oblasti dobrej praxe, v\u00fdmena najlep\u0161\u00edch vyu\u010dovac\u00edch met\u00f3d. V&nbsp;kone\u010dnom d\u00f4sledku to bude ma\u0165 pozit\u00edvny dopad na na\u0161e \u0161koly a&nbsp;vzdel\u00e1vacie syst\u00e9my. V\u00fdmenou t\u00fdchto rozmanit\u00fdch sk\u00fasenost\u00ed sa v\u0161etci \u00fa\u010dastn\u00edci lep\u0161ie zozn\u00e1mia s&nbsp;benefitmi, ktor\u00e9 pon\u00faka zjednoten\u00e1 Eur\u00f3pa.<\/p>\n","protected":false},"excerpt":{"rendered":"<p>Kontext a&nbsp;pozadie V&nbsp;posledn\u00fdch desa\u0165ro\u010diach sa celosvetov\u00fd obchod stal jednou z&nbsp;najd\u00f4le\u017eitej\u0161\u00edch z\u00e1le\u017eitost\u00ed vo v\u0161etk\u00fdch eur\u00f3pskych krajin\u00e1ch. Neobmedzen\u00fd paneur\u00f3psky obchod bez zdanenia a&nbsp;menov\u00fdch riz\u00edk je jedn\u00fdch z&nbsp;\u00faspe\u0161n\u00fdch modelov Eur\u00f3pskej \u00fanie. Jej z\u00e1klady v\u0161ak boli polo\u017een\u00e9 u\u017e v&nbsp;predch\u00e1dzaj\u00facich storo\u010diach prostredn\u00edctvom Eur\u00f3pskej obchodnej cesty, Fuggerovskej cesty. Projekt Europ\u00e4ische Fuggerstra\u00dfe (Eur\u00f3pska Fuggerovsk\u00e1 cesta), ktor\u00fd bol spusten\u00fd turistick\u00fdmi organiz\u00e1ciami r\u00f4znych eur\u00f3pskych <a class=\"more-link\" href=\"https:\/\/erasmusfugger.eu\/sk\/project-summary\/\">Read More &#8230;<\/a><\/p>\n","protected":false},"author":1,"featured_media":1895,"parent":0,"menu_order":0,"comment_status":"closed","ping_status":"closed","template":"","meta":{"ngg_post_thumbnail":0,"pgc_sgb_lightbox_settings":"","footnotes":""},"class_list":["post-1860","page","type-page","status-publish","has-post-thumbnail","hentry"],"translation":{"provider":"WPGlobus","version":"3.0.2","language":"sk","enabled_languages":["en","de","es","nl","sk"],"languages":{"en":{"title":true,"content":true,"excerpt":false},"de":{"title":true,"content":true,"excerpt":false},"es":{"title":true,"content":true,"excerpt":false},"nl":{"title":true,"content":true,"excerpt":false},"sk":{"title":true,"content":true,"excerpt":false}}},"_links":{"self":[{"href":"https:\/\/erasmusfugger.eu\/sk\/wp-json\/wp\/v2\/pages\/1860","targetHints":{"allow":["GET"]}}],"collection":[{"href":"https:\/\/erasmusfugger.eu\/sk\/wp-json\/wp\/v2\/pages"}],"about":[{"href":"https:\/\/erasmusfugger.eu\/sk\/wp-json\/wp\/v2\/types\/page"}],"author":[{"embeddable":true,"href":"https:\/\/erasmusfugger.eu\/sk\/wp-json\/wp\/v2\/users\/1"}],"replies":[{"embeddable":true,"href":"https:\/\/erasmusfugger.eu\/sk\/wp-json\/wp\/v2\/comments?post=1860"}],"version-history":[{"count":9,"href":"https:\/\/erasmusfugger.eu\/sk\/wp-json\/wp\/v2\/pages\/1860\/revisions"}],"predecessor-version":[{"id":6320,"href":"https:\/\/erasmusfugger.eu\/sk\/wp-json\/wp\/v2\/pages\/1860\/revisions\/6320"}],"wp:featuredmedia":[{"embeddable":true,"href":"https:\/\/erasmusfugger.eu\/sk\/wp-json\/wp\/v2\/media\/1895"}],"wp:attachment":[{"href":"https:\/\/erasmusfugger.eu\/sk\/wp-json\/wp\/v2\/media?parent=1860"}],"curies":[{"name":"wp","href":"https:\/\/api.w.org\/{rel}","templated":true}]}}