{"id":6086,"date":"2024-04-28T20:22:00","date_gmt":"2024-04-28T18:22:00","guid":{"rendered":"https:\/\/erasmusfugger.eu\/?page_id=6086"},"modified":"2025-05-16T18:27:21","modified_gmt":"2025-05-16T16:27:21","slug":"landingpage","status":"publish","type":"page","link":"https:\/\/erasmusfugger.eu\/sk\/","title":{"rendered":"S Erasmom+ otvoren\u00ed pre nov\u00e9 dobrodru\u017estv\u00e1 a v\u00fdzvy"},"content":{"rendered":"<p><span data-contrast=\"none\">1495, 1951, 1993. Aj v\u00e1m sa zdaj\u00fa tieto \u010d\u00edsla povedom\u00e9, ale neviete si ich teraz spoji\u0165 s konkr\u00e9tnou udalos\u0165ou? Nevad\u00ed. Aj pre n\u00e1s to boli spo\u010diatku \u010d\u00edsla, ktor\u00e9 spolu zdanlivo nes\u00faviseli. Ale spolo\u010dne sme sa za\u010dali p\u00fdta\u0165. Vydajte sa s nami na cestu programom Erasmus+ naprie\u010d \u010dasom, krajinami Eur\u00f3pskej \u00fanie a objavujte spolu s nami! <\/span><span data-ccp-props=\"{&quot;201341983&quot;:0,&quot;335559739&quot;:160,&quot;335559740&quot;:279}\">&nbsp;<\/span><\/p>\n<p><span data-contrast=\"none\">Historick\u00fd kalend\u00e1r hovor\u00ed, \u017ee prv\u00e1 organiz\u00e1cia, Eur\u00f3pske spolo\u010denstvo uhlia a ocele, predchodca dne\u0161nej E\u00da, bola zalo\u017een\u00e1 Par\u00ed\u017eskou zmluvou v roku 1951. Samotn\u00e1 E\u00da vznikla v roku 1993 Zmluvou o Eur\u00f3pskej \u00fanii, zn\u00e1mou aj ako Maastrichtsk\u00e1 zmluva z roku 1992. <\/span><span data-ccp-props=\"{&quot;201341983&quot;:0,&quot;335559739&quot;:160,&quot;335559740&quot;:279}\">&nbsp;<\/span><\/p>\n<p><span data-contrast=\"none\">&nbsp;<\/span><span data-ccp-props=\"{&quot;201341983&quot;:0,&quot;335559739&quot;:160,&quot;335559740&quot;:279}\">&nbsp;<\/span><span data-contrast=\"none\">Pred d\u00e1vnymi \u010dasmi, e\u0161te pred internetov\u00fdm nakupovan\u00edm a expresn\u00fdmi dod\u00e1vkami, v\u0161ak existoval Jakob Fugger &#8211; nemeck\u00fd obchodn\u00edk, ktor\u00fd vydl\u00e1\u017edil cestu eur\u00f3pskemu obchodu. V s\u00fa\u010dasnosti je neobmedzen\u00fd celoeur\u00f3psky obchod bez dan\u00ed a menov\u00fdch riz\u00edk jedn\u00fdm z \u00faspe\u0161n\u00fdch modelov Eur\u00f3pskej \u00fanie. Jeho z\u00e1klady v\u0161ak boli polo\u017een\u00e9 u\u017e 15. storo\u010d\u00ed s prvou eur\u00f3pskou obchodnou cestou, Fuggerovskou cestou. U\u017e tri roky (2020-2023) sledujeme jeho pr\u00edbeh a <a href=\"https:\/\/www.fuggerstrasse.eu\/en\/welcome.html\">Europ\u00e4ische Fuggerstra\u00dfe<\/a> s na\u0161imi <a href=\"https:\/\/erasmusfugger.eu\/kontakt\/\">partnersk\u00fdmi \u0161kolami<\/a>.<\/span><span data-ccp-props=\"{&quot;201341983&quot;:0,&quot;335559739&quot;:160,&quot;335559740&quot;:279}\">&nbsp;<\/span><\/p>\n<p><strong>Kto sa do tohto dobrodru\u017estva zapojil?&nbsp;<br \/><\/strong><span data-contrast=\"none\">P\u00e4\u0165 \u0161k\u00f4l podporen\u00fdch z fondu Erasmus+ z Augsburgu (Nemecko), Sterzingu (Taliansko), Banskej Bystrice (Slovensko), Almad\u00e9nu (\u0160panielsko) a Antverp (Belgicko). Spolo\u010dne sme odhalili tajomstvo \u00faspechu rodiny Fugger a to, ako formovala na\u0161e mest\u00e1 z ekonomick\u00e9ho, soci\u00e1lneho, politick\u00e9ho a environment\u00e1lneho h\u013eadiska.<\/span><span data-ccp-props=\"{&quot;201341983&quot;:0,&quot;335559739&quot;:160,&quot;335559740&quot;:279}\">&nbsp;<\/span><\/p>\n<p><strong>Na\u0161e poslanie?&nbsp;<br \/><\/strong><span data-contrast=\"none\">Premeni\u0165 zvedav\u00e9 14-16-ro\u010dn\u00e9 mysle na p\u00e1tra\u010dov v oblasti hist\u00f3rie, ekonomiky a etiky. Venovali sme sa obchodu a \u0165a\u017ebe a sk\u00famali sme, ako ovplyvnili na\u0161u minulos\u0165 a s\u00fa\u010dasnos\u0165. Od odkr\u00fdvania Fuggerovho bohatstva a\u017e po \u00favahy o bud\u00facnosti trvalo udr\u017eate\u013en\u00e9ho rozvoja &#8211; o prekvapenia nie je n\u00fadza! <\/span><span data-ccp-props=\"{&quot;201341983&quot;:0,&quot;335559739&quot;:160,&quot;335559740&quot;:279}\">&nbsp;<\/span><\/p>\n<p><strong>A to najlep\u0161ie?&nbsp;<br \/><\/strong><span data-contrast=\"none\">Nielen\u017ee sme sa u\u010dili &#8211; my sme tvorili. O\u010dak\u00e1vajte medzipredmetov\u00e9 <a href=\"https:\/\/erasmusfugger.eu\/clil-material\/\">u\u010debn\u00e9 materi\u00e1ly<\/a>,<a href=\"https:\/\/erasmusfugger.eu\/blog\/\"> blog<\/a> pln\u00fd projektov\u00fdch dobrodru\u017estiev, <a href=\"https:\/\/erasmusfugger.eu\/videos\/\">verejn\u00fa gal\u00e9riu vide\u00ed<\/a> a <a href=\"https:\/\/erasmusfugger.eu\/podcasts-audios\/\">podcastov<\/a>, <a href=\"https:\/\/erasmusfugger.eu\/erasmus-corners\/\">v\u00fdstavy<\/a> prezentuj\u00face majstrovsk\u00e9 diela na\u0161ich \u0161tudentov a dokonca aj Europassy pre v\u0161etk\u00fdch z\u00fa\u010dastnen\u00fdch. <\/span><span data-ccp-props=\"{&quot;201341983&quot;:0,&quot;335559739&quot;:160,&quot;335559740&quot;:279}\">&nbsp;<\/span><\/p>\n<p><strong>Ak\u00fd je teda hlavn\u00fd pr\u00ednos?<\/strong><span data-ccp-props=\"{&quot;201341983&quot;:0,&quot;335559739&quot;:160,&quot;335559740&quot;:279}\">&nbsp;<br \/><\/span><span data-contrast=\"none\">Okrem zlep\u0161enia zru\u010dnost\u00ed a vedomost\u00ed na\u0161ich \u017eiakov bol tento projekt predov\u0161etk\u00fdm o budovan\u00ed mostov &#8211; medzi krajinami, kult\u00farami a triedami. V\u010faka spolupr\u00e1ci a inov\u00e1ci\u00e1m sme utkali gobel\u00edn spolo\u010dn\u00fdch z\u00e1\u017eitkov, ktor\u00fd oslavuje kr\u00e1su zjednotenej Eur\u00f3py s priate\u013estvami na cel\u00fd \u017eivot. <\/span><span data-contrast=\"none\">T\u00fdm sa v\u0161ak n\u00e1\u0161 pr\u00edbeh nekon\u010d\u00ed. V\u010faka tomuto projektu sa mesto Almad\u00e9n op\u00e4\u0165 dostalo na mapu Eur\u00f3py, ke\u010f sa stalo s\u00fa\u010das\u0165ou projektu Eur\u00f3pska&nbsp; Fuggerovsk\u00e1 cesta..&nbsp;<\/span><\/p>\n<p><span data-contrast=\"none\"><strong>N\u00e1\u0161 pr\u00edbeh ale pokra\u010duje: <br \/><\/strong>Na jese\u0148 2025 si mesto Almad\u00e9n pl\u00e1nuje pripomen\u00fa\u0165 pr\u00edchod rodiny Fuggerovcov ve\u013ek\u00fdm podujat\u00edm, po\u010das ktor\u00e9ho odborn\u00edci na hist\u00f3riu pribl\u00ed\u017eia t\u00fato t\u00e9mu verejnosti.&nbsp; <\/span><span data-ccp-props=\"{&quot;201341983&quot;:0,&quot;335559739&quot;:160,&quot;335559740&quot;:279}\">&nbsp;<\/span><\/p>\n<p><span data-contrast=\"none\">\u010eakujeme, \u017ee ste sa k n\u00e1m pridali na tejto epickej v\u00fdprave, a po\u010fme spolo\u010dne tvori\u0165 hist\u00f3riu!<\/span><span data-ccp-props=\"{&quot;201341983&quot;:0,&quot;335559739&quot;:160,&quot;335559740&quot;:279}\">&nbsp;<\/span><\/p>\n<p><span data-contrast=\"none\">&nbsp;<\/span><span data-ccp-props=\"{&quot;201341983&quot;:0,&quot;335559739&quot;:160,&quot;335559740&quot;:279}\">&nbsp;<\/span><\/p>\n<p><span data-ccp-props=\"{&quot;201341983&quot;:0,&quot;335559739&quot;:160,&quot;335559740&quot;:279}\">&nbsp;<\/span><\/p>\n","protected":false},"excerpt":{"rendered":"<p>1495, 1951, 1993. Aj v\u00e1m sa zdaj\u00fa tieto \u010d\u00edsla povedom\u00e9, ale neviete si ich teraz spoji\u0165 s konkr\u00e9tnou udalos\u0165ou? Nevad\u00ed. Aj pre n\u00e1s to boli spo\u010diatku \u010d\u00edsla, ktor\u00e9 spolu zdanlivo nes\u00faviseli. Ale spolo\u010dne sme sa za\u010dali p\u00fdta\u0165. Vydajte sa s nami na cestu programom Erasmus+ naprie\u010d \u010dasom, krajinami Eur\u00f3pskej \u00fanie a objavujte spolu s nami! <a class=\"more-link\" href=\"https:\/\/erasmusfugger.eu\/sk\/\">Read More &#8230;<\/a><\/p>\n","protected":false},"author":1,"featured_media":0,"parent":0,"menu_order":0,"comment_status":"closed","ping_status":"closed","template":"","meta":{"ngg_post_thumbnail":0,"pgc_sgb_lightbox_settings":"","footnotes":""},"class_list":["post-6086","page","type-page","status-publish","hentry"],"translation":{"provider":"WPGlobus","version":"3.0.2","language":"sk","enabled_languages":["en","de","es","nl","sk"],"languages":{"en":{"title":true,"content":true,"excerpt":false},"de":{"title":true,"content":true,"excerpt":false},"es":{"title":true,"content":true,"excerpt":false},"nl":{"title":true,"content":true,"excerpt":false},"sk":{"title":true,"content":true,"excerpt":false}}},"_links":{"self":[{"href":"https:\/\/erasmusfugger.eu\/sk\/wp-json\/wp\/v2\/pages\/6086","targetHints":{"allow":["GET"]}}],"collection":[{"href":"https:\/\/erasmusfugger.eu\/sk\/wp-json\/wp\/v2\/pages"}],"about":[{"href":"https:\/\/erasmusfugger.eu\/sk\/wp-json\/wp\/v2\/types\/page"}],"author":[{"embeddable":true,"href":"https:\/\/erasmusfugger.eu\/sk\/wp-json\/wp\/v2\/users\/1"}],"replies":[{"embeddable":true,"href":"https:\/\/erasmusfugger.eu\/sk\/wp-json\/wp\/v2\/comments?post=6086"}],"version-history":[{"count":10,"href":"https:\/\/erasmusfugger.eu\/sk\/wp-json\/wp\/v2\/pages\/6086\/revisions"}],"predecessor-version":[{"id":6352,"href":"https:\/\/erasmusfugger.eu\/sk\/wp-json\/wp\/v2\/pages\/6086\/revisions\/6352"}],"wp:attachment":[{"href":"https:\/\/erasmusfugger.eu\/sk\/wp-json\/wp\/v2\/media?parent=6086"}],"curies":[{"name":"wp","href":"https:\/\/api.w.org\/{rel}","templated":true}]}}