{"id":6249,"date":"2025-05-06T14:14:00","date_gmt":"2025-05-06T12:14:00","guid":{"rendered":"https:\/\/erasmusfugger.eu\/?page_id=6249"},"modified":"2025-10-26T18:41:14","modified_gmt":"2025-10-26T17:41:14","slug":"ifyc","status":"publish","type":"page","link":"https:\/\/erasmusfugger.eu\/sk\/ifyc\/","title":{"rendered":"IFYC25 &#8211; Fugger &#8211; Medzin\u00e1rodn\u00e1 ml\u00e1de\u017en\u00edcka konferencia \u00b425"},"content":{"rendered":"<p>500 rokov po pr\u00edchode Fuggerovcov do Almad\u00e9nu &#8211;<br \/>\n\u010co sa m\u00f4\u017eeme nau\u010di\u0165 pre bud\u00facnos\u0165<\/p>\n<p><span data-contrast=\"none\">\u0160tudenti a u\u010ditelia z historick\u00fdch miest spojen\u00fdch s rodinou Fuggerovcov &#8211; Allmad\u00e9n a Almagro (\u0160panielsko), Augsburg (Nemecko), Bansk\u00e1 Bystrica (Slovensko) a Sterzing (Taliansko) &#8211; sa stretn\u00fa na medzin\u00e1rodnej konferencii ml\u00e1de\u017ee IFYC 25 v Allmad\u00e9ne, aby spolo\u010dne osl\u00e1vili 500. v\u00fdro\u010die pr\u00edchodu Fuggerovcov. <\/span><span data-ccp-props=\"{}\">&nbsp;<\/span><\/p>\n<p><span data-contrast=\"none\">Tento v\u00fdnimo\u010dn\u00fd t\u00fd\u017ede\u0148 sa za\u010dne v hostite\u013esk\u00fdch rodin\u00e1ch \u0161panielskych priate\u013eov. Spolo\u010dne za\u017eij\u00fa tzv. rodinn\u00fd de\u0148, po\u010das ktor\u00e9ho bud\u00fa objavova\u0165 mesto a jeho okolie a vytv\u00e1ra\u0165 prv\u00e9 spolo\u010dn\u00e9 spomienky. &nbsp;<\/span><span data-ccp-props=\"{}\">&nbsp;<\/span><\/p>\n<p><span data-contrast=\"none\">Ofici\u00e1lny za\u010diatok konferencie bude sprev\u00e1dza\u0165 srde\u010dn\u00e9 priv\u00edtanie a z\u00e1bavn\u00e9 aktivity na prelomenie \u013eadov. Nasledova\u0165 bude n\u00e1v\u0161teva sl\u00e1vnej bane Almad\u00e9n, zap\u00edsanej na zozname svetov\u00e9ho dedi\u010dstva UNESCO, kde sa \u00fa\u010dastn\u00edci dozvedia viac o jej v\u00fdnimo\u010dnej hist\u00f3rii a \u00falohe, ktor\u00fa zohrali Fuggerovci. <\/span><span data-ccp-props=\"{}\">&nbsp;<\/span><\/p>\n<p><span data-contrast=\"none\">V Centre ortuti sa uskuto\u010dnia odborn\u00e9 diskusie, ktor\u00e9 sa zameraj\u00fa na environment\u00e1lne a zdravotn\u00e9 ot\u00e1zky s\u00favisiace s ortu\u0165ou &#8211; od renesan\u010dn\u00fdch met\u00f3d a\u017e po s\u00fa\u010dasn\u00e9 v\u00fdzvy. \u0160tudenti bud\u00fa ma\u0165 mo\u017enos\u0165 prezentova\u0165 v\u00fdsledky svojho v\u00fdskumu a spolo\u010dne si prezr\u00fa aj Almaden. <\/span><span data-ccp-props=\"{}\">&nbsp;<\/span><\/p>\n<p><span data-contrast=\"none\">\u010eal\u0161\u00ed de\u0148 sa uskuto\u010dnia workshopy pod veden\u00edm univerzitn\u00fdch odborn\u00edkov, ktor\u00e9 sa zameraj\u00fa na \u00fa\u010dinky ortuti na zdravie a sp\u00f4soby jej zis\u0165ovania. Popoludn\u00ed \u00fa\u010dastn\u00edci pripravia v\u00fdstupy z konferencie a absolvuj\u00fa zauj\u00edmav\u00fa exkurziu.<\/span><span data-ccp-props=\"{}\">&nbsp;<\/span><\/p>\n<p><span data-contrast=\"none\">Posledn\u00fd de\u0148 sa bude nies\u0165 v duchu zdie\u013eania a osl\u00e1v. \u00da\u010dastn\u00edci nav\u0161t\u00edvia partnersk\u00fa \u0161kolu v Almagre, predstavia svoje zistenia z konferencie a odovzdaj\u00fa ich z\u00e1stupcom v historickom Fuggerovom dome. Po prehliadke kr\u00e1sneho mesta sa rozl\u00fa\u010dia so svojimi nov\u00fdmi priate\u013emi na spolo\u010dnej p\u00e1rty plnej hudby, radosti a spomienok na nezabudnute\u013en\u00fd t\u00fd\u017ede\u0148.<\/span><span data-ccp-props=\"{}\">&nbsp;<\/span><\/p>\n<p style=\"text-align: center;\"><a href=\"https:\/\/erasmusfugger.eu\/wp-content\/uploads\/2025\/05\/IFYC25-Erasmus.pdf\" class=\"pdfemb-viewer\" style=\"width:600px;\" data-width=\"600\" data-height=\"max\" data-toolbar=\"bottom\" data-toolbar-fixed=\"on\">IFYC25-Erasmus<\/a><\/p>\n","protected":false},"excerpt":{"rendered":"<p>500 rokov po pr\u00edchode Fuggerovcov do Almad\u00e9nu &#8211; \u010co sa m\u00f4\u017eeme nau\u010di\u0165 pre bud\u00facnos\u0165 \u0160tudenti a u\u010ditelia z historick\u00fdch miest spojen\u00fdch s rodinou Fuggerovcov &#8211; Allmad\u00e9n a Almagro (\u0160panielsko), Augsburg (Nemecko), Bansk\u00e1 Bystrica (Slovensko) a Sterzing (Taliansko) &#8211; sa stretn\u00fa na medzin\u00e1rodnej konferencii ml\u00e1de\u017ee IFYC 25 v Allmad\u00e9ne, aby spolo\u010dne osl\u00e1vili 500. v\u00fdro\u010die pr\u00edchodu Fuggerovcov. <a class=\"more-link\" href=\"https:\/\/erasmusfugger.eu\/sk\/ifyc\/\">Read More &#8230;<\/a><\/p>\n","protected":false},"author":1,"featured_media":0,"parent":0,"menu_order":0,"comment_status":"closed","ping_status":"closed","template":"","meta":{"ngg_post_thumbnail":0,"pgc_sgb_lightbox_settings":"","footnotes":""},"class_list":["post-6249","page","type-page","status-publish","hentry"],"translation":{"provider":"WPGlobus","version":"3.0.2","language":"sk","enabled_languages":["en","de","es","nl","sk"],"languages":{"en":{"title":true,"content":true,"excerpt":false},"de":{"title":false,"content":true,"excerpt":false},"es":{"title":false,"content":false,"excerpt":false},"nl":{"title":false,"content":false,"excerpt":false},"sk":{"title":true,"content":true,"excerpt":false}}},"_links":{"self":[{"href":"https:\/\/erasmusfugger.eu\/sk\/wp-json\/wp\/v2\/pages\/6249","targetHints":{"allow":["GET"]}}],"collection":[{"href":"https:\/\/erasmusfugger.eu\/sk\/wp-json\/wp\/v2\/pages"}],"about":[{"href":"https:\/\/erasmusfugger.eu\/sk\/wp-json\/wp\/v2\/types\/page"}],"author":[{"embeddable":true,"href":"https:\/\/erasmusfugger.eu\/sk\/wp-json\/wp\/v2\/users\/1"}],"replies":[{"embeddable":true,"href":"https:\/\/erasmusfugger.eu\/sk\/wp-json\/wp\/v2\/comments?post=6249"}],"version-history":[{"count":9,"href":"https:\/\/erasmusfugger.eu\/sk\/wp-json\/wp\/v2\/pages\/6249\/revisions"}],"predecessor-version":[{"id":6699,"href":"https:\/\/erasmusfugger.eu\/sk\/wp-json\/wp\/v2\/pages\/6249\/revisions\/6699"}],"wp:attachment":[{"href":"https:\/\/erasmusfugger.eu\/sk\/wp-json\/wp\/v2\/media?parent=6249"}],"curies":[{"name":"wp","href":"https:\/\/api.w.org\/{rel}","templated":true}]}}