{"id":71,"date":"2021-05-15T19:39:01","date_gmt":"2021-05-15T17:39:01","guid":{"rendered":"https:\/\/erasmusfugger.eu\/?page_id=71"},"modified":"2025-05-09T20:39:14","modified_gmt":"2025-05-09T18:39:14","slug":"project-description","status":"publish","type":"page","link":"https:\/\/erasmusfugger.eu\/sk\/project-description\/","title":{"rendered":"Opis projektu"},"content":{"rendered":"<p><strong>Z\u00e1kladn\u00e9 \u00fadaje<\/strong><\/p>\n<p><strong>Jakub Fugger \u2013 historick\u00fd eur\u00f3psky influencer \u2013<\/strong> <strong>#ekonomick\u00e9#politick\u00e9#soci\u00e1lne#medi\u00e1lne#ekologick\u00e9#stopy<\/strong><\/p>\n<p>Za\u010diatok projektu: 01-11-2020 &#8211; End: 31-08-2023<br \/>Referen\u010dn\u00e9 \u010d\u00edslo projektu: 2020-1-DE03-KA229-077399<br \/>Program: <strong>Erasmus+<\/strong><br \/>K\u013e\u00fa\u010dov\u00e1 akcia: <strong>Spolupr\u00e1ca v&nbsp;oblasti inov\u00e1ci\u00ed a&nbsp;v\u00fdmena osved\u010den\u00fdch postupov<\/strong><br \/>Druh akcie: <strong>\u0160kolsk\u00e9 v\u00fdmenn\u00e9 partnerstv\u00e1<\/strong> <br \/>Region\u00e1lna dimenzia a&nbsp;kooper\u00e1cia, pr\u00edrodn\u00e9 vety, doprava a mobilita<\/p>\n<p><strong>Koordin\u00e1tor<\/strong><\/p>\n<p>Jakob-Fugger-Gymnasium, Augsburg<\/p>\n<p><strong>Partnersk\u00e9 \u0161koly<\/strong><\/p>\n<ul>\n<li>Z\u00e1kladn\u00e1 \u0161kola, Moskovsk\u00e1 2, Bansk\u00e1 Bystrica<\/li>\n<li>Oberschulzentrum Sterzing<\/li>\n<li>Onze-Lieve-Vrouwecollege, Antwerp<\/li>\n<li>Instututo de Educaci\u00f3n Secundaria Pablo Ruiz Picasso, Almad\u00e9n<\/li>\n<\/ul>\n<p>&nbsp;<\/p>\n","protected":false},"excerpt":{"rendered":"<p>Z\u00e1kladn\u00e9 \u00fadaje Jakub Fugger \u2013 historick\u00fd eur\u00f3psky influencer \u2013 #ekonomick\u00e9#politick\u00e9#soci\u00e1lne#medi\u00e1lne#ekologick\u00e9#stopy Za\u010diatok projektu: 01-11-2020 &#8211; End: 31-08-2023Referen\u010dn\u00e9 \u010d\u00edslo projektu: 2020-1-DE03-KA229-077399Program: Erasmus+K\u013e\u00fa\u010dov\u00e1 akcia: Spolupr\u00e1ca v&nbsp;oblasti inov\u00e1ci\u00ed a&nbsp;v\u00fdmena osved\u010den\u00fdch postupovDruh akcie: \u0160kolsk\u00e9 v\u00fdmenn\u00e9 partnerstv\u00e1 Region\u00e1lna dimenzia a&nbsp;kooper\u00e1cia, pr\u00edrodn\u00e9 vety, doprava a mobilita Koordin\u00e1tor Jakob-Fugger-Gymnasium, Augsburg Partnersk\u00e9 \u0161koly Z\u00e1kladn\u00e1 \u0161kola, Moskovsk\u00e1 2, Bansk\u00e1 Bystrica Oberschulzentrum Sterzing Onze-Lieve-Vrouwecollege, Antwerp Instututo <a class=\"more-link\" href=\"https:\/\/erasmusfugger.eu\/sk\/project-description\/\">Read More &#8230;<\/a><\/p>\n","protected":false},"author":1,"featured_media":1897,"parent":0,"menu_order":0,"comment_status":"closed","ping_status":"closed","template":"","meta":{"ngg_post_thumbnail":0,"pgc_sgb_lightbox_settings":"","footnotes":""},"class_list":["post-71","page","type-page","status-publish","has-post-thumbnail","hentry"],"translation":{"provider":"WPGlobus","version":"3.0.2","language":"sk","enabled_languages":["en","de","es","nl","sk"],"languages":{"en":{"title":true,"content":true,"excerpt":false},"de":{"title":true,"content":true,"excerpt":false},"es":{"title":true,"content":true,"excerpt":false},"nl":{"title":true,"content":true,"excerpt":false},"sk":{"title":true,"content":true,"excerpt":false}}},"_links":{"self":[{"href":"https:\/\/erasmusfugger.eu\/sk\/wp-json\/wp\/v2\/pages\/71","targetHints":{"allow":["GET"]}}],"collection":[{"href":"https:\/\/erasmusfugger.eu\/sk\/wp-json\/wp\/v2\/pages"}],"about":[{"href":"https:\/\/erasmusfugger.eu\/sk\/wp-json\/wp\/v2\/types\/page"}],"author":[{"embeddable":true,"href":"https:\/\/erasmusfugger.eu\/sk\/wp-json\/wp\/v2\/users\/1"}],"replies":[{"embeddable":true,"href":"https:\/\/erasmusfugger.eu\/sk\/wp-json\/wp\/v2\/comments?post=71"}],"version-history":[{"count":10,"href":"https:\/\/erasmusfugger.eu\/sk\/wp-json\/wp\/v2\/pages\/71\/revisions"}],"predecessor-version":[{"id":6318,"href":"https:\/\/erasmusfugger.eu\/sk\/wp-json\/wp\/v2\/pages\/71\/revisions\/6318"}],"wp:featuredmedia":[{"embeddable":true,"href":"https:\/\/erasmusfugger.eu\/sk\/wp-json\/wp\/v2\/media\/1897"}],"wp:attachment":[{"href":"https:\/\/erasmusfugger.eu\/sk\/wp-json\/wp\/v2\/media?parent=71"}],"curies":[{"name":"wp","href":"https:\/\/api.w.org\/{rel}","templated":true}]}}