{"id":94,"date":"2021-05-15T20:44:05","date_gmt":"2021-05-15T18:44:05","guid":{"rendered":"https:\/\/erasmusfugger.eu\/?page_id=94"},"modified":"2023-02-13T11:26:24","modified_gmt":"2023-02-13T10:26:24","slug":"schools-and-regions","status":"publish","type":"page","link":"https:\/\/erasmusfugger.eu\/sk\/schools-and-regions\/","title":{"rendered":"\u0160koly a regi\u00f3ny"},"content":{"rendered":"<h3>Gymn\u00e1zium Jakuba Fuggera, Augsburg (Nemecko)<\/h3>\n<p><strong><a href=\"https:\/\/erasmusfugger.eu\/wp-content\/uploads\/2021\/05\/Jakob-Fugger-Gymnasium_Augsburg_kl.jpg\"><img loading=\"lazy\" decoding=\"async\" class=\"alignright size-medium wp-image-302\" src=\"https:\/\/erasmusfugger.eu\/wp-content\/uploads\/2021\/05\/Jakob-Fugger-Gymnasium_Augsburg_kl-300x192.jpg\" alt=\"\" width=\"300\" height=\"192\" srcset=\"https:\/\/erasmusfugger.eu\/wp-content\/uploads\/2021\/05\/Jakob-Fugger-Gymnasium_Augsburg_kl-300x192.jpg 300w, https:\/\/erasmusfugger.eu\/wp-content\/uploads\/2021\/05\/Jakob-Fugger-Gymnasium_Augsburg_kl-768x492.jpg 768w, https:\/\/erasmusfugger.eu\/wp-content\/uploads\/2021\/05\/Jakob-Fugger-Gymnasium_Augsburg_kl.jpg 800w\" sizes=\"auto, (max-width: 300px) 100vw, 300px\" \/><\/a>&nbsp;<\/strong>Gymn\u00e1zium Jakuba Fuggera je modern\u00e1 stredn\u00e1 \u0161kola s dlhoro\u010dnou trad\u00edciou, situovan\u00e1 v centre mesta Augsburg. Hist\u00f3ria \u0161koly sa za\u010dala p\u00edsa\u0165 v roku 1879 zalo\u017een\u00edm \u201eVy\u0161\u0161ej \u0161koly obchodnej\u201c (\u201e\u201eH\u00f6here Handelsschule\u201c). V roku 1965 bola premenovan\u00e1 na s\u00fa\u010dasn\u00e9 \u201eGymn\u00e1zium Jakuba Fuggera\u201c na po\u010des\u0165 star\u00fdch augsbursk\u00fdch rod\u00edn zd\u00f4raz\u0148uj\u00fac zameranie vzdel\u00e1vania na ekonomick\u00e9 predmety. Nesk\u00f4r pribudli pr\u00edrodovedn\u00e9 a technologick\u00e9 odbory. V s\u00fa\u010dasnej dobe \u0161kolu nav\u0161tevuje pribli\u017ene 740 \u0161tudentov, ktor\u00fdch vyu\u010dovanie zabezpe\u010duje 65 u\u010diteliek a u\u010dite\u013eov. V\u010faka kvalifikovan\u00fdm u\u010debn\u00fdm met\u00f3dam, \u0161irokej ponuke volite\u013en\u00fdch predmetov zameranej na individu\u00e1lnu podporu \u0161kola poskytuje kvalitn\u00e9 vzdel\u00e1vanie, ktor\u00e9 je v s\u00falade s po\u017eiadavkami individu\u00e1lneho vzdel\u00e1vania a podpory z\u00e1ujmov jednotlivcov. Vplyv Jakuba Fuggera v Augsburgu je neust\u00e1le pr\u00edtomn\u00fd v rozmanit\u00fdch podob\u00e1ch. V r\u00e1mci koncepcie projektu bud\u00fa ma\u0165 na\u0161i \u017eiaci mo\u017enos\u0165 roz\u0161\u00edri\u0165 si vedomosti o \u010dloveku, ktor\u00e9ho meno nesie ich \u0161kola. Zapojen\u00edm sa do projektu sa tie\u017e sna\u017e\u00edme o dynamiz\u00e1ciu vo vyu\u010dovan\u00ed, o zlep\u0161enie medzi predmetov\u00fdch vz\u0165ahov a kooper\u00e1cie u\u010dite\u013eov, ako aj o vytvorenie eur\u00f3pskej siete sl\u00fa\u017eiacej na v\u00fdmenu pedagogick\u00fdch sk\u00fasenost\u00ed a pr\u00edkladov dobrej praxe na platforme eTwinning alebo po\u010das stretnut\u00ed u\u010dite\u013eov. Projektom sa \u010falej sna\u017e\u00edme naplni\u0165 my\u0161lienku inkl\u00fazie v zmysle zapojenia \u017eiakov s probl\u00e9mami s u\u010den\u00edm a \u017eiakov, ktor\u00ed doposia\u013e nemali mo\u017enos\u0165 vycestova\u0165 za hranice z d\u00f4vodu soci\u00e1lneho znev\u00fdhodnenia. Jedn\u00fdm z \u010fal\u0161\u00edch d\u00f4le\u017eit\u00fdch cie\u013eov projektu je \u017eiakov vychov\u00e1va\u0165 k interkult\u00farnemu porozumeniu a tolerancii rozmanitosti v Eur\u00f3pe.<\/p>\n<p>adresa: Kriemhildenstra\u00dfe 5, D-86152 Augsburg<br \/>\ntelef\u00f3n: +49 821 324 18452<br \/>\nmail:&nbsp;<a href=\"mailto:jfg.stadt@augsburg.de\">jfg.stadt@augsburg.de<\/a><br \/>\n\u0161kolsk\u00e1 web str\u00e1nka:&nbsp;<a href=\"https:\/\/jakob-fugger-gymnasium.de\/\">Jakob Fugger Gymnasium<\/a><\/p>\n<h3 id=\"SK\">Z\u00e1kladn\u00e1 \u0161kola, Moskovsk\u00e1 2, Bansk\u00e1 Bystrica (Slovensko)<\/h3>\n<p><img loading=\"lazy\" decoding=\"async\" class=\"alignright size-medium wp-image-1458\" src=\"https:\/\/erasmusfugger.eu\/wp-content\/uploads\/2021\/07\/skola-300x117.jpg\" alt=\"\" width=\"300\" height=\"117\" srcset=\"https:\/\/erasmusfugger.eu\/wp-content\/uploads\/2021\/07\/skola-300x117.jpg 300w, https:\/\/erasmusfugger.eu\/wp-content\/uploads\/2021\/07\/skola.jpg 360w\" sizes=\"auto, (max-width: 300px) 100vw, 300px\" \/>Z\u00e1kladn\u00e1 \u0161kola Moskovsk\u00e1 2 v Banskej Bystrici poskytuje svojim \u017eiakom z\u00e1kladn\u00e9 a ni\u017e\u0161ie stredn\u00e9 vzdelanie. V s\u00fa\u010dasnosti \u0161kolu nav\u0161tevuje 576 \u017eiakov a vzdel\u00e1vanie zabezpe\u010duje 71 \u010dlenov pedagogick\u00e9ho zboru. &nbsp;\u0160kola akt\u00edvne pracuje na implement\u00e1cii inov\u00e1ci\u00ed a zmien, ktor\u00e9 sa zameriavaj\u00fa na rozvoj k\u013e\u00fa\u010dov\u00fdch kompetenci\u00ed &nbsp;potrebn\u00fdch pre bud\u00face \u0161t\u00fadium, pr\u00e1cu a \u017eivot \u017eiakov (zmeny v obsahu \u0161kolsk\u00e9ho vzdel\u00e1vacieho programu smerom ku zru\u010dnostiam \u017eiakov, prechod od memorovania k rozvoju prezenta\u010dn\u00fdch zru\u010dnost\u00ed, podpora medzi predmetov\u00fdch vz\u0165ahov prostredn\u00edctvom prierezov\u00fdch t\u00e9m). &nbsp;Vzh\u013eadom k snahe o podporu koopera\u010dn\u00fdch zru\u010dnost\u00ed, schopnost\u00ed komunikova\u0165 v cudz\u00edch jazykoch, kritick\u00e9ho myslenia a rie\u0161enia probl\u00e9mov sa u\u010ditelia sna\u017eia h\u013eada\u0165 mo\u017enosti zap\u00e1ja\u0165 \u017eiakov do projektov na medzin\u00e1rodnej \u00farovni.&nbsp; Nov\u00e9 pr\u00edstupy k t\u00edmovej pr\u00e1ci, interdisciplin\u00e1rna spolupr\u00e1ca, mo\u017enos\u0165 v\u00fdmeny pr\u00edkladov dobrej praxe prostredn\u00edctvom spolupr\u00e1ce s eur\u00f3pskymi \u0161kolami poskytuj\u00fa aj u\u010dite\u013eom nov\u00e9 pr\u00edle\u017eitos\u0165 na osobn\u00fd profesijn\u00fd rozvoj.<\/p>\n<p>adresa:&nbsp;Moskovsk\u00e1 2, SK-974 04 Bansk\u00e1 Bystrica<br \/>\nmail: &nbsp;<a href=\"mailto:riaditel@zsmosbb.eu\">riaditel<\/a><a href=\"mailto:riaditel@zsmosbb.eu\">@zsmosbb.eu<\/a>&nbsp;&nbsp;&nbsp;<br \/>\n\u0161kolsk\u00e1 web str\u00e1nka:&nbsp;<a href=\"https:\/\/zsmoskovska.edupage.org\/\" target=\"_blank\" rel=\"noopener\">Z\u00e1kladn\u00e1 \u0161kola, Moskovsk\u00e1 2<\/a><\/p>\n<h3 id=\"IT\">Oberschulzentrum Sterzing, Sterzing (Taliansko)<\/h3>\n<p><img decoding=\"async\" src=\"https:\/\/erasmusfugger.eu\/wp-content\/uploads\/2021\/06\/OSZ_Sterzing-300x113.jpg\">Oberschulzentrum Sterzing je vy\u0161\u0161ia stredn\u00e1 \u0161kola, ktor\u00fa nav\u0161tevuje takmer 400 \u0161tudentov vo veku 14 \u2013 18 rokov. V&nbsp;\u0161kole pracuje 60 u\u010diteliek a&nbsp;u\u010dite\u013eov. \u0160kola sa nach\u00e1dza v&nbsp;meste Sterzing, ktor\u00e9 m\u00e1 pribli\u017ene 6400 obyvate\u013eov a&nbsp;je situovan\u00e9 na severe Talianska, 15 km ju\u017ene od brennersk\u00e9ho priesmyku. Na\u0161i \u017eiaci poch\u00e1dzaj\u00fa zo Sterzingu a pri\u013eahl\u00fdch dol\u00edn. \u0160kola pon\u00faka 4 hlavn\u00e9 vyu\u010dovacie odbory zameran\u00e9 na: cudzie jazyky, \u0161port, pr\u00edrodovedn\u00e9 a&nbsp;ekonomick\u00e9 predmety. Po piatich rokoch \u0161t\u00fadia v&nbsp;na\u0161ej \u0161kole \u017eiaci (vo veku 18 rokov) absolvuj\u00fa z\u00e1vere\u010dn\u00fa sk\u00fa\u0161ku na \u00farovni A&nbsp;v&nbsp;nem\u010dine, talian\u010dina sa vyu\u010duje ako druh\u00fd cudz\u00ed jazyk. Skuto\u010dnos\u0165, \u017ee sme pomerne mal\u00e1 \u0161kola, garantuje osobn\u00fa a&nbsp;individu\u00e1lnu podporu pre na\u0161ich \u017eiakov.<\/p>\n<p>adresa: Kanonikus-Michael-Gamper-Platz 2, I-39049 STERZING<br \/>\nmail:&nbsp;<a href=\"mailto:os-osz.sterzing@schule.suedtirol.it\">os-osz.sterzing@schule.suedtirol.it<\/a><br \/>\n\u0161kolsk\u00e1 web str\u00e1nka:&nbsp;<a href=\"https:\/\/www.oberschulzentrum-sterzing.eu\/\">Oberschulzentrum Sterzing<\/a><\/p>\n<h3 id=\"BE\">Onze-Lieve-Vrouwecollege Plus,&nbsp;Antwerp (Belgicko)<\/h3>\n<p><img decoding=\"async\" src=\"https:\/\/erasmusfugger.eu\/wp-content\/uploads\/2021\/07\/OLVC-300x210.jpg\"><\/p>\n<p>Onze-Lieve-Vrouwecollege Plus (College of Our Dear Lady) je jednou z&nbsp;najprest\u00ed\u017enej\u0161\u00edch in\u0161tit\u00faci\u00ed medzi \u0161kolami v&nbsp;Antverp\u00e1ch u\u017e viac ne\u017e 150 rokov. Na\u0161e gymn\u00e1zium nav\u0161tevuje viac ne\u017e 750 \u017eiakov 35 n\u00e1rodnost\u00ed.<\/p>\n<p>Aj napriek stroh\u00e9mu v\u00fdzoru budov \u0161kolskou br\u00e1nou vstupujete do sveta pln\u00e9ho aktiv\u00edt, &nbsp;v&nbsp;ktorom sa \u0161t\u00fadium, \u0161port a&nbsp;mimo \u0161kolsk\u00e9 aktivity pon\u00fakaj\u00fa \u017eiakom v&nbsp;\u00faplnej harm\u00f3nii. V&nbsp;zmysle Jezuitskej trad\u00edcie&nbsp; si \u0161kola vybudovala poves\u0165 vysoko kvalitnej vzdel\u00e1vacej in\u0161tit\u00facie, kde ka\u017ed\u00fd \u017eiak m\u00e1 dostatok priestoru na rozvoj svojich talentov. Ak ke\u010f sme katol\u00edckou \u0161kolou, v&nbsp;na\u0161ej \u0161kole s\u00fa v\u00edtan\u00ed v\u0161etci mlad\u00ed \u013eudia \u2013 bez oh\u013eadu na n\u00e1bo\u017eenstvo. Sme pevne presved\u010den\u00ed, \u017ee t\u00e1to r\u00f4znorodos\u0165 pon\u00faka mnoh\u00e9 pr\u00edle\u017eitosti pre bud\u00faci \u017eivot. &nbsp;V&nbsp;na\u0161ej \u0161kole si udr\u017eiavame trad\u00edciu \u00fa\u010dasti na \u201eOlympi\u00e1dach\u201c v&nbsp;rozli\u010dn\u00fdch predmetoch ako matematika, fyzika, biol\u00f3gia a&nbsp;latin\u010dina. S\u00fa to s\u00fa\u0165a\u017ee, ktor\u00e9 s\u00fa organizovan\u00e9 naprie\u010d cel\u00fdm Fl\u00e1mskom s&nbsp;cie\u013eom vybra\u0165 najlep\u0161\u00edch \u017eiakov. Sme ve\u013emi hrd\u00ed na to, \u017ee na\u0161i \u017eiaci sa pravidelne z\u00fa\u010dast\u0148uj\u00fa fin\u00e1lov\u00fdch k\u00f4l.<\/p>\n<p>adresa: Frankrijklei 91, 2000 Antwerp<br \/>\nmail:<br \/>\n\u0161kolsk\u00e1 web str\u00e1nka:&nbsp;<a href=\"https:\/\/www.olvcplus.be\/\">Onze-Lieve-Vrouwecollege Plus<\/a><\/p>\n<h3 id=\"ES\">Instituto de Educaci\u00f3n Secundaria Pablo Ruiz Picasso, Almad\u00e9n (\u0160panielsko)<\/h3>\n<p>IES \u201cPablo Ruiz Picasso\u201d je in\u0161tit\u00facia sekund\u00e1rneho vzdel\u00e1vania s&nbsp;modern\u00fdm technick\u00fdm vybaven\u00edm. Vzdel\u00e1vanie sa uskuto\u010d\u0148uje v&nbsp;dvoch \u00farovniach: povinn\u00e9 sekund\u00e1rne vzdel\u00e1vanie (\u017eiaci vo veku 12 \u2013 16 rokov) amaturitn\u00e9 ro\u010dn\u00edky (pre \u017eiakov vo veku 16 \u2013 18 rokov). Po\u010det \u0161tudentov na\u0161ej \u0161koly aktu\u00e1lne kles\u00e1, v&nbsp;s\u00fa\u010dasnosti je ich 290, ke\u010f\u017ee v oblasti, v&nbsp;ktorej sa nach\u00e1dza na\u0161a \u0161kola, do\u0161lo k&nbsp;ztn\u00ed\u017eeniu popul\u00e1cie v d\u00f4sledku zatvorenia ortu\u0165ov\u00fdch ban\u00ed v&nbsp;meste Almad\u00e9n v&nbsp;roku 2003. Odvtedy mesto z\u00e1pas\u00ed s&nbsp;prekonan\u00edm ekonomick\u00fdch probl\u00e9mov. Ver\u00edme, \u017ee \u00fa\u010das\u0165 na\u0161ich \u0161tudentov v&nbsp;eur\u00f3pskom programe bude pre nich ve\u013ek\u00fdm pr\u00ednosom, ke\u010f\u017ee maj\u00fa len m\u00e1lo mo\u017enost\u00ed vycestova\u0165 za hranice a&nbsp;rozv\u00edja\u0165 svoje eur\u00f3pske povedomie a&nbsp;toleranciu vo\u010di in\u00fdm \u013eu\u010fom a&nbsp;kult\u00faram. Je to tie\u017e pr\u00edle\u017eitos\u0165 u\u010di\u0165 sa zodpovednosti vo\u010di vlastn\u00e9mu historick\u00e9mu dedi\u010dstvu, jeho zachov\u00e1vaniu a&nbsp;propag\u00e1cii, a&nbsp;tak sa akt\u00edvne podie\u013ea\u0165 na budovan\u00ed bud\u00faceho hospod\u00e1rskeho a&nbsp;politick\u00e9ho \u017eivota svojho vlastn\u00e9ho mesta. Od roku 2012 je mesto zap\u00edsan\u00e9 do zoznamu UNESCO.<\/p>\n<p>adresa: Avenida de Espa\u00f1a n\u00ba 68, ES-13400 Almad\u00e9n<br \/>\nmail:<br \/>\n\u0161kolsk\u00e1 web str\u00e1nka:&nbsp;<a href=\"http:\/\/ies-prpicasso.centros.castillalamancha.es\/\">IES Pablo Ruiz Picasso<\/a><\/p>\n","protected":false},"excerpt":{"rendered":"<p>Gymn\u00e1zium Jakuba Fuggera, Augsburg (Nemecko) &nbsp;Gymn\u00e1zium Jakuba Fuggera je modern\u00e1 stredn\u00e1 \u0161kola s dlhoro\u010dnou trad\u00edciou, situovan\u00e1 v centre mesta Augsburg. Hist\u00f3ria \u0161koly sa za\u010dala p\u00edsa\u0165 v roku 1879 zalo\u017een\u00edm \u201eVy\u0161\u0161ej \u0161koly obchodnej\u201c (\u201e\u201eH\u00f6here Handelsschule\u201c). V roku 1965 bola premenovan\u00e1 na s\u00fa\u010dasn\u00e9 \u201eGymn\u00e1zium Jakuba Fuggera\u201c na po\u010des\u0165 star\u00fdch augsbursk\u00fdch rod\u00edn zd\u00f4raz\u0148uj\u00fac zameranie vzdel\u00e1vania na ekonomick\u00e9 predmety. <a class=\"more-link\" href=\"https:\/\/erasmusfugger.eu\/sk\/schools-and-regions\/\">Read More &#8230;<\/a><\/p>\n","protected":false},"author":1,"featured_media":301,"parent":0,"menu_order":0,"comment_status":"closed","ping_status":"closed","template":"","meta":{"ngg_post_thumbnail":0,"pgc_sgb_lightbox_settings":"","footnotes":""},"class_list":["post-94","page","type-page","status-publish","has-post-thumbnail","hentry"],"translation":{"provider":"WPGlobus","version":"3.0.2","language":"sk","enabled_languages":["en","de","es","nl","sk"],"languages":{"en":{"title":true,"content":true,"excerpt":false},"de":{"title":true,"content":true,"excerpt":false},"es":{"title":false,"content":false,"excerpt":false},"nl":{"title":true,"content":true,"excerpt":false},"sk":{"title":true,"content":true,"excerpt":false}}},"_links":{"self":[{"href":"https:\/\/erasmusfugger.eu\/sk\/wp-json\/wp\/v2\/pages\/94","targetHints":{"allow":["GET"]}}],"collection":[{"href":"https:\/\/erasmusfugger.eu\/sk\/wp-json\/wp\/v2\/pages"}],"about":[{"href":"https:\/\/erasmusfugger.eu\/sk\/wp-json\/wp\/v2\/types\/page"}],"author":[{"embeddable":true,"href":"https:\/\/erasmusfugger.eu\/sk\/wp-json\/wp\/v2\/users\/1"}],"replies":[{"embeddable":true,"href":"https:\/\/erasmusfugger.eu\/sk\/wp-json\/wp\/v2\/comments?post=94"}],"version-history":[{"count":14,"href":"https:\/\/erasmusfugger.eu\/sk\/wp-json\/wp\/v2\/pages\/94\/revisions"}],"predecessor-version":[{"id":1263,"href":"https:\/\/erasmusfugger.eu\/sk\/wp-json\/wp\/v2\/pages\/94\/revisions\/1263"}],"wp:featuredmedia":[{"embeddable":true,"href":"https:\/\/erasmusfugger.eu\/sk\/wp-json\/wp\/v2\/media\/301"}],"wp:attachment":[{"href":"https:\/\/erasmusfugger.eu\/sk\/wp-json\/wp\/v2\/media?parent=94"}],"curies":[{"name":"wp","href":"https:\/\/api.w.org\/{rel}","templated":true}]}}